{"id":3,"date":"2025-04-03T10:34:46","date_gmt":"2025-04-03T10:34:46","guid":{"rendered":"https:\/\/belart-gallery.com\/?page_id=3"},"modified":"2025-07-16T10:25:16","modified_gmt":"2025-07-16T10:25:16","slug":"store-policy","status":"publish","type":"page","link":"https:\/\/www.belart-gallery.com\/fr\/store-policy\/","title":{"rendered":"Politique du magasin"},"content":{"rendered":"<div data-elementor-type=\"wp-page\" data-elementor-id=\"3\" class=\"elementor elementor-3\" data-elementor-settings=\"{&quot;ha_cmc_init_switcher&quot;:&quot;no&quot;}\">\n\t\t\t\t<div class=\"elementor-element elementor-element-683a121a e-flex e-con-boxed e-con e-parent\" data-id=\"683a121a\" data-element_type=\"container\" data-e-type=\"container\" data-settings=\"{&quot;_ha_eqh_enable&quot;:false}\">\n\t\t\t\t\t<div class=\"e-con-inner\">\n\t\t\t\t<div class=\"elementor-element elementor-element-b541787 elementor-widget elementor-widget-heading\" data-id=\"b541787\" data-element_type=\"widget\" data-e-type=\"widget\" data-widget_type=\"heading.default\">\n\t\t\t\t<div class=\"elementor-widget-container\">\n\t\t\t\t\t<h1 class=\"elementor-heading-title elementor-size-default\">Politique du magasin<\/h1>\t\t\t\t<\/div>\n\t\t\t\t<\/div>\n\t\t\t\t<div class=\"elementor-element elementor-element-429a202 elementor-widget elementor-widget-heading\" data-id=\"429a202\" data-element_type=\"widget\" data-e-type=\"widget\" data-widget_type=\"heading.default\">\n\t\t\t\t<div class=\"elementor-widget-container\">\n\t\t\t\t\t<h2 class=\"elementor-heading-title elementor-size-default\">Conditions\n\n<\/h2>\t\t\t\t<\/div>\n\t\t\t\t<\/div>\n\t\t\t\t<div class=\"elementor-element elementor-element-5ed249c elementor-widget elementor-widget-text-editor\" data-id=\"5ed249c\" data-element_type=\"widget\" data-e-type=\"widget\" data-widget_type=\"text-editor.default\">\n\t\t\t\t<div class=\"elementor-widget-container\">\n\t\t\t\t\t\t\t\t\t<p>Veuillez lire attentivement les pr\u00e9sentes conditions d'utilisation du site web (les conditions) avant d'acc\u00e9der \u00e0 ce site. En acc\u00e9dant \u00e0 ce site web et en contrepartie du fait que la galerie BelArt (\"BAG\") vous fournit l'acc\u00e8s \u00e0 ce site web, vous acceptez d'\u00eatre li\u00e9 par ces conditions. Si vous n'acceptez pas ces conditions, n'utilisez pas ce site web. Ce site web est d\u00e9tenu et exploit\u00e9 par la BAG.<\/p>\t\t\t\t\t\t\t\t<\/div>\n\t\t\t\t<\/div>\n\t\t\t\t<div class=\"elementor-element elementor-element-276b1d1 elementor-widget elementor-widget-heading\" data-id=\"276b1d1\" data-element_type=\"widget\" data-e-type=\"widget\" data-widget_type=\"heading.default\">\n\t\t\t\t<div class=\"elementor-widget-container\">\n\t\t\t\t\t<h2 class=\"elementor-heading-title elementor-size-default\">Commandes\n\n\n<\/h2>\t\t\t\t<\/div>\n\t\t\t\t<\/div>\n\t\t\t\t<div class=\"elementor-element elementor-element-c7f7ad9 elementor-widget elementor-widget-text-editor\" data-id=\"c7f7ad9\" data-element_type=\"widget\" data-e-type=\"widget\" data-widget_type=\"text-editor.default\">\n\t\t\t\t<div class=\"elementor-widget-container\">\n\t\t\t\t\t\t\t\t\t<p>En passant commande de produits sur ce site web, vous vous engagez \u00e0 acheter ces produits conform\u00e9ment aux pr\u00e9sentes conditions. Lorsque vous passez une commande, toutes les informations que vous fournissez doivent \u00eatre compl\u00e8tes et exactes et vous devez \u00eatre un utilisateur autoris\u00e9 de la carte de cr\u00e9dit fournie \u00e0 BAG. Toutes les commandes sont soumises \u00e0 la disponibilit\u00e9 et \u00e0 la confirmation du prix d'achat. En cas d'erreur dans le prix des marchandises que vous avez command\u00e9es, BAG vous en informera et vous donnera la possibilit\u00e9 d'acheter l'article au prix correct ou d'annuler la commande. Tous les prix annonc\u00e9s sont susceptibles d'\u00eatre modifi\u00e9s sans pr\u00e9avis. Pour les clients situ\u00e9s en dehors de l'Europe, vous \u00eates responsable de tous les droits de douane, taxes, accises ou autres droits qui peuvent \u00eatre impos\u00e9s par les autorit\u00e9s douani\u00e8res locales.\u00a0<\/p>\t\t\t\t\t\t\t\t<\/div>\n\t\t\t\t<\/div>\n\t\t\t\t<div class=\"elementor-element elementor-element-22bce81 elementor-widget elementor-widget-heading\" data-id=\"22bce81\" data-element_type=\"widget\" data-e-type=\"widget\" data-widget_type=\"heading.default\">\n\t\t\t\t<div class=\"elementor-widget-container\">\n\t\t\t\t\t<h2 class=\"elementor-heading-title elementor-size-default\">Livraison\n\n<\/h2>\t\t\t\t<\/div>\n\t\t\t\t<\/div>\n\t\t\t\t<div class=\"elementor-element elementor-element-fb4aebe elementor-widget elementor-widget-text-editor\" data-id=\"fb4aebe\" data-element_type=\"widget\" data-e-type=\"widget\" data-widget_type=\"text-editor.default\">\n\t\t\t\t<div class=\"elementor-widget-container\">\n\t\t\t\t\t\t\t\t\t<p>Les d\u00e9lais de livraison varient en fonction de la disponibilit\u00e9 du produit que vous avez command\u00e9. BAG n'est pas responsable des retards de livraison ind\u00e9pendants de sa volont\u00e9.<\/p>\t\t\t\t\t\t\t\t<\/div>\n\t\t\t\t<\/div>\n\t\t\t\t<div class=\"elementor-element elementor-element-4c25165 elementor-widget elementor-widget-heading\" data-id=\"4c25165\" data-element_type=\"widget\" data-e-type=\"widget\" data-widget_type=\"heading.default\">\n\t\t\t\t<div class=\"elementor-widget-container\">\n\t\t\t\t\t<h2 class=\"elementor-heading-title elementor-size-default\">Retours\n<\/h2>\t\t\t\t<\/div>\n\t\t\t\t<\/div>\n\t\t\t\t<div class=\"elementor-element elementor-element-1eba7e9 elementor-widget elementor-widget-text-editor\" data-id=\"1eba7e9\" data-element_type=\"widget\" data-e-type=\"widget\" data-widget_type=\"text-editor.default\">\n\t\t\t\t<div class=\"elementor-widget-container\">\n\t\t\t\t\t\t\t\t\t<p>Si vous souhaitez retourner des produits que vous avez achet\u00e9s chez BAG, veuillez consulter notre page FAQ pour plus d'informations.<\/p>\t\t\t\t\t\t\t\t<\/div>\n\t\t\t\t<\/div>\n\t\t\t\t<div class=\"elementor-element elementor-element-d8c525d elementor-widget elementor-widget-heading\" data-id=\"d8c525d\" data-element_type=\"widget\" data-e-type=\"widget\" data-widget_type=\"heading.default\">\n\t\t\t\t<div class=\"elementor-widget-container\">\n\t\t\t\t\t<h2 class=\"elementor-heading-title elementor-size-default\">Dessins et mod\u00e8les et propri\u00e9t\u00e9 intellectuelle\n\n<\/h2>\t\t\t\t<\/div>\n\t\t\t\t<\/div>\n\t\t\t\t<div class=\"elementor-element elementor-element-3208ebf elementor-widget elementor-widget-text-editor\" data-id=\"3208ebf\" data-element_type=\"widget\" data-e-type=\"widget\" data-widget_type=\"text-editor.default\">\n\t\t\t\t<div class=\"elementor-widget-container\">\n\t\t\t\t\t\t\t\t\t<p>Toutes les \u0153uvres d'art pr\u00e9sent\u00e9es sur ce site sont des repr\u00e9sentations num\u00e9riques\/prototypes qui ne sont pas vendues \u00e0 des fins commerciales. Elles servent uniquement d'exemples de la qualit\u00e9 et du savoir-faire produits par BAG.<\/p>\t\t\t\t\t\t\t\t<\/div>\n\t\t\t\t<\/div>\n\t\t\t\t<div class=\"elementor-element elementor-element-df65e20 elementor-widget elementor-widget-heading\" data-id=\"df65e20\" data-element_type=\"widget\" data-e-type=\"widget\" data-widget_type=\"heading.default\">\n\t\t\t\t<div class=\"elementor-widget-container\">\n\t\t\t\t\t<h2 class=\"elementor-heading-title elementor-size-default\">Licence d'utilisation du site web\n\n<\/h2>\t\t\t\t<\/div>\n\t\t\t\t<\/div>\n\t\t\t\t<div class=\"elementor-element elementor-element-69ae9dc elementor-widget elementor-widget-text-editor\" data-id=\"69ae9dc\" data-element_type=\"widget\" data-e-type=\"widget\" data-widget_type=\"text-editor.default\">\n\t\t\t\t<div class=\"elementor-widget-container\">\n\t\t\t\t\t\t\t\t\t<p>Vous pouvez : visionner le contenu de ce site web ; acc\u00e9der au contenu de ce site web ; et utiliser ce site web en stricte conformit\u00e9 avec les pr\u00e9sentes conditions. Le t\u00e9l\u00e9chargement de documents contenus dans ce site web \u00e0 des fins de reproduction ne peut se faire qu'avec l'accord \u00e9crit pr\u00e9alable de BAG.<\/p>\t\t\t\t\t\t\t\t<\/div>\n\t\t\t\t<\/div>\n\t\t\t\t<div class=\"elementor-element elementor-element-3c2d8a0 elementor-widget elementor-widget-heading\" data-id=\"3c2d8a0\" data-element_type=\"widget\" data-e-type=\"widget\" data-widget_type=\"heading.default\">\n\t\t\t\t<div class=\"elementor-widget-container\">\n\t\t\t\t\t<h2 class=\"elementor-heading-title elementor-size-default\">Vos obligations\n\n<\/h2>\t\t\t\t<\/div>\n\t\t\t\t<\/div>\n\t\t\t\t<div class=\"elementor-element elementor-element-80362bf elementor-widget elementor-widget-text-editor\" data-id=\"80362bf\" data-element_type=\"widget\" data-e-type=\"widget\" data-widget_type=\"text-editor.default\">\n\t\t\t\t<div class=\"elementor-widget-container\">\n\t\t\t\t\t\t\t\t\t<p>Outre les obligations \u00e9num\u00e9r\u00e9es ailleurs dans les pr\u00e9sentes conditions, vous acceptez :<\/p>\n<p>Ne pas copier ou adapter le contenu de ce site web, ne pas falsifier ce site web, ne pas pr\u00e9senter une fausse identit\u00e9 et ne pas mener d'activit\u00e9s frauduleuses sur le site web ;<\/p>\n<p>Ne pas transmettre ou tenter de transmettre des virus ou s'engager dans une activit\u00e9 de piratage informatique ;<\/p>\n<p>Pour acc\u00e9der \u00e0 ce site web pour un usage personnel uniquement ;<\/p>\n<p>ne pas utiliser le site web en violation de toute loi ou r\u00e9glementation applicable ; et<\/p>\n<p>ne pas interf\u00e9rer avec le site web, ne pas le perturber et ne pas lui imposer une charge excessive<\/p>\n<p>La BAG se r\u00e9serve le droit de bloquer ou de suspendre tout utilisateur de son site web, sans pr\u00e9avis.<\/p>\t\t\t\t\t\t\t\t<\/div>\n\t\t\t\t<\/div>\n\t\t\t\t<div class=\"elementor-element elementor-element-c3ed4b3 elementor-widget elementor-widget-heading\" data-id=\"c3ed4b3\" data-element_type=\"widget\" data-e-type=\"widget\" data-widget_type=\"heading.default\">\n\t\t\t\t<div class=\"elementor-widget-container\">\n\t\t\t\t\t<h2 class=\"elementor-heading-title elementor-size-default\">Vie priv\u00e9e\n\n\n<\/h2>\t\t\t\t<\/div>\n\t\t\t\t<\/div>\n\t\t\t\t<div class=\"elementor-element elementor-element-8ed6ec5 elementor-widget elementor-widget-text-editor\" data-id=\"8ed6ec5\" data-element_type=\"widget\" data-e-type=\"widget\" data-widget_type=\"text-editor.default\">\n\t\t\t\t<div class=\"elementor-widget-container\">\n\t\t\t\t\t\t\t\t\tToutes les informations personnelles que vous fournissez par l'interm\u00e9diaire de ce site web resteront confidentielles et seront utilis\u00e9es aux fins de l'exploitation de BAG.\n\n\t\t\t\t\t\t\t\t<\/div>\n\t\t\t\t<\/div>\n\t\t\t\t<div class=\"elementor-element elementor-element-09ebf2e elementor-widget elementor-widget-heading\" data-id=\"09ebf2e\" data-element_type=\"widget\" data-e-type=\"widget\" data-widget_type=\"heading.default\">\n\t\t\t\t<div class=\"elementor-widget-container\">\n\t\t\t\t\t<h2 class=\"elementor-heading-title elementor-size-default\">Clause de non-responsabilit\u00e9\n\n<\/h2>\t\t\t\t<\/div>\n\t\t\t\t<\/div>\n\t\t\t\t<div class=\"elementor-element elementor-element-7f3c71a elementor-widget elementor-widget-text-editor\" data-id=\"7f3c71a\" data-element_type=\"widget\" data-e-type=\"widget\" data-widget_type=\"text-editor.default\">\n\t\t\t\t<div class=\"elementor-widget-container\">\n\t\t\t\t\t\t\t\t\t<p>SAC :<\/p>\n<p>se r\u00e9serve le droit de modifier, d'ajouter ou de supprimer tout \u00e9l\u00e9ment de ce site web sans pr\u00e9avis ;<\/p>\n<p>ne garantit pas que les fonctions contenues dans ce site web seront ininterrompues ou sans erreur, que les d\u00e9fauts seront corrig\u00e9s ; et<\/p>\n<p>ne garantit pas, ne repr\u00e9sente pas et n'accepte pas la responsabilit\u00e9 de tout site web tiers exploit\u00e9 ou contr\u00f4l\u00e9 par des personnes autres que l'AGB, qui pourrait \u00eatre ou devenir li\u00e9 ou encadr\u00e9 \u00e0 ce site web ou \u00e0 partir de celui-ci ;<\/p>\n<p>ne fait aucune d\u00e9claration et ne donne aucune garantie quant \u00e0 l'exactitude, l'actualit\u00e9 et l'exhaustivit\u00e9 des informations figurant sur le site web ; et<\/p>\n<p>ne garantit pas que les couleurs affich\u00e9es sur le site Internet reproduisent exactement les couleurs des produits, qui peuvent \u00eatre affect\u00e9es par votre \u00e9cran d'ordinateur ou votre appareil mobile<\/p>\n<p>Dans toute la mesure permise par la loi, BAG exclut toute responsabilit\u00e9, y compris la n\u00e9gligence, pour toute perte subie sur la base du contenu de ce site web.<\/p>\t\t\t\t\t\t\t\t<\/div>\n\t\t\t\t<\/div>\n\t\t\t\t<div class=\"elementor-element elementor-element-f2ee2e9 elementor-widget elementor-widget-heading\" data-id=\"f2ee2e9\" data-element_type=\"widget\" data-e-type=\"widget\" data-widget_type=\"heading.default\">\n\t\t\t\t<div class=\"elementor-widget-container\">\n\t\t\t\t\t<h2 class=\"elementor-heading-title elementor-size-default\">Indemnisation et renonciation\n\n\n<\/h2>\t\t\t\t<\/div>\n\t\t\t\t<\/div>\n\t\t\t\t<div class=\"elementor-element elementor-element-428b7d4 elementor-widget elementor-widget-text-editor\" data-id=\"428b7d4\" data-element_type=\"widget\" data-e-type=\"widget\" data-widget_type=\"text-editor.default\">\n\t\t\t\t<div class=\"elementor-widget-container\">\n\t\t\t\t\t\t\t\t\t<p>Dans toute la mesure permise par la loi, vous acceptez d'indemniser BAG en cas de r\u00e9clamation, de responsabilit\u00e9, de dommages et de co\u00fbts de tiers r\u00e9sultant de votre utilisation du site web, des produits ou de votre violation des pr\u00e9sentes conditions. Le fait que BAG n'applique pas \u00e0 tout moment l'une des pr\u00e9sentes conditions ne doit pas \u00eatre interpr\u00e9t\u00e9 ou consid\u00e9r\u00e9 comme une renonciation aux droits de BAG en vertu des pr\u00e9sentes conditions.<\/p>\t\t\t\t\t\t\t\t<\/div>\n\t\t\t\t<\/div>\n\t\t\t\t<div class=\"elementor-element elementor-element-c3ca729 elementor-widget elementor-widget-heading\" data-id=\"c3ca729\" data-element_type=\"widget\" data-e-type=\"widget\" data-widget_type=\"heading.default\">\n\t\t\t\t<div class=\"elementor-widget-container\">\n\t\t\t\t\t<h2 class=\"elementor-heading-title elementor-size-default\">Modifications des conditions et annulation des clauses\n\n<\/h2>\t\t\t\t<\/div>\n\t\t\t\t<\/div>\n\t\t\t\t<div class=\"elementor-element elementor-element-6f10111 elementor-widget elementor-widget-text-editor\" data-id=\"6f10111\" data-element_type=\"widget\" data-e-type=\"widget\" data-widget_type=\"text-editor.default\">\n\t\t\t\t<div class=\"elementor-widget-container\">\n\t\t\t\t\t\t\t\t\t<p>La BAG se r\u00e9serve le droit de modifier les pr\u00e9sentes conditions de temps \u00e0 autre sans pr\u00e9avis. Les conditions modifi\u00e9es entrent en vigueur \u00e0 partir du moment o\u00f9 elles sont publi\u00e9es sur le site web. Si une clause des pr\u00e9sentes conditions est invalide, nulle, ill\u00e9gale ou inapplicable pour quelque raison que ce soit, cette clause sera supprim\u00e9e des conditions et le reste des conditions demeurera pleinement en vigueur.<\/p>\t\t\t\t\t\t\t\t<\/div>\n\t\t\t\t<\/div>\n\t\t\t\t<div class=\"elementor-element elementor-element-c26785f elementor-widget elementor-widget-heading\" data-id=\"c26785f\" data-element_type=\"widget\" data-e-type=\"widget\" data-widget_type=\"heading.default\">\n\t\t\t\t<div class=\"elementor-widget-container\">\n\t\t\t\t\t<h2 class=\"elementor-heading-title elementor-size-default\">Comp\u00e9tence\n\n<\/h2>\t\t\t\t<\/div>\n\t\t\t\t<\/div>\n\t\t\t\t<div class=\"elementor-element elementor-element-05e69b7 elementor-widget elementor-widget-text-editor\" data-id=\"05e69b7\" data-element_type=\"widget\" data-e-type=\"widget\" data-widget_type=\"text-editor.default\">\n\t\t\t\t<div class=\"elementor-widget-container\">\n\t\t\t\t\t\t\t\t\t<p>Les pr\u00e9sentes conditions sont r\u00e9gies par le droit europ\u00e9en.<\/p>\t\t\t\t\t\t\t\t<\/div>\n\t\t\t\t<\/div>\n\t\t\t\t<div class=\"elementor-element elementor-element-20dc4c8 elementor-widget elementor-widget-heading\" data-id=\"20dc4c8\" data-element_type=\"widget\" data-e-type=\"widget\" data-widget_type=\"heading.default\">\n\t\t\t\t<div class=\"elementor-widget-container\">\n\t\t\t\t\t<h2 class=\"elementor-heading-title elementor-size-default\">LES MODES DE PAIEMENT\n<\/h2>\t\t\t\t<\/div>\n\t\t\t\t<\/div>\n\t\t\t\t<div class=\"elementor-element elementor-element-0ae6fa2 elementor-widget elementor-widget-text-editor\" data-id=\"0ae6fa2\" data-element_type=\"widget\" data-e-type=\"widget\" data-widget_type=\"text-editor.default\">\n\t\t\t\t<div class=\"elementor-widget-container\">\n\t\t\t\t\t\t\t\t\t<p>Cartes de cr\u00e9dit \/ d\u00e9bit<\/p>\n<p>Virements bancaires<\/p>\n<p>Bancontact<\/p>\t\t\t\t\t\t\t\t<\/div>\n\t\t\t\t<\/div>\n\t\t\t\t\t<\/div>\n\t\t\t\t<\/div>\n\t\t\t\t<\/div>","protected":false},"excerpt":{"rendered":"<p>Store policy Terms Please read these website Terms and Conditions (Terms) carefully before accessing this website. By accessing this website and in consideration of BelArt Gallery (\u201cBAG\u201d) providing you with access to this website, you agree to be bound by these Terms. If you do not agree to these Terms, do not use this website. [&hellip;]<\/p>","protected":false},"author":1,"featured_media":0,"parent":0,"menu_order":0,"comment_status":"closed","ping_status":"closed","template":"","meta":{"_acf_changed":false,"inline_featured_image":false,"_monsterinsights_skip_tracking":false,"_monsterinsights_sitenote_active":false,"_monsterinsights_sitenote_note":"","_monsterinsights_sitenote_category":0,"footnotes":""},"class_list":["post-3","page","type-page","status-publish","hentry"],"acf":[],"_links":{"self":[{"href":"https:\/\/www.belart-gallery.com\/fr\/wp-json\/wp\/v2\/pages\/3","targetHints":{"allow":["GET"]}}],"collection":[{"href":"https:\/\/www.belart-gallery.com\/fr\/wp-json\/wp\/v2\/pages"}],"about":[{"href":"https:\/\/www.belart-gallery.com\/fr\/wp-json\/wp\/v2\/types\/page"}],"author":[{"embeddable":true,"href":"https:\/\/www.belart-gallery.com\/fr\/wp-json\/wp\/v2\/users\/1"}],"replies":[{"embeddable":true,"href":"https:\/\/www.belart-gallery.com\/fr\/wp-json\/wp\/v2\/comments?post=3"}],"version-history":[{"count":10,"href":"https:\/\/www.belart-gallery.com\/fr\/wp-json\/wp\/v2\/pages\/3\/revisions"}],"predecessor-version":[{"id":11066,"href":"https:\/\/www.belart-gallery.com\/fr\/wp-json\/wp\/v2\/pages\/3\/revisions\/11066"}],"wp:attachment":[{"href":"https:\/\/www.belart-gallery.com\/fr\/wp-json\/wp\/v2\/media?parent=3"}],"curies":[{"name":"wp","href":"https:\/\/api.w.org\/{rel}","templated":true}]}}