{"id":10511,"date":"2025-06-19T17:54:08","date_gmt":"2025-06-19T17:54:08","guid":{"rendered":"https:\/\/belart-gallery.com\/?post_type=product&#038;p=10511"},"modified":"2025-10-03T02:19:35","modified_gmt":"2025-10-03T02:19:35","slug":"10511","status":"publish","type":"product","link":"https:\/\/www.belart-gallery.com\/fr\/product-page\/lincoln-townley-winner\/","title":{"rendered":"Gagnant"},"content":{"rendered":"<p><i>Exclusivit\u00e9 de la galerie Belart.<\/i><br \/>\n<i>\"GAGNANT\"<\/i> de Lincoln Townley est une s\u00e9rigraphie embellie unique qui capture l'intensit\u00e9 brute de l'ambition et le c\u00f4t\u00e9 sombre du triomphe. Avec des \u00e9claboussures vibrantes de jaune, de rouge et de bleu \u00e9lectrique qui jaillissent sur une figure squelettique obs\u00e9dante, l'\u0153uvre \u00e9voque \u00e0 la fois la puissance et la vuln\u00e9rabilit\u00e9. Le mot <strong>GAGNANT<\/strong>Le tableau, peint en jaune graphique et soulign\u00e9 de bleu, devient \u00e0 la fois une d\u00e9claration et une question : qu'est-ce que gagner signifie vraiment ? Finie avec des embellissements faits \u00e0 la main par l'artiste lui-m\u00eame, cette pi\u00e8ce singuli\u00e8re rayonne d'une individualit\u00e9 f\u00e9roce et d'un impact \u00e9motionnel.<\/p>","protected":false},"excerpt":{"rendered":"<p>Exclusive to Belart Gallery. \u201cWINNER\u201d by Lincoln Townley is a one-of-one embellished screen print that captures the raw intensity of ambition and the darker side of triumph. With vibrant splashes of yellow, red, and electric blue erupting across a haunting skeletal figure, the piece evokes both power and vulnerability. The word WINNER, boldly painted in [&hellip;]<\/p>","protected":false},"featured_media":10512,"template":"","meta":{"_acf_changed":false,"inline_featured_image":false,"_monsterinsights_skip_tracking":false,"_monsterinsights_sitenote_active":false,"_monsterinsights_sitenote_note":"","_monsterinsights_sitenote_category":0},"product_brand":[174],"product_cat":[33,233],"product_tag":[134,170],"department":[],"class_list":{"0":"post-10511","1":"product","2":"type-product","3":"status-publish","4":"has-post-thumbnail","6":"product_brand-lincoln-townley","7":"product_cat-outsider-art","8":"product_cat-print","9":"product_tag-portrait","10":"product_tag-text","11":"product_shipping_class-small","13":"first","14":"instock","15":"sold-individually","16":"shipping-taxable","17":"purchasable","18":"product-type-simple"},"acf":[],"_links":{"self":[{"href":"https:\/\/www.belart-gallery.com\/fr\/wp-json\/wp\/v2\/product\/10511","targetHints":{"allow":["GET"]}}],"collection":[{"href":"https:\/\/www.belart-gallery.com\/fr\/wp-json\/wp\/v2\/product"}],"about":[{"href":"https:\/\/www.belart-gallery.com\/fr\/wp-json\/wp\/v2\/types\/product"}],"version-history":[{"count":0,"href":"https:\/\/www.belart-gallery.com\/fr\/wp-json\/wp\/v2\/product\/10511\/revisions"}],"wp:featuredmedia":[{"embeddable":true,"href":"https:\/\/www.belart-gallery.com\/fr\/wp-json\/wp\/v2\/media\/10512"}],"wp:attachment":[{"href":"https:\/\/www.belart-gallery.com\/fr\/wp-json\/wp\/v2\/media?parent=10511"}],"wp:term":[{"taxonomy":"product_brand","embeddable":true,"href":"https:\/\/www.belart-gallery.com\/fr\/wp-json\/wp\/v2\/product_brand?post=10511"},{"taxonomy":"product_cat","embeddable":true,"href":"https:\/\/www.belart-gallery.com\/fr\/wp-json\/wp\/v2\/product_cat?post=10511"},{"taxonomy":"product_tag","embeddable":true,"href":"https:\/\/www.belart-gallery.com\/fr\/wp-json\/wp\/v2\/product_tag?post=10511"},{"taxonomy":"department","embeddable":true,"href":"https:\/\/www.belart-gallery.com\/fr\/wp-json\/wp\/v2\/department?post=10511"}],"curies":[{"name":"wp","href":"https:\/\/api.w.org\/{rel}","templated":true}]}}