{"id":10548,"date":"2025-06-20T10:00:46","date_gmt":"2025-06-20T10:00:46","guid":{"rendered":"https:\/\/belart-gallery.com\/?post_type=product&#038;p=10548"},"modified":"2026-03-16T15:16:49","modified_gmt":"2026-03-16T15:16:49","slug":"money-lincoln-townley","status":"publish","type":"product","link":"https:\/\/www.belart-gallery.com\/fr\/product-page\/money-lincoln-townley\/","title":{"rendered":"L'argent"},"content":{"rendered":"<p><i>Exclusivit\u00e9 de la galerie Belart.<\/i><\/p>\n<p><i>\"MONEY\"<\/i> explore la s\u00e9duction et la d\u00e9cadence qui se cachent derri\u00e8re la poursuite de la richesse. Dans cette s\u00e9rigraphie unique, le style visc\u00e9ral de Townley confronte le spectateur \u00e0 une figure d\u00e9form\u00e9e ressemblant \u00e0 un cr\u00e2ne, drap\u00e9e dans l'aura du pouvoir de l'entreprise et assombrie par la peur existentielle. Le fond rose fluorescent et la typographie agressivement stylis\u00e9e soulignent la tension entre l'attrait et la destruction. Orn\u00e9e et sign\u00e9e \u00e0 la main, cette \u00e9dition 1\/1 est un commentaire provocateur sur l'obsession mat\u00e9rielle, rendu dans la palette explosive caract\u00e9ristique de Townley.<\/p>","protected":false},"excerpt":{"rendered":"<p>Exclusive to Belart Gallery. \u201cMONEY\u201d explores the seduction and decay behind the pursuit of wealth. In this one-of-a-kind screen print, Townley\u2019s visceral style confronts the viewer with a distorted skull-like figure, draped in the aura of corporate power and shadowed by existential dread. The fluorescent pink background and aggressively stylized typography underscore the tension between [&hellip;]<\/p>","protected":false},"featured_media":10549,"template":"","meta":{"_acf_changed":false,"inline_featured_image":false,"_monsterinsights_skip_tracking":false,"_monsterinsights_sitenote_active":false,"_monsterinsights_sitenote_note":"","_monsterinsights_sitenote_category":0},"product_brand":[174],"product_cat":[33,233],"product_tag":[225,134,170],"department":[],"class_list":{"0":"post-10548","1":"product","2":"type-product","3":"status-publish","4":"has-post-thumbnail","6":"product_brand-lincoln-townley","7":"product_cat-outsider-art","8":"product_cat-print","9":"product_tag-money","10":"product_tag-portrait","11":"product_tag-text","12":"product_shipping_class-small","14":"first","15":"instock","16":"sold-individually","17":"shipping-taxable","18":"purchasable","19":"product-type-simple"},"acf":[],"_links":{"self":[{"href":"https:\/\/www.belart-gallery.com\/fr\/wp-json\/wp\/v2\/product\/10548","targetHints":{"allow":["GET"]}}],"collection":[{"href":"https:\/\/www.belart-gallery.com\/fr\/wp-json\/wp\/v2\/product"}],"about":[{"href":"https:\/\/www.belart-gallery.com\/fr\/wp-json\/wp\/v2\/types\/product"}],"version-history":[{"count":0,"href":"https:\/\/www.belart-gallery.com\/fr\/wp-json\/wp\/v2\/product\/10548\/revisions"}],"wp:featuredmedia":[{"embeddable":true,"href":"https:\/\/www.belart-gallery.com\/fr\/wp-json\/wp\/v2\/media\/10549"}],"wp:attachment":[{"href":"https:\/\/www.belart-gallery.com\/fr\/wp-json\/wp\/v2\/media?parent=10548"}],"wp:term":[{"taxonomy":"product_brand","embeddable":true,"href":"https:\/\/www.belart-gallery.com\/fr\/wp-json\/wp\/v2\/product_brand?post=10548"},{"taxonomy":"product_cat","embeddable":true,"href":"https:\/\/www.belart-gallery.com\/fr\/wp-json\/wp\/v2\/product_cat?post=10548"},{"taxonomy":"product_tag","embeddable":true,"href":"https:\/\/www.belart-gallery.com\/fr\/wp-json\/wp\/v2\/product_tag?post=10548"},{"taxonomy":"department","embeddable":true,"href":"https:\/\/www.belart-gallery.com\/fr\/wp-json\/wp\/v2\/department?post=10548"}],"curies":[{"name":"wp","href":"https:\/\/api.w.org\/{rel}","templated":true}]}}