{"id":10851,"date":"2025-07-03T12:58:50","date_gmt":"2025-07-03T12:58:50","guid":{"rendered":"https:\/\/belart-gallery.com\/?post_type=product&#038;p=10851"},"modified":"2026-03-16T15:17:05","modified_gmt":"2026-03-16T15:17:05","slug":"formentera-beach-10-karine-bartoli","status":"publish","type":"product","link":"https:\/\/www.belart-gallery.com\/fr\/product-page\/formentera-beach-10-karine-bartoli\/","title":{"rendered":"Plage de Formentera 10"},"content":{"rendered":"<div>\n<div>\n<div>\n<div>\n<div>\n<div>\n<p>L'\u0153uvre peut \u00eatre retir\u00e9e \u00e0 la galerie BelArt \u00e0 Bruxelles, Belgique, ou peut \u00eatre livr\u00e9e \u00e0 l'adresse de votre choix dans un d\u00e9lai de 2 \u00e0 3 semaines apr\u00e8s la confirmation de votre commande. L'\u0153uvre est assur\u00e9e pendant le transport, il n'y a donc aucun risque. Origine : Belgique : Belgique.<\/p>\n<p>Cette \u0153uvre d'art capture une sc\u00e8ne de plage anim\u00e9e, repr\u00e9sentant trois personnages en maillot de bain d\u00e9contract\u00e9 se tenant au bord de l'eau. Au premier plan, un homme v\u00eatu d'un short jaune et d'un t-shirt gris affiche une attitude d\u00e9tendue. \u00c0 ses c\u00f4t\u00e9s, une femme en bonnet de bain rose et bikini vert semble s'appliquer de la cr\u00e8me solaire, ajoutant une touche dynamique \u00e0 la composition. Un homme torse nu en maillot de bain clair compl\u00e8te le trio, contribuant \u00e0 l'atmosph\u00e8re d\u00e9contract\u00e9e de la plage. La mer d'un bleu cristallin s'\u00e9tend vers des montagnes brumeuses au loin, tandis que des baigneurs dispers\u00e9s animent l'arri\u00e8re-plan. L'artiste utilise magistralement la lumi\u00e8re naturelle, projetant des ombres r\u00e9alistes et mettant en valeur les personnages sur le sable brillant. Le jeu des couleurs vives et des \u00e9l\u00e9ments naturels sereins souligne l'essence \u00e0 la fois vivante et tranquille d'une journ\u00e9e pass\u00e9e au bord de la mer, tandis que la repr\u00e9sentation d\u00e9taill\u00e9e de l'interaction humaine ajoute de la profondeur et de la narration \u00e0 l'\u0153uvre.<\/p>\n<\/div>\n<\/div>\n<\/div>\n<div>\n<div>\n<div><\/div>\n<\/div>\n<\/div>\n<\/div>\n<\/div>\n<\/div>","protected":false},"excerpt":{"rendered":"<p>The artwork is available for pickup at BelArt Gallery in Brussels, Belgium, or it can be delivered to the address of your choice within 2 to 3 weeks after your order is confirmed. The artwork is insured during transportation, so there&#8217;s no risk. Origin: Belgium. This artwork captures a vibrant beach scene, depicting three figures [&hellip;]<\/p>","protected":false},"featured_media":10852,"template":"","meta":{"_acf_changed":false,"inline_featured_image":false,"_monsterinsights_skip_tracking":false,"_monsterinsights_sitenote_active":false,"_monsterinsights_sitenote_note":"","_monsterinsights_sitenote_category":0},"product_brand":[256],"product_cat":[36,167],"product_tag":[126,129,244,247],"department":[],"class_list":{"0":"post-10851","1":"product","2":"type-product","3":"status-publish","4":"has-post-thumbnail","6":"product_brand-karine-bartoli","7":"product_cat-painting","8":"product_cat-figurative","9":"product_tag-figurative","10":"product_tag-landscape-artwork","11":"product_tag-nature","12":"product_tag-seascape","13":"product_shipping_class-medium","15":"first","16":"instock","17":"featured","18":"sold-individually","19":"shipping-taxable","20":"purchasable","21":"product-type-simple"},"acf":[],"_links":{"self":[{"href":"https:\/\/www.belart-gallery.com\/fr\/wp-json\/wp\/v2\/product\/10851","targetHints":{"allow":["GET"]}}],"collection":[{"href":"https:\/\/www.belart-gallery.com\/fr\/wp-json\/wp\/v2\/product"}],"about":[{"href":"https:\/\/www.belart-gallery.com\/fr\/wp-json\/wp\/v2\/types\/product"}],"version-history":[{"count":0,"href":"https:\/\/www.belart-gallery.com\/fr\/wp-json\/wp\/v2\/product\/10851\/revisions"}],"wp:featuredmedia":[{"embeddable":true,"href":"https:\/\/www.belart-gallery.com\/fr\/wp-json\/wp\/v2\/media\/10852"}],"wp:attachment":[{"href":"https:\/\/www.belart-gallery.com\/fr\/wp-json\/wp\/v2\/media?parent=10851"}],"wp:term":[{"taxonomy":"product_brand","embeddable":true,"href":"https:\/\/www.belart-gallery.com\/fr\/wp-json\/wp\/v2\/product_brand?post=10851"},{"taxonomy":"product_cat","embeddable":true,"href":"https:\/\/www.belart-gallery.com\/fr\/wp-json\/wp\/v2\/product_cat?post=10851"},{"taxonomy":"product_tag","embeddable":true,"href":"https:\/\/www.belart-gallery.com\/fr\/wp-json\/wp\/v2\/product_tag?post=10851"},{"taxonomy":"department","embeddable":true,"href":"https:\/\/www.belart-gallery.com\/fr\/wp-json\/wp\/v2\/department?post=10851"}],"curies":[{"name":"wp","href":"https:\/\/api.w.org\/{rel}","templated":true}]}}