{"id":10965,"date":"2025-07-11T13:05:53","date_gmt":"2025-07-11T13:05:53","guid":{"rendered":"https:\/\/belart-gallery.com\/?post_type=product&#038;p=10965"},"modified":"2025-12-01T11:30:57","modified_gmt":"2025-12-01T11:30:57","slug":"all-that-glitter-is-not-gold-nikolaos-schizas","status":"publish","type":"product","link":"https:\/\/www.belart-gallery.com\/fr\/product-page\/all-that-glitter-is-not-gold-nikolaos-schizas\/","title":{"rendered":"Toutes ces paillettes ne sont pas de l'or"},"content":{"rendered":"<p>L'\u0153uvre peut \u00eatre retir\u00e9e \u00e0 la galerie BelArt \u00e0 Bruxelles, Belgique, ou peut \u00eatre livr\u00e9e \u00e0 l'adresse de votre choix dans un d\u00e9lai de 2 \u00e0 3 semaines apr\u00e8s la confirmation de votre commande. L'\u0153uvre est assur\u00e9e pendant le transport, il n'y a donc aucun risque. Origine : Belgique Belgique<\/p>\n<p>Cette \u0153uvre d'art est un exemple frappant d'abstraction minimaliste, o\u00f9 des traits fluides, semblables \u00e0 des plumes, balaient gracieusement une toile d'un blanc immacul\u00e9. Les lignes d\u00e9licates sugg\u00e8rent un sens du mouvement, semblable \u00e0 un doux battement d'ailes, cr\u00e9ant une exp\u00e9rience visuelle \u00e0 la fois sereine et dynamique. De subtiles nuances d'or passant progressivement \u00e0 un ocre doux offrent un contraste chaleureux avec l'arri\u00e8re-plan aust\u00e8re, renfor\u00e7ant la qualit\u00e9 \u00e9th\u00e9r\u00e9e de l'\u0153uvre. L'\u00e9l\u00e9gante simplicit\u00e9 de la composition attire l'attention sur la ma\u00eetrise de la forme et de la couleur par l'artiste, \u00e9voquant des sentiments de calme et d'introspection. Cette \u0153uvre se distingue par sa capacit\u00e9 \u00e0 transmettre profondeur et \u00e9motion par le biais d'\u00e9l\u00e9ments minimalistes, invitant les spectateurs \u00e0 explorer l'\u00e9quilibre entre tranquillit\u00e9 et \u00e9nergie. La sophistication de l'\u0153uvre r\u00e9side dans sa capacit\u00e9 \u00e0 transformer la simplicit\u00e9 en un r\u00e9cit visuel profond.<\/p>","protected":false},"excerpt":{"rendered":"<p>The artwork is available for pickup at BelArt Gallery in Brussels, Belgium, or it can be delivered to the address of your choice within 2 to 3 weeks after your order is confirmed. The artwork is insured during transportation, so there&#8217;s no risk. Origin: Belgium This artwork is a striking example of minimalist abstraction, where [&hellip;]<\/p>","protected":false},"featured_media":10966,"template":"","meta":{"_acf_changed":false,"inline_featured_image":false,"_monsterinsights_skip_tracking":false,"_monsterinsights_sitenote_active":false,"_monsterinsights_sitenote_note":"","_monsterinsights_sitenote_category":0},"product_brand":[184],"product_cat":[27,36],"product_tag":[117,262,131,139],"department":[],"class_list":{"0":"post-10965","1":"product","2":"type-product","3":"status-publish","4":"has-post-thumbnail","6":"product_brand-nikolaos-schizas","7":"product_cat-abstract","8":"product_cat-painting","9":"product_tag-abstract-art","10":"product_tag-large-size","11":"product_tag-minimalism","12":"product_tag-textured-art","13":"product_shipping_class-extra-large","15":"first","16":"outofstock","17":"sold-individually","18":"shipping-taxable","19":"purchasable","20":"product-type-simple"},"acf":[],"_links":{"self":[{"href":"https:\/\/www.belart-gallery.com\/fr\/wp-json\/wp\/v2\/product\/10965","targetHints":{"allow":["GET"]}}],"collection":[{"href":"https:\/\/www.belart-gallery.com\/fr\/wp-json\/wp\/v2\/product"}],"about":[{"href":"https:\/\/www.belart-gallery.com\/fr\/wp-json\/wp\/v2\/types\/product"}],"version-history":[{"count":0,"href":"https:\/\/www.belart-gallery.com\/fr\/wp-json\/wp\/v2\/product\/10965\/revisions"}],"wp:featuredmedia":[{"embeddable":true,"href":"https:\/\/www.belart-gallery.com\/fr\/wp-json\/wp\/v2\/media\/10966"}],"wp:attachment":[{"href":"https:\/\/www.belart-gallery.com\/fr\/wp-json\/wp\/v2\/media?parent=10965"}],"wp:term":[{"taxonomy":"product_brand","embeddable":true,"href":"https:\/\/www.belart-gallery.com\/fr\/wp-json\/wp\/v2\/product_brand?post=10965"},{"taxonomy":"product_cat","embeddable":true,"href":"https:\/\/www.belart-gallery.com\/fr\/wp-json\/wp\/v2\/product_cat?post=10965"},{"taxonomy":"product_tag","embeddable":true,"href":"https:\/\/www.belart-gallery.com\/fr\/wp-json\/wp\/v2\/product_tag?post=10965"},{"taxonomy":"department","embeddable":true,"href":"https:\/\/www.belart-gallery.com\/fr\/wp-json\/wp\/v2\/department?post=10965"}],"curies":[{"name":"wp","href":"https:\/\/api.w.org\/{rel}","templated":true}]}}