{"id":10978,"date":"2025-07-11T14:05:20","date_gmt":"2025-07-11T14:05:20","guid":{"rendered":"https:\/\/belart-gallery.com\/?post_type=product&#038;p=10978"},"modified":"2025-07-18T09:54:44","modified_gmt":"2025-07-18T09:54:44","slug":"new-born-nikolaos-schizas","status":"publish","type":"product","link":"https:\/\/www.belart-gallery.com\/fr\/product-page\/new-born-nikolaos-schizas\/","title":{"rendered":"Nouveau n\u00e9"},"content":{"rendered":"<p>L'\u0153uvre peut \u00eatre retir\u00e9e \u00e0 la galerie BelArt \u00e0 Bruxelles, Belgique, ou peut \u00eatre livr\u00e9e \u00e0 l'adresse de votre choix dans un d\u00e9lai de 2 \u00e0 3 semaines apr\u00e8s la confirmation de votre commande. L'\u0153uvre est assur\u00e9e pendant le transport, il n'y a donc aucun risque. Origine : Belgique Belgique<\/p>\n<p>Cette \u0153uvre d'art abstraite attire l'attention par son jeu dynamique de coups de pinceau audacieux qui s'\u00e9coulent sur la toile dans une \u00e9treinte magistrale de mouvement et d'\u00e9nergie. Cette \u0153uvre d'art abstraite attire l'attention par son jeu dynamique de coups de pinceau audacieux qui s'\u00e9tendent sur la toile dans un \u00e9lan de mouvement et d'\u00e9nergie. La superposition m\u00e9ticuleuse des couches de peinture cr\u00e9e un sentiment de profondeur et de dimension, invitant le spectateur \u00e0 explorer les textures complexes et les transitions fluides. Les couleurs contrast\u00e9es et les formes fluides donnent l'impression d'un chaos contr\u00f4l\u00e9, capturant un moment \u00e0 la fois spontan\u00e9 et d\u00e9lib\u00e9r\u00e9. Cette \u0153uvre d'art illustre la beaut\u00e9 de l'abstraction, o\u00f9 l'\u00e9motion et l'expression triomphent des formes repr\u00e9sentatives, ce qui en fait une exp\u00e9rience visuelle unique et captivante.<\/p>","protected":false},"excerpt":{"rendered":"<p>The artwork is available for pickup at BelArt Gallery in Brussels, Belgium, or it can be delivered to the address of your choice within 2 to 3 weeks after your order is confirmed. The artwork is insured during transportation, so there&#8217;s no risk. Origin: Belgium By Nikolaos Schizas.This abstract artwork commands attention with its dynamic [&hellip;]<\/p>","protected":false},"featured_media":10979,"template":"","meta":{"_acf_changed":false,"inline_featured_image":false,"_monsterinsights_skip_tracking":false,"_monsterinsights_sitenote_active":false,"_monsterinsights_sitenote_note":"","_monsterinsights_sitenote_category":0},"product_brand":[184],"product_cat":[27,36],"product_tag":[117,262,131,139],"department":[],"class_list":{"0":"post-10978","1":"product","2":"type-product","3":"status-publish","4":"has-post-thumbnail","6":"product_brand-nikolaos-schizas","7":"product_cat-abstract","8":"product_cat-painting","9":"product_tag-abstract-art","10":"product_tag-large-size","11":"product_tag-minimalism","12":"product_tag-textured-art","13":"product_shipping_class-large","15":"first","16":"instock","17":"sold-individually","18":"shipping-taxable","19":"purchasable","20":"product-type-simple"},"acf":[],"_links":{"self":[{"href":"https:\/\/www.belart-gallery.com\/fr\/wp-json\/wp\/v2\/product\/10978","targetHints":{"allow":["GET"]}}],"collection":[{"href":"https:\/\/www.belart-gallery.com\/fr\/wp-json\/wp\/v2\/product"}],"about":[{"href":"https:\/\/www.belart-gallery.com\/fr\/wp-json\/wp\/v2\/types\/product"}],"version-history":[{"count":0,"href":"https:\/\/www.belart-gallery.com\/fr\/wp-json\/wp\/v2\/product\/10978\/revisions"}],"wp:featuredmedia":[{"embeddable":true,"href":"https:\/\/www.belart-gallery.com\/fr\/wp-json\/wp\/v2\/media\/10979"}],"wp:attachment":[{"href":"https:\/\/www.belart-gallery.com\/fr\/wp-json\/wp\/v2\/media?parent=10978"}],"wp:term":[{"taxonomy":"product_brand","embeddable":true,"href":"https:\/\/www.belart-gallery.com\/fr\/wp-json\/wp\/v2\/product_brand?post=10978"},{"taxonomy":"product_cat","embeddable":true,"href":"https:\/\/www.belart-gallery.com\/fr\/wp-json\/wp\/v2\/product_cat?post=10978"},{"taxonomy":"product_tag","embeddable":true,"href":"https:\/\/www.belart-gallery.com\/fr\/wp-json\/wp\/v2\/product_tag?post=10978"},{"taxonomy":"department","embeddable":true,"href":"https:\/\/www.belart-gallery.com\/fr\/wp-json\/wp\/v2\/department?post=10978"}],"curies":[{"name":"wp","href":"https:\/\/api.w.org\/{rel}","templated":true}]}}