{"id":11004,"date":"2025-07-11T18:19:47","date_gmt":"2025-07-11T18:19:47","guid":{"rendered":"https:\/\/belart-gallery.com\/?post_type=product&#038;p=11004"},"modified":"2025-07-28T14:29:15","modified_gmt":"2025-07-28T14:29:15","slug":"migration-ralph-resch","status":"publish","type":"product","link":"https:\/\/www.belart-gallery.com\/fr\/product-page\/migration-ralph-resch\/","title":{"rendered":"Migration"},"content":{"rendered":"<p>L'\u0153uvre peut \u00eatre retir\u00e9e \u00e0 la galerie BelArt \u00e0 Bruxelles, Belgique, ou peut \u00eatre livr\u00e9e \u00e0 l'adresse de votre choix dans un d\u00e9lai de 2 \u00e0 3 semaines apr\u00e8s la confirmation de votre commande. L'\u0153uvre est assur\u00e9e pendant le transport, il n'y a donc aucun risque. Origine : Belgique Belgique<\/p>\n<p>Cette \u0153uvre d'art est une composition saisissante qui m\u00eale magistralement des \u00e9l\u00e9ments abstraits et paysagers. La partie sup\u00e9rieure pr\u00e9sente des tons beige terreux avec des traits dynamiques en diagonale qui \u00e9voquent un sentiment de mouvement et de profondeur. En bas, un bleu riche et profond domine, contrastant avec les teintes terreuses du haut et sugg\u00e9rant une \u00e9tendue d'eau ou un littoral serein. De d\u00e9licates lignes verticales s'\u00e9l\u00e8vent au centre, \u00e9voquant des arbres \u00e9lanc\u00e9s ou des roseaux, ajoutant une dimension organique \u00e0 l'\u0153uvre. Le jeu des textures - allant des lavis lisses aux marques rugueuses de la peinture - interpelle le spectateur et l'incite \u00e0 regarder de plus pr\u00e8s. Cette \u0153uvre captivante associe de mani\u00e8re unique des motifs naturels \u00e0 une expression abstraite, cr\u00e9ant ainsi un r\u00e9cit fascinant de la rencontre de la terre et de la mer. L'utilisation audacieuse mais nuanc\u00e9e de la couleur et de la forme par l'artiste offre une exp\u00e9rience visuelle saisissante qui invite \u00e0 la contemplation.<\/p>","protected":false},"excerpt":{"rendered":"<p>The artwork is available for pickup at BelArt Gallery in Brussels, Belgium, or it can be delivered to the address of your choice within 2 to 3 weeks after your order is confirmed. The artwork is insured during transportation, so there&#8217;s no risk. Origin: Belgium This artwork is a striking composition that masterfully blends abstract [&hellip;]<\/p>","protected":false},"featured_media":11005,"template":"","meta":{"_acf_changed":false,"inline_featured_image":false,"_monsterinsights_skip_tracking":false,"_monsterinsights_sitenote_active":false,"_monsterinsights_sitenote_note":"","_monsterinsights_sitenote_category":0},"product_brand":[175],"product_cat":[27,36],"product_tag":[117,128,262,131,139],"department":[],"class_list":{"0":"post-11004","1":"product","2":"type-product","3":"status-publish","4":"has-post-thumbnail","6":"product_brand-ralph-resch","7":"product_cat-abstract","8":"product_cat-painting","9":"product_tag-abstract-art","10":"product_tag-geometric","11":"product_tag-large-size","12":"product_tag-minimalism","13":"product_tag-textured-art","14":"product_shipping_class-large","16":"first","17":"outofstock","18":"sold-individually","19":"shipping-taxable","20":"purchasable","21":"product-type-simple"},"acf":[],"_links":{"self":[{"href":"https:\/\/www.belart-gallery.com\/fr\/wp-json\/wp\/v2\/product\/11004","targetHints":{"allow":["GET"]}}],"collection":[{"href":"https:\/\/www.belart-gallery.com\/fr\/wp-json\/wp\/v2\/product"}],"about":[{"href":"https:\/\/www.belart-gallery.com\/fr\/wp-json\/wp\/v2\/types\/product"}],"version-history":[{"count":0,"href":"https:\/\/www.belart-gallery.com\/fr\/wp-json\/wp\/v2\/product\/11004\/revisions"}],"wp:featuredmedia":[{"embeddable":true,"href":"https:\/\/www.belart-gallery.com\/fr\/wp-json\/wp\/v2\/media\/11005"}],"wp:attachment":[{"href":"https:\/\/www.belart-gallery.com\/fr\/wp-json\/wp\/v2\/media?parent=11004"}],"wp:term":[{"taxonomy":"product_brand","embeddable":true,"href":"https:\/\/www.belart-gallery.com\/fr\/wp-json\/wp\/v2\/product_brand?post=11004"},{"taxonomy":"product_cat","embeddable":true,"href":"https:\/\/www.belart-gallery.com\/fr\/wp-json\/wp\/v2\/product_cat?post=11004"},{"taxonomy":"product_tag","embeddable":true,"href":"https:\/\/www.belart-gallery.com\/fr\/wp-json\/wp\/v2\/product_tag?post=11004"},{"taxonomy":"department","embeddable":true,"href":"https:\/\/www.belart-gallery.com\/fr\/wp-json\/wp\/v2\/department?post=11004"}],"curies":[{"name":"wp","href":"https:\/\/api.w.org\/{rel}","templated":true}]}}