{"id":11011,"date":"2025-07-11T18:23:31","date_gmt":"2025-07-11T18:23:31","guid":{"rendered":"https:\/\/belart-gallery.com\/?post_type=product&#038;p=11011"},"modified":"2025-07-25T13:01:47","modified_gmt":"2025-07-25T13:01:47","slug":"trace-de-passage-ralph-resch","status":"publish","type":"product","link":"https:\/\/www.belart-gallery.com\/fr\/product-page\/fil-rouge-ralph-resch\/","title":{"rendered":"Fil rouge"},"content":{"rendered":"<p>L'\u0153uvre peut \u00eatre retir\u00e9e \u00e0 la galerie BelArt \u00e0 Bruxelles, Belgique, ou peut \u00eatre livr\u00e9e \u00e0 l'adresse de votre choix dans un d\u00e9lai de 2 \u00e0 3 semaines apr\u00e8s la confirmation de votre commande. L'\u0153uvre est assur\u00e9e pendant le transport, il n'y a donc aucun risque. Origine : Belgique Belgique<\/p>\n<p>Cette \u0153uvre d'art est une composition abstraite saisissante qui combine magistralement la texture et la forme. Une palette de couleurs sourdes de bruns et de gris terreux cr\u00e9e une toile de fond contemplative, anim\u00e9e par des accents blancs et rouges profonds. La toile est divis\u00e9e de mani\u00e8re \u00e9nergique par des lignes audacieuses et plongeantes et des textures ab\u00eem\u00e9es, \u00e9voquant un sentiment d'\u00e9nergie brute et de mouvement. Un jeu subtil de mat\u00e9riaux superpos\u00e9s ajoute de la profondeur et de l'intrigue, tandis que le rouge, qui rappelle le fil barbel\u00e9, ajoute une tension provocante. L'\u00e9quilibre entre les traits chaotiques et expressifs et les formes g\u00e9om\u00e9triques sobres invite le spectateur \u00e0 explorer la dualit\u00e9 du contr\u00f4le et du rel\u00e2chement. Cette \u0153uvre se distingue par son ex\u00e9cution dynamique et la tension palpable qu'elle \u00e9voque, une exploration captivante de l'expressionnisme abstrait.<\/p>","protected":false},"excerpt":{"rendered":"<p>The artwork is available for pickup at BelArt Gallery in Brussels, Belgium, or it can be delivered to the address of your choice within 2 to 3 weeks after your order is confirmed. The artwork is insured during transportation, so there&#8217;s no risk. Origin: Belgium This artwork is a striking abstract composition that masterfully combines [&hellip;]<\/p>","protected":false},"featured_media":11012,"template":"","meta":{"_acf_changed":false,"inline_featured_image":false,"_monsterinsights_skip_tracking":false,"_monsterinsights_sitenote_active":false,"_monsterinsights_sitenote_note":"","_monsterinsights_sitenote_category":0},"product_brand":[175],"product_cat":[27,36],"product_tag":[117,128,262,131,139],"department":[],"class_list":{"0":"post-11011","1":"product","2":"type-product","3":"status-publish","4":"has-post-thumbnail","6":"product_brand-ralph-resch","7":"product_cat-abstract","8":"product_cat-painting","9":"product_tag-abstract-art","10":"product_tag-geometric","11":"product_tag-large-size","12":"product_tag-minimalism","13":"product_tag-textured-art","14":"product_shipping_class-large","16":"first","17":"instock","18":"sold-individually","19":"shipping-taxable","20":"purchasable","21":"product-type-simple"},"acf":[],"_links":{"self":[{"href":"https:\/\/www.belart-gallery.com\/fr\/wp-json\/wp\/v2\/product\/11011","targetHints":{"allow":["GET"]}}],"collection":[{"href":"https:\/\/www.belart-gallery.com\/fr\/wp-json\/wp\/v2\/product"}],"about":[{"href":"https:\/\/www.belart-gallery.com\/fr\/wp-json\/wp\/v2\/types\/product"}],"wp:featuredmedia":[{"embeddable":true,"href":"https:\/\/www.belart-gallery.com\/fr\/wp-json\/wp\/v2\/media\/11012"}],"wp:attachment":[{"href":"https:\/\/www.belart-gallery.com\/fr\/wp-json\/wp\/v2\/media?parent=11011"}],"wp:term":[{"taxonomy":"product_brand","embeddable":true,"href":"https:\/\/www.belart-gallery.com\/fr\/wp-json\/wp\/v2\/product_brand?post=11011"},{"taxonomy":"product_cat","embeddable":true,"href":"https:\/\/www.belart-gallery.com\/fr\/wp-json\/wp\/v2\/product_cat?post=11011"},{"taxonomy":"product_tag","embeddable":true,"href":"https:\/\/www.belart-gallery.com\/fr\/wp-json\/wp\/v2\/product_tag?post=11011"},{"taxonomy":"department","embeddable":true,"href":"https:\/\/www.belart-gallery.com\/fr\/wp-json\/wp\/v2\/department?post=11011"}],"curies":[{"name":"wp","href":"https:\/\/api.w.org\/{rel}","templated":true}]}}