{"id":11036,"date":"2025-07-14T15:14:13","date_gmt":"2025-07-14T15:14:13","guid":{"rendered":"https:\/\/belart-gallery.com\/?post_type=product&#038;p=11036"},"modified":"2025-07-14T15:19:06","modified_gmt":"2025-07-14T15:19:06","slug":"new-moon","status":"publish","type":"product","link":"https:\/\/www.belart-gallery.com\/fr\/product-page\/new-blaze-nikolaos-schizas\/","title":{"rendered":"Nouveau feu"},"content":{"rendered":"<p>L'\u0153uvre peut \u00eatre retir\u00e9e \u00e0 la galerie BelArt \u00e0 Bruxelles, Belgique, ou peut \u00eatre livr\u00e9e \u00e0 l'adresse de votre choix dans un d\u00e9lai de 2 \u00e0 3 semaines apr\u00e8s la confirmation de votre commande. L'\u0153uvre est assur\u00e9e pendant le transport, il n'y a donc aucun risque. Origine : Belgique Belgique<\/p>\n<p>Le tableau pr\u00e9sente un jeu magistral de coups de pinceau gris, blancs et noirs, cr\u00e9ant un sentiment de mouvement et d'\u00e9nergie explosifs. L'artiste a habilement \u00e9quilibr\u00e9 les contrastes et la fluidit\u00e9, ce qui a donn\u00e9 lieu \u00e0 une exp\u00e9rience visuelle hypnotique. Des touches de jaune d'or apparaissent, ajoutant chaleur et profondeur \u00e0 la palette monochrome. Les couches textur\u00e9es et les traits audacieux sugg\u00e8rent \u00e0 la fois le chaos et l'harmonie, invitant les spectateurs \u00e0 une exploration \u00e9motionnelle de la forme et de l'espace. La nature abstraite de l'\u0153uvre permet de multiples interpr\u00e9tations, ce qui en fait un point de mire intriguant dans n'importe quel environnement. Cette \u0153uvre d'art se distingue par son \u00e9quilibre exceptionnel de couleurs et de mouvements, cr\u00e9ant un r\u00e9cit fascinant racont\u00e9 \u00e0 travers le langage de l'expressionnisme abstrait.inter Blaz - N<\/p>","protected":false},"excerpt":{"rendered":"<p>The artwork is available for pickup at BelArt Gallery in Brussels, Belgium, or it can be delivered to the address of your choice within 2 to 3 weeks after your order is confirmed. The artwork is insured during transportation, so there&#8217;s no risk. Origin: Belgium The painting showcases a masterful interplay of flowing gray, white, [&hellip;]<\/p>","protected":false},"featured_media":11038,"template":"","meta":{"_acf_changed":false,"inline_featured_image":false,"_monsterinsights_skip_tracking":false,"_monsterinsights_sitenote_active":false,"_monsterinsights_sitenote_note":"","_monsterinsights_sitenote_category":0},"product_brand":[184],"product_cat":[27,36],"product_tag":[117,262,131,139],"department":[],"class_list":{"0":"post-11036","1":"product","2":"type-product","3":"status-publish","4":"has-post-thumbnail","6":"product_brand-nikolaos-schizas","7":"product_cat-abstract","8":"product_cat-painting","9":"product_tag-abstract-art","10":"product_tag-large-size","11":"product_tag-minimalism","12":"product_tag-textured-art","13":"product_shipping_class-extra-large","15":"first","16":"instock","17":"sold-individually","18":"shipping-taxable","19":"purchasable","20":"product-type-simple"},"acf":[],"_links":{"self":[{"href":"https:\/\/www.belart-gallery.com\/fr\/wp-json\/wp\/v2\/product\/11036","targetHints":{"allow":["GET"]}}],"collection":[{"href":"https:\/\/www.belart-gallery.com\/fr\/wp-json\/wp\/v2\/product"}],"about":[{"href":"https:\/\/www.belart-gallery.com\/fr\/wp-json\/wp\/v2\/types\/product"}],"wp:featuredmedia":[{"embeddable":true,"href":"https:\/\/www.belart-gallery.com\/fr\/wp-json\/wp\/v2\/media\/11038"}],"wp:attachment":[{"href":"https:\/\/www.belart-gallery.com\/fr\/wp-json\/wp\/v2\/media?parent=11036"}],"wp:term":[{"taxonomy":"product_brand","embeddable":true,"href":"https:\/\/www.belart-gallery.com\/fr\/wp-json\/wp\/v2\/product_brand?post=11036"},{"taxonomy":"product_cat","embeddable":true,"href":"https:\/\/www.belart-gallery.com\/fr\/wp-json\/wp\/v2\/product_cat?post=11036"},{"taxonomy":"product_tag","embeddable":true,"href":"https:\/\/www.belart-gallery.com\/fr\/wp-json\/wp\/v2\/product_tag?post=11036"},{"taxonomy":"department","embeddable":true,"href":"https:\/\/www.belart-gallery.com\/fr\/wp-json\/wp\/v2\/department?post=11036"}],"curies":[{"name":"wp","href":"https:\/\/api.w.org\/{rel}","templated":true}]}}