{"id":11043,"date":"2025-07-14T15:19:50","date_gmt":"2025-07-14T15:19:50","guid":{"rendered":"https:\/\/belart-gallery.com\/?post_type=product&#038;p=11043"},"modified":"2026-03-24T12:12:18","modified_gmt":"2026-03-24T12:12:18","slug":"new-moon-nikolaos-schizas","status":"publish","type":"product","link":"https:\/\/www.belart-gallery.com\/fr\/product-page\/new-moon-nikolaos-schizas\/","title":{"rendered":"Nouvelle lune"},"content":{"rendered":"<p>L'\u0153uvre peut \u00eatre retir\u00e9e \u00e0 la galerie BelArt \u00e0 Bruxelles, Belgique, ou peut \u00eatre livr\u00e9e \u00e0 l'adresse de votre choix dans un d\u00e9lai de 2 \u00e0 3 semaines apr\u00e8s la confirmation de votre commande. L'\u0153uvre est assur\u00e9e pendant le transport, il n'y a donc aucun risque. Origine : Belgique Belgique<\/p>\n<p>Not stretched. You will receive it rolled, in a tube, ready for stretching.<br \/>\nWe recommend having your painting stretched at a local custom framing shop, which is usually the most affordable and convenient option for large canvases.<br \/>\nYou can also contact us to check the possibility of having it framed directly by our team.<\/p>\n<p>Le gracieux travail au pinceau, caract\u00e9ris\u00e9 par une opacit\u00e9 vari\u00e9e et un mouvement fluide, cr\u00e9e une impression de profondeur et de mouvement. Les d\u00e9licates nuances de gris et les subtiles nuances de texture conf\u00e8rent \u00e0 la pi\u00e8ce une \u00e9nergie \u00e0 la fois sereine et captivante. Les arcs de cercle et les courbes douces \u00e9voquent un sentiment d'harmonie et d'\u00e9quilibre, invitant l'\u0153il du spectateur \u00e0 suivre la danse gracieuse des lignes. Cette composition abstraite c\u00e9l\u00e8bre le minimalisme, soulignant l'\u00e9l\u00e9gance de la forme et le pouvoir de la simplicit\u00e9. La ma\u00eetrise de la technique et du support par l'artiste est \u00e9vidente, ce qui donne une \u0153uvre \u00e0 la fois m\u00e9ditative et \u00e9tonnamment contemporaine. La sophistication discr\u00e8te et l'esth\u00e9tique raffin\u00e9e de l'\u0153uvre en font une repr\u00e9sentation quintessentielle de l'art abstrait moderne, qui s\u00e9duit le public par sa pr\u00e9sence discr\u00e8te mais puissante.<\/p>","protected":false},"excerpt":{"rendered":"<p>The artwork is available for pickup at BelArt Gallery in Brussels, Belgium, or it can be delivered to the address of your choice within 2 to 3 weeks after your order is confirmed. The artwork is insured during transportation, so there&#8217;s no risk. Origin: Belgium Not stretched. You will receive it rolled, in a tube, [&hellip;]<\/p>","protected":false},"featured_media":11044,"template":"","meta":{"_acf_changed":false,"inline_featured_image":false,"_monsterinsights_skip_tracking":false,"_monsterinsights_sitenote_active":false,"_monsterinsights_sitenote_note":"","_monsterinsights_sitenote_category":0},"product_brand":[184],"product_cat":[27,36],"product_tag":[117,262,131,139],"department":[],"class_list":{"0":"post-11043","1":"product","2":"type-product","3":"status-publish","4":"has-post-thumbnail","6":"product_brand-nikolaos-schizas","7":"product_cat-abstract","8":"product_cat-painting","9":"product_tag-abstract-art","10":"product_tag-large-size","11":"product_tag-minimalism","12":"product_tag-textured-art","13":"product_shipping_class-rolled","15":"first","16":"instock","17":"sold-individually","18":"shipping-taxable","19":"purchasable","20":"product-type-simple"},"acf":[],"_links":{"self":[{"href":"https:\/\/www.belart-gallery.com\/fr\/wp-json\/wp\/v2\/product\/11043","targetHints":{"allow":["GET"]}}],"collection":[{"href":"https:\/\/www.belart-gallery.com\/fr\/wp-json\/wp\/v2\/product"}],"about":[{"href":"https:\/\/www.belart-gallery.com\/fr\/wp-json\/wp\/v2\/types\/product"}],"version-history":[{"count":0,"href":"https:\/\/www.belart-gallery.com\/fr\/wp-json\/wp\/v2\/product\/11043\/revisions"}],"wp:featuredmedia":[{"embeddable":true,"href":"https:\/\/www.belart-gallery.com\/fr\/wp-json\/wp\/v2\/media\/11044"}],"wp:attachment":[{"href":"https:\/\/www.belart-gallery.com\/fr\/wp-json\/wp\/v2\/media?parent=11043"}],"wp:term":[{"taxonomy":"product_brand","embeddable":true,"href":"https:\/\/www.belart-gallery.com\/fr\/wp-json\/wp\/v2\/product_brand?post=11043"},{"taxonomy":"product_cat","embeddable":true,"href":"https:\/\/www.belart-gallery.com\/fr\/wp-json\/wp\/v2\/product_cat?post=11043"},{"taxonomy":"product_tag","embeddable":true,"href":"https:\/\/www.belart-gallery.com\/fr\/wp-json\/wp\/v2\/product_tag?post=11043"},{"taxonomy":"department","embeddable":true,"href":"https:\/\/www.belart-gallery.com\/fr\/wp-json\/wp\/v2\/department?post=11043"}],"curies":[{"name":"wp","href":"https:\/\/api.w.org\/{rel}","templated":true}]}}