{"id":11078,"date":"2025-07-17T09:40:32","date_gmt":"2025-07-17T09:40:32","guid":{"rendered":"https:\/\/belart-gallery.com\/?post_type=product&#038;p=11078"},"modified":"2025-10-05T18:21:55","modified_gmt":"2025-10-05T18:21:55","slug":"paesaggio-poetico-xxiv","status":"publish","type":"product","link":"https:\/\/www.belart-gallery.com\/fr\/product-page\/paesaggio-poetico-xxiv\/","title":{"rendered":"Paesaggio poetico XXIV"},"content":{"rendered":"<p>L'\u0153uvre peut \u00eatre retir\u00e9e \u00e0 la galerie BelArt \u00e0 Bruxelles, Belgique, ou peut \u00eatre livr\u00e9e \u00e0 l'adresse de votre choix dans un d\u00e9lai de 2 \u00e0 3 semaines apr\u00e8s la confirmation de votre commande. L'\u0153uvre est assur\u00e9e pendant le transport, il n'y a donc aucun risque. Origine : Belgique : Belgique.<\/p>\n<p>&nbsp;<\/p>\n<p>This captivating artwork presents a mesmerizing interplay of texture and color. Dominated by a moody, monochromatic palette, it features compelling contrasts of muted grays and blacks. Intriguingly, the artist incorporates vivid gold accents, strategically adding depth and focal points that captivate the observer&#8217;s gaze. The use of gold leaf imbues the piece with a sense of opulence and refinement, breaking the neutral hues with bold luminosity. The textured surface, rich with undulating layers, invites viewers to explore its topographical quality, evoking notions of abstract landscapes or cosmic formations. This unique composition demonstrates a masterful balance between chaos and order, capturing an ephemeral moment of creation. The subtle complexity and tactile allure of the piece affirm its distinction and artistic sophistication, effectively engaging the viewer in an immersive visual experience.<\/p>","protected":false},"excerpt":{"rendered":"<p>The artwork is available for pickup at BelArt Gallery in Brussels, Belgium, or it can be delivered to the address of your choice within 2 to 3 weeks after your order is confirmed. The artwork is insured during transportation, so there&#8217;s no risk. Origin: Belgium. &nbsp; This captivating artwork presents a mesmerizing interplay of texture [&hellip;]<\/p>","protected":false},"featured_media":11079,"template":"","meta":{"_acf_changed":false,"inline_featured_image":false,"_monsterinsights_skip_tracking":false,"_monsterinsights_sitenote_active":false,"_monsterinsights_sitenote_note":"","_monsterinsights_sitenote_category":0},"product_brand":[255],"product_cat":[27,45,36],"product_tag":[117,131],"department":[],"class_list":{"0":"post-11078","1":"product","2":"type-product","3":"status-publish","4":"has-post-thumbnail","6":"product_brand-daniela-pasqualini","7":"product_cat-abstract","8":"product_cat-mixed-media","9":"product_cat-painting","10":"product_tag-abstract-art","11":"product_tag-minimalism","12":"product_shipping_class-small","14":"first","15":"instock","16":"sold-individually","17":"shipping-taxable","18":"purchasable","19":"product-type-simple"},"acf":[],"_links":{"self":[{"href":"https:\/\/www.belart-gallery.com\/fr\/wp-json\/wp\/v2\/product\/11078","targetHints":{"allow":["GET"]}}],"collection":[{"href":"https:\/\/www.belart-gallery.com\/fr\/wp-json\/wp\/v2\/product"}],"about":[{"href":"https:\/\/www.belart-gallery.com\/fr\/wp-json\/wp\/v2\/types\/product"}],"wp:featuredmedia":[{"embeddable":true,"href":"https:\/\/www.belart-gallery.com\/fr\/wp-json\/wp\/v2\/media\/11079"}],"wp:attachment":[{"href":"https:\/\/www.belart-gallery.com\/fr\/wp-json\/wp\/v2\/media?parent=11078"}],"wp:term":[{"taxonomy":"product_brand","embeddable":true,"href":"https:\/\/www.belart-gallery.com\/fr\/wp-json\/wp\/v2\/product_brand?post=11078"},{"taxonomy":"product_cat","embeddable":true,"href":"https:\/\/www.belart-gallery.com\/fr\/wp-json\/wp\/v2\/product_cat?post=11078"},{"taxonomy":"product_tag","embeddable":true,"href":"https:\/\/www.belart-gallery.com\/fr\/wp-json\/wp\/v2\/product_tag?post=11078"},{"taxonomy":"department","embeddable":true,"href":"https:\/\/www.belart-gallery.com\/fr\/wp-json\/wp\/v2\/department?post=11078"}],"curies":[{"name":"wp","href":"https:\/\/api.w.org\/{rel}","templated":true}]}}