{"id":13234,"date":"2025-09-09T12:11:39","date_gmt":"2025-09-09T12:11:39","guid":{"rendered":"https:\/\/www.belart-gallery.com\/?post_type=product&#038;p=13234"},"modified":"2025-09-09T12:15:34","modified_gmt":"2025-09-09T12:15:34","slug":"entre-deux-nep","status":"publish","type":"product","link":"https:\/\/www.belart-gallery.com\/fr\/product-page\/entre-deux-nep\/","title":{"rendered":"Entre deux"},"content":{"rendered":"<p>L'\u0153uvre peut \u00eatre retir\u00e9e \u00e0 la galerie BelArt \u00e0 Bruxelles, Belgique, ou peut \u00eatre livr\u00e9e \u00e0 l'adresse de votre choix dans un d\u00e9lai de 2 \u00e0 3 semaines apr\u00e8s la confirmation de votre commande. L'\u0153uvre est assur\u00e9e pendant le transport, il n'y a donc aucun risque. Origine : Belgique Belgique<\/p>\n<p>This artwork presents a striking display of abstract expressionism through its bold black strokes against a stark, muted background. Two prominent, overlapping faces emerge from the chaotic web of lines, evoking a raw emotional intensity. The artist employs a dynamic and frenetic line quality, capturing movement and depth without defined boundaries. This technique not only suggests the complexity of human emotions but also the interconnectedness of the figures. The minimalist color palette focuses attention on the composition&#8217;s energetic forms and textures, allowing viewers to derive personal interpretations. The seemingly unfinished edges and drips add a spontaneous, unrefined character, emphasizing the rawness and authenticity of the human condition. This piece uniquely combines elements of abstraction and figuration, making it both thought-provoking and visually compelling.<\/p>","protected":false},"excerpt":{"rendered":"<p>The artwork is available for pickup at BelArt Gallery in Brussels, Belgium, or it can be delivered to the address of your choice within 2 to 3 weeks after your order is confirmed. The artwork is insured during transportation, so there\u2019s no risk. Origin: Belgium This artwork presents a striking display of abstract expressionism through [&hellip;]<\/p>","protected":false},"featured_media":13237,"template":"","meta":{"_acf_changed":false,"inline_featured_image":false,"_monsterinsights_skip_tracking":false,"_monsterinsights_sitenote_active":false,"_monsterinsights_sitenote_note":"","_monsterinsights_sitenote_category":0},"product_brand":[185],"product_cat":[167,45,33,36],"product_tag":[117,120,121,126],"department":[],"class_list":{"0":"post-13234","1":"product","2":"type-product","3":"status-publish","4":"has-post-thumbnail","6":"product_brand-nep","7":"product_cat-figurative","8":"product_cat-mixed-media","9":"product_cat-outsider-art","10":"product_cat-painting","11":"product_tag-abstract-art","12":"product_tag-art-brut","13":"product_tag-black-and-white","14":"product_tag-figurative","15":"product_shipping_class-medium","17":"first","18":"instock","19":"sold-individually","20":"shipping-taxable","21":"purchasable","22":"product-type-simple"},"acf":[],"_links":{"self":[{"href":"https:\/\/www.belart-gallery.com\/fr\/wp-json\/wp\/v2\/product\/13234","targetHints":{"allow":["GET"]}}],"collection":[{"href":"https:\/\/www.belart-gallery.com\/fr\/wp-json\/wp\/v2\/product"}],"about":[{"href":"https:\/\/www.belart-gallery.com\/fr\/wp-json\/wp\/v2\/types\/product"}],"version-history":[{"count":0,"href":"https:\/\/www.belart-gallery.com\/fr\/wp-json\/wp\/v2\/product\/13234\/revisions"}],"wp:featuredmedia":[{"embeddable":true,"href":"https:\/\/www.belart-gallery.com\/fr\/wp-json\/wp\/v2\/media\/13237"}],"wp:attachment":[{"href":"https:\/\/www.belart-gallery.com\/fr\/wp-json\/wp\/v2\/media?parent=13234"}],"wp:term":[{"taxonomy":"product_brand","embeddable":true,"href":"https:\/\/www.belart-gallery.com\/fr\/wp-json\/wp\/v2\/product_brand?post=13234"},{"taxonomy":"product_cat","embeddable":true,"href":"https:\/\/www.belart-gallery.com\/fr\/wp-json\/wp\/v2\/product_cat?post=13234"},{"taxonomy":"product_tag","embeddable":true,"href":"https:\/\/www.belart-gallery.com\/fr\/wp-json\/wp\/v2\/product_tag?post=13234"},{"taxonomy":"department","embeddable":true,"href":"https:\/\/www.belart-gallery.com\/fr\/wp-json\/wp\/v2\/department?post=13234"}],"curies":[{"name":"wp","href":"https:\/\/api.w.org\/{rel}","templated":true}]}}