{"id":13476,"date":"2025-09-11T14:04:16","date_gmt":"2025-09-11T14:04:16","guid":{"rendered":"https:\/\/www.belart-gallery.com\/?post_type=product&#038;p=13476"},"modified":"2025-09-11T14:06:22","modified_gmt":"2025-09-11T14:06:22","slug":"elbe-ralph-resch","status":"publish","type":"product","link":"https:\/\/www.belart-gallery.com\/fr\/product-page\/elbe-ralph-resch\/","title":{"rendered":"Elbe"},"content":{"rendered":"<div>\n<div>\n<div>\n<div>\n<div>\n<div>\n<p>L'\u0153uvre peut \u00eatre retir\u00e9e \u00e0 la galerie BelArt \u00e0 Bruxelles, Belgique, ou peut \u00eatre livr\u00e9e \u00e0 l'adresse de votre choix dans un d\u00e9lai de 2 \u00e0 3 semaines apr\u00e8s la confirmation de votre commande. L'\u0153uvre est assur\u00e9e pendant le transport, il n'y a donc aucun risque. Origine : Belgique : Belgique.<\/p>\n<p>This artwork (Elbe by Ralph Resch) presents a captivating abstract landscape, characterized by a distinct horizontal division. The upper section features a dense, textured expanse of deep browns, evoking a rugged, earthy sky or terrain. Below this, layers of varying blues cascade down, creating a mesmerizing interplay of color and texture, reminiscent of cascading water or a serene seascape. The transition between the brown and blue areas is marked by an intriguing contrast\u2014suggesting depth and movement. The artist skillfully manipulates texture and color, employing a palette knife or similar technique to add dimensionality and energy. This piece invites viewers to immerse themselves in its dynamic contrasts and explore the boundary between earth and water. Its tactile surface and bold, gestural strokes make it a compelling addition to contemporary abstract expressionism.<\/p>\n<\/div>\n<\/div>\n<\/div>\n<\/div>\n<\/div>\n<\/div>","protected":false},"excerpt":{"rendered":"<p>The artwork is available for pickup at BelArt Gallery in Brussels, Belgium, or it can be delivered to the address of your choice within 2 to 3 weeks after your order is confirmed. The artwork is insured during transportation, so there&#8217;s no risk. Origin: Belgium. This artwork (Elbe by Ralph Resch) presents a captivating abstract [&hellip;]<\/p>","protected":false},"featured_media":13477,"template":"","meta":{"_acf_changed":false,"inline_featured_image":false,"_monsterinsights_skip_tracking":false,"_monsterinsights_sitenote_active":false,"_monsterinsights_sitenote_note":"","_monsterinsights_sitenote_category":0},"product_brand":[175],"product_cat":[27,36],"product_tag":[117,128,129],"department":[],"class_list":{"0":"post-13476","1":"product","2":"type-product","3":"status-publish","4":"has-post-thumbnail","6":"product_brand-ralph-resch","7":"product_cat-abstract","8":"product_cat-painting","9":"product_tag-abstract-art","10":"product_tag-geometric","11":"product_tag-landscape-artwork","12":"product_shipping_class-small","14":"first","15":"instock","16":"sold-individually","17":"shipping-taxable","18":"purchasable","19":"product-type-simple"},"acf":[],"_links":{"self":[{"href":"https:\/\/www.belart-gallery.com\/fr\/wp-json\/wp\/v2\/product\/13476","targetHints":{"allow":["GET"]}}],"collection":[{"href":"https:\/\/www.belart-gallery.com\/fr\/wp-json\/wp\/v2\/product"}],"about":[{"href":"https:\/\/www.belart-gallery.com\/fr\/wp-json\/wp\/v2\/types\/product"}],"wp:featuredmedia":[{"embeddable":true,"href":"https:\/\/www.belart-gallery.com\/fr\/wp-json\/wp\/v2\/media\/13477"}],"wp:attachment":[{"href":"https:\/\/www.belart-gallery.com\/fr\/wp-json\/wp\/v2\/media?parent=13476"}],"wp:term":[{"taxonomy":"product_brand","embeddable":true,"href":"https:\/\/www.belart-gallery.com\/fr\/wp-json\/wp\/v2\/product_brand?post=13476"},{"taxonomy":"product_cat","embeddable":true,"href":"https:\/\/www.belart-gallery.com\/fr\/wp-json\/wp\/v2\/product_cat?post=13476"},{"taxonomy":"product_tag","embeddable":true,"href":"https:\/\/www.belart-gallery.com\/fr\/wp-json\/wp\/v2\/product_tag?post=13476"},{"taxonomy":"department","embeddable":true,"href":"https:\/\/www.belart-gallery.com\/fr\/wp-json\/wp\/v2\/department?post=13476"}],"curies":[{"name":"wp","href":"https:\/\/api.w.org\/{rel}","templated":true}]}}