{"id":13486,"date":"2025-09-11T14:19:22","date_gmt":"2025-09-11T14:19:22","guid":{"rendered":"https:\/\/www.belart-gallery.com\/?post_type=product&#038;p=13486"},"modified":"2025-12-01T11:30:17","modified_gmt":"2025-12-01T11:30:17","slug":"petit-matin-ralph-resch","status":"publish","type":"product","link":"https:\/\/www.belart-gallery.com\/fr\/product-page\/petit-matin-ralph-resch\/","title":{"rendered":"Petit matin"},"content":{"rendered":"<div>\n<div>\n<div>\n<div>\n<div>\n<div>\n<p>L'\u0153uvre peut \u00eatre retir\u00e9e \u00e0 la galerie BelArt \u00e0 Bruxelles, Belgique, ou peut \u00eatre livr\u00e9e \u00e0 l'adresse de votre choix dans un d\u00e9lai de 2 \u00e0 3 semaines apr\u00e8s la confirmation de votre commande. L'\u0153uvre est assur\u00e9e pendant le transport, il n'y a donc aucun risque. Origine : Belgique : Belgique.<\/p>\n<p>This artwork (Petit matin by Ralph Resch) presents a mesmerizing seascape, characterized by masterful watercolor techniques. The upper portion of the painting depicts a vast, overcast sky rendered in varying shades of blue and gray, capturing the atmospheric depth and movement of clouds. Below, the sea stretches out with deep, vibrant blues that transition seamlessly into the muted earth tones of the foreground. The artist expertly uses horizontal layering to convey the horizon, creating a sense of infinite expanse. The subtle blending of colors captures the essence of a serene yet dynamic coastal scene. This piece stands out for its ability to convey both tranquility and the powerful, ever-changing nature of the sea with minimalistic elegance. Its harmonious color palette and fluid brushwork invite viewers to immerse themselves in the tranquil beauty of this coastal vista.<\/p>\n<\/div>\n<\/div>\n<\/div>\n<\/div>\n<\/div>\n<\/div>","protected":false},"excerpt":{"rendered":"<p>The artwork is available for pickup at BelArt Gallery in Brussels, Belgium, or it can be delivered to the address of your choice within 2 to 3 weeks after your order is confirmed. The artwork is insured during transportation, so there&#8217;s no risk. Origin: Belgium. This artwork (Petit matin by Ralph Resch) presents a mesmerizing [&hellip;]<\/p>","protected":false},"featured_media":13487,"template":"","meta":{"_acf_changed":false,"inline_featured_image":false,"_monsterinsights_skip_tracking":false,"_monsterinsights_sitenote_active":false,"_monsterinsights_sitenote_note":"","_monsterinsights_sitenote_category":0},"product_brand":[175],"product_cat":[27,148,36],"product_tag":[117,128,129],"department":[],"class_list":{"0":"post-13486","1":"product","2":"type-product","3":"status-publish","4":"has-post-thumbnail","6":"product_brand-ralph-resch","7":"product_cat-abstract","8":"product_cat-crush-of-the-month","9":"product_cat-painting","10":"product_tag-abstract-art","11":"product_tag-geometric","12":"product_tag-landscape-artwork","13":"product_shipping_class-medium","15":"first","16":"outofstock","17":"sold-individually","18":"shipping-taxable","19":"purchasable","20":"product-type-simple"},"acf":[],"_links":{"self":[{"href":"https:\/\/www.belart-gallery.com\/fr\/wp-json\/wp\/v2\/product\/13486","targetHints":{"allow":["GET"]}}],"collection":[{"href":"https:\/\/www.belart-gallery.com\/fr\/wp-json\/wp\/v2\/product"}],"about":[{"href":"https:\/\/www.belart-gallery.com\/fr\/wp-json\/wp\/v2\/types\/product"}],"wp:featuredmedia":[{"embeddable":true,"href":"https:\/\/www.belart-gallery.com\/fr\/wp-json\/wp\/v2\/media\/13487"}],"wp:attachment":[{"href":"https:\/\/www.belart-gallery.com\/fr\/wp-json\/wp\/v2\/media?parent=13486"}],"wp:term":[{"taxonomy":"product_brand","embeddable":true,"href":"https:\/\/www.belart-gallery.com\/fr\/wp-json\/wp\/v2\/product_brand?post=13486"},{"taxonomy":"product_cat","embeddable":true,"href":"https:\/\/www.belart-gallery.com\/fr\/wp-json\/wp\/v2\/product_cat?post=13486"},{"taxonomy":"product_tag","embeddable":true,"href":"https:\/\/www.belart-gallery.com\/fr\/wp-json\/wp\/v2\/product_tag?post=13486"},{"taxonomy":"department","embeddable":true,"href":"https:\/\/www.belart-gallery.com\/fr\/wp-json\/wp\/v2\/department?post=13486"}],"curies":[{"name":"wp","href":"https:\/\/api.w.org\/{rel}","templated":true}]}}