{"id":17969,"date":"2025-10-07T08:41:14","date_gmt":"2025-10-07T08:41:14","guid":{"rendered":"https:\/\/www.belart-gallery.com\/?post_type=product&#038;p=17969"},"modified":"2025-10-08T10:45:32","modified_gmt":"2025-10-08T10:45:32","slug":"bright-prospects-nadin-antoniuk","status":"publish","type":"product","link":"https:\/\/www.belart-gallery.com\/fr\/product-page\/bright-prospects-nadin-antoniuk\/","title":{"rendered":"Bright prospects"},"content":{"rendered":"<div class=\"description-see-more\">\n<div data-limit=\"200\">\n<p>L'\u0153uvre peut \u00eatre retir\u00e9e \u00e0 la galerie BelArt \u00e0 Bruxelles, Belgique, ou peut \u00eatre livr\u00e9e \u00e0 l'adresse de votre choix dans un d\u00e9lai de 2 \u00e0 3 semaines apr\u00e8s la confirmation de votre commande. L'\u0153uvre est assur\u00e9e pendant le transport, il n'y a donc aucun risque. Origine : Belgique : Belgique.<\/p>\n<p><span dir=\"auto\">In the rush of daily life, it&#8217;s easy to forget the importance of our dreams. Yet, it&#8217;s these vibrant desires that add color and meaning to our lives. Just as a glowing painting illuminates a room, our dreams light the way ahead, guiding us to places we haven&#8217;t yet imagined. Never underestimate the power of dreaming: it&#8217;s the first step toward creating a life full of wonder, fulfillment, and meaning. Let your heart paint the canvas of your future with the brightest colors of your deepest desires.<\/span><\/p>\n<p><span dir=\"auto\">Painting (Bright Prospects by Nadin Antoniuk) is made using multi-layer paint technique. A million multi-colored splashes dry before each subsequent coat. Typically, the paint has more than 50 coats of application of splashes. Splashes in the Pollock style. The rim around the blue and white has a dark chocolate color of different shades.<\/span><\/p>\n<p>The painting is not stretched. It will arrive rolled in a protective tube, ready for stretching.<br \/>\nFor large-size canvases, we recommend having them stretched at a local custom framing shop, this is usually the most convenient and affordable way to get your canvas professionally mounted.<\/p><\/div>\n<\/div>","protected":false},"excerpt":{"rendered":"<p>The artwork is available for pickup at BelArt Gallery in Brussels, Belgium, or it can be delivered to the address of your choice within 2 to 3 weeks after your order is confirmed. The artwork is insured during transportation, so there&#8217;s no risk. Origin: Belgium. In the rush of daily life, it&#8217;s easy to forget [&hellip;]<\/p>","protected":false},"featured_media":17970,"template":"","meta":{"_acf_changed":false,"inline_featured_image":false,"_monsterinsights_skip_tracking":false,"_monsterinsights_sitenote_active":false,"_monsterinsights_sitenote_note":"","_monsterinsights_sitenote_category":0},"product_brand":[187],"product_cat":[27,36],"product_tag":[117,123,169,262,139],"department":[],"class_list":{"0":"post-17969","1":"product","2":"type-product","3":"status-publish","4":"has-post-thumbnail","6":"product_brand-nadin-antoniuk","7":"product_cat-abstract","8":"product_cat-painting","9":"product_tag-abstract-art","10":"product_tag-colorful-artwork","11":"product_tag-colors","12":"product_tag-large-size","13":"product_tag-textured-art","14":"product_shipping_class-rolled","16":"first","17":"instock","18":"sold-individually","19":"shipping-taxable","20":"purchasable","21":"product-type-simple"},"acf":[],"_links":{"self":[{"href":"https:\/\/www.belart-gallery.com\/fr\/wp-json\/wp\/v2\/product\/17969","targetHints":{"allow":["GET"]}}],"collection":[{"href":"https:\/\/www.belart-gallery.com\/fr\/wp-json\/wp\/v2\/product"}],"about":[{"href":"https:\/\/www.belart-gallery.com\/fr\/wp-json\/wp\/v2\/types\/product"}],"version-history":[{"count":1,"href":"https:\/\/www.belart-gallery.com\/fr\/wp-json\/wp\/v2\/product\/17969\/revisions"}],"predecessor-version":[{"id":17992,"href":"https:\/\/www.belart-gallery.com\/fr\/wp-json\/wp\/v2\/product\/17969\/revisions\/17992"}],"wp:featuredmedia":[{"embeddable":true,"href":"https:\/\/www.belart-gallery.com\/fr\/wp-json\/wp\/v2\/media\/17970"}],"wp:attachment":[{"href":"https:\/\/www.belart-gallery.com\/fr\/wp-json\/wp\/v2\/media?parent=17969"}],"wp:term":[{"taxonomy":"product_brand","embeddable":true,"href":"https:\/\/www.belart-gallery.com\/fr\/wp-json\/wp\/v2\/product_brand?post=17969"},{"taxonomy":"product_cat","embeddable":true,"href":"https:\/\/www.belart-gallery.com\/fr\/wp-json\/wp\/v2\/product_cat?post=17969"},{"taxonomy":"product_tag","embeddable":true,"href":"https:\/\/www.belart-gallery.com\/fr\/wp-json\/wp\/v2\/product_tag?post=17969"},{"taxonomy":"department","embeddable":true,"href":"https:\/\/www.belart-gallery.com\/fr\/wp-json\/wp\/v2\/department?post=17969"}],"curies":[{"name":"wp","href":"https:\/\/api.w.org\/{rel}","templated":true}]}}