{"id":18033,"date":"2025-10-07T11:31:15","date_gmt":"2025-10-07T11:31:15","guid":{"rendered":"https:\/\/www.belart-gallery.com\/?post_type=product&#038;p=18033"},"modified":"2025-10-08T11:11:07","modified_gmt":"2025-10-08T11:11:07","slug":"the-way-light-falls-nadin-antoniuk","status":"publish","type":"product","link":"https:\/\/www.belart-gallery.com\/fr\/product-page\/splashes-green-and-chocolate-nadine-antoniuk\/","title":{"rendered":"Splashes. Green and Chocolate"},"content":{"rendered":"<div class=\"description-see-more\">\n<div data-limit=\"200\">\n<p>L'\u0153uvre peut \u00eatre retir\u00e9e \u00e0 la galerie BelArt \u00e0 Bruxelles, Belgique, ou peut \u00eatre livr\u00e9e \u00e0 l'adresse de votre choix dans un d\u00e9lai de 2 \u00e0 3 semaines apr\u00e8s la confirmation de votre commande. L'\u0153uvre est assur\u00e9e pendant le transport, il n'y a donc aucun risque. Origine : Belgique : Belgique.<\/p>\n<p>&#8220;Splashes. Green and Chocolate&#8221; by Nadine Antoniuk is inspired by Mark Rothko and the dynamic energy of Jackson Pollock.<br \/>\nExperience emotional depth through color with Splashes. Green and Chocolate, a large original abstract painting inspired by the meditative compositions of Rothko and the expressive splatter techniques of Pollock.<br \/>\nCountless multicolored splashes are layered one upon another, weaving a canvas of paint that plays with light and shadow \u2014 creating a surface alive with quiet movement and bold energy.<br \/>\nThis powerful artwork blends earthy green and rich chocolate tones in a minimalist, contemplative composition \u2014 ideal for collectors of color field and abstract expressionist art.<\/p>\n<p>The painting is not stretched. It will arrive rolled in a protective tube, ready for stretching.<br \/>\nFor large-size canvases, we recommend having them stretched at a local custom framing shop, this is usually the most convenient and affordable way to get your canvas professionally mounted.<\/p>\n<p>\u2022 Size of a painting: 41&#8243;x 53&#8243;\/ 105 x 135 cm.<br \/>\n\u2022 Size of canvas with borders: 44 x 57&#8243;\/ 113 x 146 cm.<\/p>\n<p>The painting has additional 3-4&#8243; (7-10 cm.) borders around the art for convenient stretching.<\/p>\n<\/div>\n<\/div>","protected":false},"excerpt":{"rendered":"<p>The artwork is available for pickup at BelArt Gallery in Brussels, Belgium, or it can be delivered to the address of your choice within 2 to 3 weeks after your order is confirmed. The artwork is insured during transportation, so there&#8217;s no risk. Origin: Belgium. &#8220;Splashes. Green and Chocolate&#8221; by Nadine Antoniuk is inspired by [&hellip;]<\/p>","protected":false},"featured_media":18061,"template":"","meta":{"_acf_changed":false,"inline_featured_image":false,"_monsterinsights_skip_tracking":false,"_monsterinsights_sitenote_active":false,"_monsterinsights_sitenote_note":"","_monsterinsights_sitenote_category":0},"product_brand":[187],"product_cat":[27,36],"product_tag":[117,123,169,262,139],"department":[],"class_list":{"0":"post-18033","1":"product","2":"type-product","3":"status-publish","4":"has-post-thumbnail","6":"product_brand-nadin-antoniuk","7":"product_cat-abstract","8":"product_cat-painting","9":"product_tag-abstract-art","10":"product_tag-colorful-artwork","11":"product_tag-colors","12":"product_tag-large-size","13":"product_tag-textured-art","14":"product_shipping_class-rolled","16":"first","17":"instock","18":"sold-individually","19":"shipping-taxable","20":"purchasable","21":"product-type-simple"},"acf":[],"_links":{"self":[{"href":"https:\/\/www.belart-gallery.com\/fr\/wp-json\/wp\/v2\/product\/18033","targetHints":{"allow":["GET"]}}],"collection":[{"href":"https:\/\/www.belart-gallery.com\/fr\/wp-json\/wp\/v2\/product"}],"about":[{"href":"https:\/\/www.belart-gallery.com\/fr\/wp-json\/wp\/v2\/types\/product"}],"wp:featuredmedia":[{"embeddable":true,"href":"https:\/\/www.belart-gallery.com\/fr\/wp-json\/wp\/v2\/media\/18061"}],"wp:attachment":[{"href":"https:\/\/www.belart-gallery.com\/fr\/wp-json\/wp\/v2\/media?parent=18033"}],"wp:term":[{"taxonomy":"product_brand","embeddable":true,"href":"https:\/\/www.belart-gallery.com\/fr\/wp-json\/wp\/v2\/product_brand?post=18033"},{"taxonomy":"product_cat","embeddable":true,"href":"https:\/\/www.belart-gallery.com\/fr\/wp-json\/wp\/v2\/product_cat?post=18033"},{"taxonomy":"product_tag","embeddable":true,"href":"https:\/\/www.belart-gallery.com\/fr\/wp-json\/wp\/v2\/product_tag?post=18033"},{"taxonomy":"department","embeddable":true,"href":"https:\/\/www.belart-gallery.com\/fr\/wp-json\/wp\/v2\/department?post=18033"}],"curies":[{"name":"wp","href":"https:\/\/api.w.org\/{rel}","templated":true}]}}