{"id":18114,"date":"2025-10-07T17:15:51","date_gmt":"2025-10-07T17:15:51","guid":{"rendered":"https:\/\/www.belart-gallery.com\/?post_type=product&#038;p=18114"},"modified":"2025-10-09T09:08:55","modified_gmt":"2025-10-09T09:08:55","slug":"les-reliures-en-lumiere-sophie-dumont","status":"publish","type":"product","link":"https:\/\/www.belart-gallery.com\/fr\/product-page\/les-reliures-en-lumiere-sophie-dumont\/","title":{"rendered":"Les reliures en lumi\u00e8re"},"content":{"rendered":"<p>L'\u0153uvre peut \u00eatre retir\u00e9e \u00e0 la galerie BelArt \u00e0 Bruxelles, Belgique, ou peut \u00eatre livr\u00e9e \u00e0 l'adresse de votre choix dans un d\u00e9lai de 2 \u00e0 3 semaines apr\u00e8s la confirmation de votre commande. L'\u0153uvre est assur\u00e9e pendant le transport, il n'y a donc aucun risque. Origine : Belgique : Belgique.<\/p>\n<p>Sophie Dumont, a contemporary French painter whose works are collected internationally, continues her exploration of libraries and pictorial memory with Les reliures en lumi\u00e8re. She works exclusively in oil on canvas, layering thick layers that give the material a tactile and vibrant intensity.<\/p>\n<p>In this work, a stack of books unfolds in a composition that is both rigorous and poetic. The edges, treated with strength and relief, capture the light like layers of memory accumulated over time. The warm palette of ochres, oranges, and browns interacts with the neutral tones, creating an intimate and peaceful harmony. Each volume seems inhabited by a silent presence, inviting the viewer to contemplate the evocative power of these objects of knowledge.<\/p>\n<p>Halfway between contemporary still life and architectural abstraction, Les reliures en lumi\u00e8re celebrates the simple and timeless beauty of the book.<\/p>\n<p>Frame: American black wooden box.<\/p>","protected":false},"excerpt":{"rendered":"<p>The artwork is available for pickup at BelArt Gallery in Brussels, Belgium, or it can be delivered to the address of your choice within 2 to 3 weeks after your order is confirmed. The artwork is insured during transportation, so there&#8217;s no risk. Origin: Belgium. Sophie Dumont, a contemporary French painter whose works are collected [&hellip;]<\/p>","protected":false},"featured_media":18124,"template":"","meta":{"_acf_changed":false,"inline_featured_image":false,"_monsterinsights_skip_tracking":false,"_monsterinsights_sitenote_active":false,"_monsterinsights_sitenote_note":"","_monsterinsights_sitenote_category":0},"product_brand":[180],"product_cat":[27,167,36],"product_tag":[117,245,169,126,129],"department":[],"class_list":{"0":"post-18114","1":"product","2":"type-product","3":"status-publish","4":"has-post-thumbnail","6":"product_brand-sophie-dumont","7":"product_cat-abstract","8":"product_cat-figurative","9":"product_cat-painting","10":"product_tag-abstract-art","11":"product_tag-books","12":"product_tag-colors","13":"product_tag-figurative","14":"product_tag-landscape-artwork","15":"product_shipping_class-medium","17":"first","18":"instock","19":"sold-individually","20":"shipping-taxable","21":"purchasable","22":"product-type-simple"},"acf":[],"_links":{"self":[{"href":"https:\/\/www.belart-gallery.com\/fr\/wp-json\/wp\/v2\/product\/18114","targetHints":{"allow":["GET"]}}],"collection":[{"href":"https:\/\/www.belart-gallery.com\/fr\/wp-json\/wp\/v2\/product"}],"about":[{"href":"https:\/\/www.belart-gallery.com\/fr\/wp-json\/wp\/v2\/types\/product"}],"wp:featuredmedia":[{"embeddable":true,"href":"https:\/\/www.belart-gallery.com\/fr\/wp-json\/wp\/v2\/media\/18124"}],"wp:attachment":[{"href":"https:\/\/www.belart-gallery.com\/fr\/wp-json\/wp\/v2\/media?parent=18114"}],"wp:term":[{"taxonomy":"product_brand","embeddable":true,"href":"https:\/\/www.belart-gallery.com\/fr\/wp-json\/wp\/v2\/product_brand?post=18114"},{"taxonomy":"product_cat","embeddable":true,"href":"https:\/\/www.belart-gallery.com\/fr\/wp-json\/wp\/v2\/product_cat?post=18114"},{"taxonomy":"product_tag","embeddable":true,"href":"https:\/\/www.belart-gallery.com\/fr\/wp-json\/wp\/v2\/product_tag?post=18114"},{"taxonomy":"department","embeddable":true,"href":"https:\/\/www.belart-gallery.com\/fr\/wp-json\/wp\/v2\/department?post=18114"}],"curies":[{"name":"wp","href":"https:\/\/api.w.org\/{rel}","templated":true}]}}