{"id":20879,"date":"2025-10-14T22:49:03","date_gmt":"2025-10-14T22:49:03","guid":{"rendered":"https:\/\/www.belart-gallery.com\/?post_type=product&#038;p=20879"},"modified":"2026-01-20T12:56:54","modified_gmt":"2026-01-20T12:56:54","slug":"labsence-ecrite-by-sophie-dumont","status":"publish","type":"product","link":"https:\/\/www.belart-gallery.com\/fr\/product-page\/labsence-ecrite-by-sophie-dumont\/","title":{"rendered":"L&#8217;absence \u00e9crite"},"content":{"rendered":"<p>The artwork(L&#8217;absence \u00e9crite by Sophie Dumont)is available for pickup at BelArt Gallery in Brussels, Belgium, or it can be delivered to the address of your choice within 2 to 3 weeks after your order is confirmed. The artwork is insured during transportation, so there&#8217;s no risk. Origin: Belgium.<\/p>\n<p>L&#8217;artiste vous propose au choix un cadre noir ou bois naturel<\/p>\n<p>&#8220;L&#8217;absence \u00e9crite&#8221; est une \u0153uvre saisissante qui joue avec les contrastes et les espaces vides pour exprimer une r\u00e9flexion subtile sur le savoir et l&#8217;absence. \u00c0 travers cette huile sur toile de 80 x 80 cm, Sophie Dumont, reconnue pour son talent \u00e0 manipuler la mati\u00e8re et la couleur, nous plonge dans un monde o\u00f9 les livres, symboles de connaissances et de r\u00e9cits, semblent \u00eatre \u00e0 la fois pr\u00e9sents et absents.<\/p>\n<p>Les \u00e9tag\u00e8res remplies de volumes sombres sont habit\u00e9es par des nuances profondes de noir, de marron et de bleu, cr\u00e9ant une atmosph\u00e8re myst\u00e9rieuse et presque intime. Le vide au centre de l&#8217;\u0153uvre, un espace o\u00f9 rien n&#8217;est \u00e9crit, brise la continuit\u00e9 des livres et invite le spectateur \u00e0 s&#8217;interroger sur ce qui pourrait ou devrait y \u00eatre, sur ce qui manque.<\/p>\n<p>\u00c0 travers cette rupture visuelle, l&#8217;artiste nous invite \u00e0 explorer les th\u00e8mes de l&#8217;absence, de l&#8217;inachev\u00e9, et de l&#8217;impossible \u00e0 saisir, tout en nous rappelant la puissance silencieuse des objets qui, bien qu&#8217;invisibles, laissent une trace ind\u00e9l\u00e9bile. est ainsi une invitation \u00e0 r\u00e9fl\u00e9chir sur ce qui est non dit, et sur l&#8217;impact des manques dans notre compr\u00e9hension du monde.<\/p>","protected":false},"excerpt":{"rendered":"<p>The artwork(L&#8217;absence \u00e9crite by Sophie Dumont)is available for pickup at BelArt Gallery in Brussels, Belgium, or it can be delivered to the address of your choice within 2 to 3 weeks after your order is confirmed. The artwork is insured during transportation, so there&#8217;s no risk. Origin: Belgium. L&#8217;artiste vous propose au choix un cadre [&hellip;]<\/p>","protected":false},"featured_media":20880,"template":"","meta":{"_acf_changed":false,"inline_featured_image":false,"_monsterinsights_skip_tracking":false,"_monsterinsights_sitenote_active":false,"_monsterinsights_sitenote_note":"","_monsterinsights_sitenote_category":0},"product_brand":[180],"product_cat":[27,36],"product_tag":[117,245,128],"department":[],"class_list":{"0":"post-20879","1":"product","2":"type-product","3":"status-publish","4":"has-post-thumbnail","6":"product_brand-sophie-dumont","7":"product_cat-abstract","8":"product_cat-painting","9":"product_tag-abstract-art","10":"product_tag-books","11":"product_tag-geometric","12":"product_shipping_class-medium","14":"first","15":"instock","16":"sold-individually","17":"shipping-taxable","18":"purchasable","19":"product-type-simple"},"acf":[],"_links":{"self":[{"href":"https:\/\/www.belart-gallery.com\/fr\/wp-json\/wp\/v2\/product\/20879","targetHints":{"allow":["GET"]}}],"collection":[{"href":"https:\/\/www.belart-gallery.com\/fr\/wp-json\/wp\/v2\/product"}],"about":[{"href":"https:\/\/www.belart-gallery.com\/fr\/wp-json\/wp\/v2\/types\/product"}],"wp:featuredmedia":[{"embeddable":true,"href":"https:\/\/www.belart-gallery.com\/fr\/wp-json\/wp\/v2\/media\/20880"}],"wp:attachment":[{"href":"https:\/\/www.belart-gallery.com\/fr\/wp-json\/wp\/v2\/media?parent=20879"}],"wp:term":[{"taxonomy":"product_brand","embeddable":true,"href":"https:\/\/www.belart-gallery.com\/fr\/wp-json\/wp\/v2\/product_brand?post=20879"},{"taxonomy":"product_cat","embeddable":true,"href":"https:\/\/www.belart-gallery.com\/fr\/wp-json\/wp\/v2\/product_cat?post=20879"},{"taxonomy":"product_tag","embeddable":true,"href":"https:\/\/www.belart-gallery.com\/fr\/wp-json\/wp\/v2\/product_tag?post=20879"},{"taxonomy":"department","embeddable":true,"href":"https:\/\/www.belart-gallery.com\/fr\/wp-json\/wp\/v2\/department?post=20879"}],"curies":[{"name":"wp","href":"https:\/\/api.w.org\/{rel}","templated":true}]}}