{"id":23826,"date":"2025-10-28T01:47:24","date_gmt":"2025-10-28T01:47:24","guid":{"rendered":"https:\/\/www.belart-gallery.com\/?post_type=product&#038;p=23826"},"modified":"2025-10-28T02:00:03","modified_gmt":"2025-10-28T02:00:03","slug":"secco-by-antonino-puliafico","status":"publish","type":"product","link":"https:\/\/www.belart-gallery.com\/fr\/product-page\/secco-by-antonino-puliafico\/","title":{"rendered":"Secco"},"content":{"rendered":"<div>\n<div>\n<div>\n<p>The artwork(Secco by Antonino Puliafico) is available for pickup at BelArt Gallery in Brussels, Belgium, or it can be delivered to the address of your choice within 2 to 3 weeks after your order is confirmed. The artwork is insured during transportation, so there&#8217;s no risk. Origin: Belgium.<\/p>\n<\/div>\n<\/div>\n<\/div>\n<div>\n<p>Titolo: Secco Smalto Sintetico<br \/>\nTecnica: Smalto sintetico su tela<br \/>\nDimensioni: 125&#215;210 cm<br \/>\nAnno: 2022<\/p>\n<p>Questa imponente opera d&#8217;arte dal titolo &#8220;Secco Smalto Sintetico&#8221; \u00e8 un&#8217;evocazione affascinante dell&#8217;aridit\u00e0 e della siccit\u00e0, con un richiamo al celebre stile di Jackson Pollock. Il deserto in tutta la sua potenza \u00e8 catturato nelle grandi dimensioni della tela (125&#215;210 cm), permettendo allo spettatore di immergersi completamente nell&#8217;esperienza visiva. L&#8217;utilizzo dello smalto sintetico dona una profondit\u00e0 ed intensit\u00e0 uniche, in grado di catturare l&#8217;essenza del deserto e la sua infinita vastit\u00e0.<\/p>\n<p>L&#8217;opera, realizzata nel 2022, si caratterizza per un&#8217;energia vibrante che sprigiona dalle sue pennellate caotiche e apparentemente casuali. Non si pu\u00f2 fare a meno di ammirare la maestria dell&#8217;artista nel trasmettere il senso di aridit\u00e0 e siccit\u00e0 attraverso la fusione di colori e forme. La potenza di questo dipinto si manifesta anche nelle sue grandi dimensioni, in grado di dominare e catturare l&#8217;attenzione in qualsiasi spazio espositivo.<\/p>\n<p>&#8220;Secco Smalto Sintetico&#8221; \u00e8 un&#8217;opera che suscita profonde emozioni e risveglia la consapevolezza dell&#8217;essere umano nei confronti dell&#8217;ambiente che lo circonda. Acquistare questo dipinto significa possedere un&#8217;opera d&#8217;arte di grande impatto visivo e tematico, capace di arricchire e valorizzare qualsiasi collezione d&#8217;arte.<\/p>\n<\/div>","protected":false},"excerpt":{"rendered":"<p>The artwork(Secco by Antonino Puliafico) is available for pickup at BelArt Gallery in Brussels, Belgium, or it can be delivered to the address of your choice within 2 to 3 weeks after your order is confirmed. The artwork is insured during transportation, so there&#8217;s no risk. Origin: Belgium. Titolo: Secco Smalto Sintetico Tecnica: Smalto sintetico [&hellip;]<\/p>","protected":false},"featured_media":23827,"template":"","meta":{"_acf_changed":false,"inline_featured_image":false,"_monsterinsights_skip_tracking":false,"_monsterinsights_sitenote_active":false,"_monsterinsights_sitenote_note":"","_monsterinsights_sitenote_category":0},"product_brand":[214],"product_cat":[27,36],"product_tag":[117,123],"department":[],"class_list":{"0":"post-23826","1":"product","2":"type-product","3":"status-publish","4":"has-post-thumbnail","6":"product_brand-antonino-puliafico","7":"product_cat-abstract","8":"product_cat-painting","9":"product_tag-abstract-art","10":"product_tag-colorful-artwork","11":"product_shipping_class-rolled","13":"first","14":"instock","15":"sold-individually","16":"shipping-taxable","17":"purchasable","18":"product-type-simple"},"acf":[],"_links":{"self":[{"href":"https:\/\/www.belart-gallery.com\/fr\/wp-json\/wp\/v2\/product\/23826","targetHints":{"allow":["GET"]}}],"collection":[{"href":"https:\/\/www.belart-gallery.com\/fr\/wp-json\/wp\/v2\/product"}],"about":[{"href":"https:\/\/www.belart-gallery.com\/fr\/wp-json\/wp\/v2\/types\/product"}],"wp:featuredmedia":[{"embeddable":true,"href":"https:\/\/www.belart-gallery.com\/fr\/wp-json\/wp\/v2\/media\/23827"}],"wp:attachment":[{"href":"https:\/\/www.belart-gallery.com\/fr\/wp-json\/wp\/v2\/media?parent=23826"}],"wp:term":[{"taxonomy":"product_brand","embeddable":true,"href":"https:\/\/www.belart-gallery.com\/fr\/wp-json\/wp\/v2\/product_brand?post=23826"},{"taxonomy":"product_cat","embeddable":true,"href":"https:\/\/www.belart-gallery.com\/fr\/wp-json\/wp\/v2\/product_cat?post=23826"},{"taxonomy":"product_tag","embeddable":true,"href":"https:\/\/www.belart-gallery.com\/fr\/wp-json\/wp\/v2\/product_tag?post=23826"},{"taxonomy":"department","embeddable":true,"href":"https:\/\/www.belart-gallery.com\/fr\/wp-json\/wp\/v2\/department?post=23826"}],"curies":[{"name":"wp","href":"https:\/\/api.w.org\/{rel}","templated":true}]}}