{"id":23909,"date":"2025-10-28T15:20:48","date_gmt":"2025-10-28T15:20:48","guid":{"rendered":"https:\/\/www.belart-gallery.com\/?post_type=product&#038;p=23909"},"modified":"2025-10-28T15:37:45","modified_gmt":"2025-10-28T15:37:45","slug":"spazio-tempo-by-antonino-puliafico","status":"publish","type":"product","link":"https:\/\/www.belart-gallery.com\/fr\/product-page\/spazio-tempo-by-antonino-puliafico\/","title":{"rendered":"Spazio Tempo"},"content":{"rendered":"<div>\n<div>\n<div>\n<p>The artwork(Spazio Tempo by Antonino Puliafico) is available for pickup at BelArt Gallery in Brussels, Belgium, or it can be delivered to the address of your choice within 2 to 3 weeks after your order is confirmed. The artwork is insured during transportation, so there&#8217;s no risk. Origin: Belgium.<\/p>\n<\/div>\n<\/div>\n<\/div>\n<div>\n<p>Titolo: Spazio Tempo<br \/>\nTecnica: Olio su tela<br \/>\nDimensioni: 80&#215;90 cm<br \/>\nAnno: 2022<\/p>\n<p>La tela &#8220;Spazio Tempo&#8221; \u00e8 un&#8217;affascinante opera d&#8217;arte astratta che esplora la profondit\u00e0 e la complessit\u00e0 dello spazio e del tempo. Realizzata con olio su tela e utilizzando la tecnica della spatola, l&#8217;artista ha creato un&#8217;opera materica e corposa che coinvolge lo spettatore in un viaggio attraverso un mondo di colori vibranti e texture ricche.<\/p>\n<p>I toni predominanti di giallo, verde e blu si fondono perfettamente insieme, creando un&#8217;atmosfera dinamica e viscerale che risuona con l&#8217;energia e la vitalit\u00e0 della natura. L&#8217;uso della spatola d\u00e0 al dipinto un tocco distintivo, aggiungendo profondit\u00e0 e movimento alla composizione. Le spatolate audaci e coraggiose richiamano la sensazione di un&#8217;energia in continua evoluzione, evocando l&#8217;infinito ciclo di creazione e distruzione che caratterizza il nostro universo.<\/p>\n<\/div>","protected":false},"excerpt":{"rendered":"<p>The artwork(Spazio Tempo by Antonino Puliafico) is available for pickup at BelArt Gallery in Brussels, Belgium, or it can be delivered to the address of your choice within 2 to 3 weeks after your order is confirmed. The artwork is insured during transportation, so there&#8217;s no risk. Origin: Belgium. Titolo: Spazio Tempo Tecnica: Olio su [&hellip;]<\/p>","protected":false},"featured_media":23911,"template":"","meta":{"_acf_changed":false,"inline_featured_image":false,"_monsterinsights_skip_tracking":false,"_monsterinsights_sitenote_active":false,"_monsterinsights_sitenote_note":"","_monsterinsights_sitenote_category":0},"product_brand":[214],"product_cat":[27,36],"product_tag":[117,123],"department":[],"class_list":{"0":"post-23909","1":"product","2":"type-product","3":"status-publish","4":"has-post-thumbnail","6":"product_brand-antonino-puliafico","7":"product_cat-abstract","8":"product_cat-painting","9":"product_tag-abstract-art","10":"product_tag-colorful-artwork","11":"product_shipping_class-medium","13":"first","14":"instock","15":"sold-individually","16":"shipping-taxable","17":"purchasable","18":"product-type-simple"},"acf":[],"_links":{"self":[{"href":"https:\/\/www.belart-gallery.com\/fr\/wp-json\/wp\/v2\/product\/23909","targetHints":{"allow":["GET"]}}],"collection":[{"href":"https:\/\/www.belart-gallery.com\/fr\/wp-json\/wp\/v2\/product"}],"about":[{"href":"https:\/\/www.belart-gallery.com\/fr\/wp-json\/wp\/v2\/types\/product"}],"wp:featuredmedia":[{"embeddable":true,"href":"https:\/\/www.belart-gallery.com\/fr\/wp-json\/wp\/v2\/media\/23911"}],"wp:attachment":[{"href":"https:\/\/www.belart-gallery.com\/fr\/wp-json\/wp\/v2\/media?parent=23909"}],"wp:term":[{"taxonomy":"product_brand","embeddable":true,"href":"https:\/\/www.belart-gallery.com\/fr\/wp-json\/wp\/v2\/product_brand?post=23909"},{"taxonomy":"product_cat","embeddable":true,"href":"https:\/\/www.belart-gallery.com\/fr\/wp-json\/wp\/v2\/product_cat?post=23909"},{"taxonomy":"product_tag","embeddable":true,"href":"https:\/\/www.belart-gallery.com\/fr\/wp-json\/wp\/v2\/product_tag?post=23909"},{"taxonomy":"department","embeddable":true,"href":"https:\/\/www.belart-gallery.com\/fr\/wp-json\/wp\/v2\/department?post=23909"}],"curies":[{"name":"wp","href":"https:\/\/api.w.org\/{rel}","templated":true}]}}