{"id":27954,"date":"2025-11-19T18:49:31","date_gmt":"2025-11-19T18:49:31","guid":{"rendered":"https:\/\/www.belart-gallery.com\/?post_type=product&#038;p=27954"},"modified":"2025-11-19T18:57:16","modified_gmt":"2025-11-19T18:57:16","slug":"pensees-entrelacees-by-sophie-dumont","status":"publish","type":"product","link":"https:\/\/www.belart-gallery.com\/fr\/product-page\/pensees-entrelacees-by-sophie-dumont\/","title":{"rendered":"Pens\u00e9es entrelac\u00e9es"},"content":{"rendered":"<p>The artwork(Pens\u00e9es entrelac\u00e9es by Sophie Dumont)is available for pickup at BelArt Gallery in Brussels, Belgium, or it can be delivered to the address of your choice within 2 to 3 weeks after your order is confirmed. The artwork is insured during transportation, so there&#8217;s no risk. Origin: Belgium.<\/p>\n<p>In Intertwined Thoughts, Sophie Dumont explores the inner dimension of thought through a composition inspired by the abstract libraries that have become her signature. Books and chromatic fragments are woven together here like the threads of an inner dialogue.<br \/>\nSome forms overlap, others respond to or oppose each other, creating a visual network that evokes the circulation of ideas, their detours and their resonances.<\/p>\n<p>The philosopher Hannah Arendt&#8217;s statement resonates particularly with this work:<\/p>\n<p>Here, each \u201cvolume&#8221; becomes an idea that is posed, displaced, and reworked. The surface, entirely created with oil paint and a palette knife, reveals layers, repetitions, and traces of the gesture, like the memory of a thought in motion.<\/p>\n<p>is an elegant and meditative work, which questions our intimate relationship to knowledge, reading and the process of thought.<\/p>\n<p>Frame: American-style natural wood frame (or black on request)<br \/>\nOriginal signed artwork \u2013 Certificate of authenticity included<\/p>","protected":false},"excerpt":{"rendered":"<p>The artwork(Pens\u00e9es entrelac\u00e9es by Sophie Dumont)is available for pickup at BelArt Gallery in Brussels, Belgium, or it can be delivered to the address of your choice within 2 to 3 weeks after your order is confirmed. The artwork is insured during transportation, so there&#8217;s no risk. Origin: Belgium. In Intertwined Thoughts, Sophie Dumont explores the [&hellip;]<\/p>","protected":false},"featured_media":27955,"template":"","meta":{"_acf_changed":false,"inline_featured_image":false,"_monsterinsights_skip_tracking":false,"_monsterinsights_sitenote_active":false,"_monsterinsights_sitenote_note":"","_monsterinsights_sitenote_category":0},"product_brand":[180],"product_cat":[27,36],"product_tag":[117,245,169,128,246],"department":[],"class_list":{"0":"post-27954","1":"product","2":"type-product","3":"status-publish","4":"has-post-thumbnail","6":"product_brand-sophie-dumont","7":"product_cat-abstract","8":"product_cat-painting","9":"product_tag-abstract-art","10":"product_tag-books","11":"product_tag-colors","12":"product_tag-geometric","13":"product_tag-library","14":"product_shipping_class-medium","16":"first","17":"instock","18":"sold-individually","19":"shipping-taxable","20":"purchasable","21":"product-type-simple"},"acf":[],"_links":{"self":[{"href":"https:\/\/www.belart-gallery.com\/fr\/wp-json\/wp\/v2\/product\/27954","targetHints":{"allow":["GET"]}}],"collection":[{"href":"https:\/\/www.belart-gallery.com\/fr\/wp-json\/wp\/v2\/product"}],"about":[{"href":"https:\/\/www.belart-gallery.com\/fr\/wp-json\/wp\/v2\/types\/product"}],"wp:featuredmedia":[{"embeddable":true,"href":"https:\/\/www.belart-gallery.com\/fr\/wp-json\/wp\/v2\/media\/27955"}],"wp:attachment":[{"href":"https:\/\/www.belart-gallery.com\/fr\/wp-json\/wp\/v2\/media?parent=27954"}],"wp:term":[{"taxonomy":"product_brand","embeddable":true,"href":"https:\/\/www.belart-gallery.com\/fr\/wp-json\/wp\/v2\/product_brand?post=27954"},{"taxonomy":"product_cat","embeddable":true,"href":"https:\/\/www.belart-gallery.com\/fr\/wp-json\/wp\/v2\/product_cat?post=27954"},{"taxonomy":"product_tag","embeddable":true,"href":"https:\/\/www.belart-gallery.com\/fr\/wp-json\/wp\/v2\/product_tag?post=27954"},{"taxonomy":"department","embeddable":true,"href":"https:\/\/www.belart-gallery.com\/fr\/wp-json\/wp\/v2\/department?post=27954"}],"curies":[{"name":"wp","href":"https:\/\/api.w.org\/{rel}","templated":true}]}}