{"id":40832,"date":"2025-12-22T09:14:43","date_gmt":"2025-12-22T09:14:43","guid":{"rendered":"https:\/\/www.belart-gallery.com\/?post_type=product&#038;p=40832"},"modified":"2025-12-23T10:39:10","modified_gmt":"2025-12-23T10:39:10","slug":"lumiere-du-matin-iv-agnes-tiollier","status":"publish","type":"product","link":"https:\/\/www.belart-gallery.com\/fr\/product-page\/lumiere-du-matin-iv-agnes-tiollier\/","title":{"rendered":"Lumi\u00e8re du matin IV"},"content":{"rendered":"<p>The artwork (Lumi\u00e8re du matin IV by Agn\u00e8s Tiollier) is available for pickup at BelArt Gallery in Brussels, Belgium, or it can be delivered to the address of your choice within 2 to 3 weeks after your order is confirmed. The artwork is insured during transportation, so there&#8217;s no risk. Origin: Belgium.<\/p>\n<div class=\"about__right__item\">\n<div class=\"description-see-more\">\n<div data-limit=\"200\">\n<div class=\"about__right__item\">\n<div class=\"description-see-more\">\n<div data-limit=\"200\">\n<p>This work refers to the series of basins treated by the artist.<br \/>\nThe soft pastel color shades highlight the light and the blue of the sky which are reflected in the water of the pool. The bird&#8217;s eye view of the water lilies shows them sometimes in the shadows, sometimes in the light and the fuchsia-pink water lily flowers stand out against the blue background of the water.<br \/>\nThis work was presented at the Art Capital 2024 water drawing and painting fair in Paris. The work must be placed under glass by a professional framer, for its definitive protection.<\/p>\n<\/div>\n<\/div>\n<\/div>\n<\/div>\n<\/div>\n<\/div>","protected":false},"excerpt":{"rendered":"<p>The artwork (Lumi\u00e8re du matin IV by Agn\u00e8s Tiollier) is available for pickup at BelArt Gallery in Brussels, Belgium, or it can be delivered to the address of your choice within 2 to 3 weeks after your order is confirmed. The artwork is insured during transportation, so there&#8217;s no risk. Origin: Belgium. This work refers [&hellip;]<\/p>","protected":false},"featured_media":40833,"template":"","meta":{"_acf_changed":false,"inline_featured_image":false,"_monsterinsights_skip_tracking":false,"_monsterinsights_sitenote_active":false,"_monsterinsights_sitenote_note":"","_monsterinsights_sitenote_category":0},"product_brand":[216],"product_cat":[167,36],"product_tag":[123,169,126,127,244],"department":[],"class_list":{"0":"post-40832","1":"product","2":"type-product","3":"status-publish","4":"has-post-thumbnail","6":"product_brand-agnes-tiollier","7":"product_cat-figurative","8":"product_cat-painting","9":"product_tag-colorful-artwork","10":"product_tag-colors","11":"product_tag-figurative","12":"product_tag-floral","13":"product_tag-nature","14":"product_shipping_class-medium","16":"first","17":"instock","18":"sold-individually","19":"shipping-taxable","20":"purchasable","21":"product-type-simple"},"acf":[],"_links":{"self":[{"href":"https:\/\/www.belart-gallery.com\/fr\/wp-json\/wp\/v2\/product\/40832","targetHints":{"allow":["GET"]}}],"collection":[{"href":"https:\/\/www.belart-gallery.com\/fr\/wp-json\/wp\/v2\/product"}],"about":[{"href":"https:\/\/www.belart-gallery.com\/fr\/wp-json\/wp\/v2\/types\/product"}],"wp:featuredmedia":[{"embeddable":true,"href":"https:\/\/www.belart-gallery.com\/fr\/wp-json\/wp\/v2\/media\/40833"}],"wp:attachment":[{"href":"https:\/\/www.belart-gallery.com\/fr\/wp-json\/wp\/v2\/media?parent=40832"}],"wp:term":[{"taxonomy":"product_brand","embeddable":true,"href":"https:\/\/www.belart-gallery.com\/fr\/wp-json\/wp\/v2\/product_brand?post=40832"},{"taxonomy":"product_cat","embeddable":true,"href":"https:\/\/www.belart-gallery.com\/fr\/wp-json\/wp\/v2\/product_cat?post=40832"},{"taxonomy":"product_tag","embeddable":true,"href":"https:\/\/www.belart-gallery.com\/fr\/wp-json\/wp\/v2\/product_tag?post=40832"},{"taxonomy":"department","embeddable":true,"href":"https:\/\/www.belart-gallery.com\/fr\/wp-json\/wp\/v2\/department?post=40832"}],"curies":[{"name":"wp","href":"https:\/\/api.w.org\/{rel}","templated":true}]}}