{"id":41074,"date":"2025-12-23T09:01:34","date_gmt":"2025-12-23T09:01:34","guid":{"rendered":"https:\/\/www.belart-gallery.com\/?post_type=product&#038;p=41074"},"modified":"2025-12-23T10:47:03","modified_gmt":"2025-12-23T10:47:03","slug":"dream-without-limits-copy","status":"publish","type":"product","link":"https:\/\/www.belart-gallery.com\/fr\/product-page\/dream-without-limits-copy\/","title":{"rendered":"In search of silence"},"content":{"rendered":"<div class=\"description-see-more\">\n<div data-limit=\"200\">\n<p>The artwork (In search of silence by Nadin Antoniuk) is available for pickup at BelArt Gallery in Brussels, Belgium, or it can be delivered to the address of your choice within 2 to 3 weeks after your order is confirmed. The artwork is insured during transportation, so there&#8217;s no risk. Origin: Belgium.<\/p>\n<p>Rehaussez votre int\u00e9rieur avec l'\u00e9nergie captivante d'une peinture abstraite originale inspir\u00e9e de Jackson Pollock, rendue dans des tons sereins. Parfaite pour les amateurs de solutions de design originales et non conventionnelles, cette \u0153uvre d'art associe une expression dynamique \u00e0 une palette de couleurs apaisantes pour cr\u00e9er un point focal unique dans n'importe quelle pi\u00e8ce. Ses \u00e9claboussures et ses couches complexes invitent \u00e0 la contemplation et \u00e0 la conversation, ce qui en fait un ajout id\u00e9al pour ceux qui appr\u00e9cient \u00e0 la fois l'art moderne et une atmosph\u00e8re paisible. Transformez votre espace de vie, votre chambre ou votre bureau avec cette pi\u00e8ce \u00e9tonnante qui allie harmonieusement l'innovation artistique \u00e0 une \u00e9l\u00e9gante s\u00e9r\u00e9nit\u00e9.<\/p>\n<p>&#8220;Have you ever heard the wonderful silence that appears just before the dawn? Or the stillness and peace just as a storm ends. Or the hush of a country road at night. Or the moment after the door closes and you&#8217;re alone in the whole house, alone in the whole world. Or, perhaps, you know the silence when you don&#8217;t know the answer to a question you&#8217;ve been asked. Or the time when you return to the office after it&#8217;s closed. Empty stairs and phones don&#8217;t ring. Nobody is there. Silence. Or the quietness when you wake up before everyone else in the house and walk on tiptoe so that no one wakes up and disturbs your &#8220;Me and my silence.&#8221; Or when no words are needed. You understand each other silently. It is so good that you want it to last forever. Or is it the silence when you know &#8211; it&#8217;s over? Each of this silences is different. And&#8230;, you know,&#8230; all of them are beautiful, if you listen carefully.&#8221;<\/p>\n<p>&#8211; Title: &#8220;In search of silence&#8221; Art.: 150332<\/p>\n<p>Size of 2 paintings after stretching:<\/p>\n<p>Part 1: 38&#8243; x 78&#8243;\/ 95 x 200 cm. Part 2: 38&#8243; x 38&#8243;\/ 95 x 95 cm.<\/p>\n<p>Size of two canvases with borders (the whole canvas you receive) :<\/p>\n<p>Part 1: 43&#8243; x 84&#8243;\/ 109 x 212 cm. Part 2: 43&#8243; x 41&#8243;\/ 109 x 105 cm.<\/p>\n<p>The painting has additional 2.5&#8243; (6 &#8211; 7 cm.) borders around the art for convenient stretching. Additional borders of the canvas are painted so it can be hung with or without a frame as preferred. Recommended distance between two paintings +-20 cm.<\/p>\n<p>Technique: Painting is made using a multi-layer paint technique. A million multi-colored splashes are dry before each subsequent coat. In general, the painting has about 50 layers of the application of color colorful splashes and dots. Splashes in the Jackson Pollock style.<\/p>\n<p class=\"p1\">Not stretched. You will receive it rolled, in a tube, ready for stretching. We recommend having your painting stretched at a local custom framing shop, which is usually the most affordable and convenient option for large canvases. You can also contact us to check the possibility of having it framed directly by our team.<\/p>\n<\/div>\n<\/div>","protected":false},"excerpt":{"rendered":"<p>The artwork (In search of silence by Nadin Antoniuk) is available for pickup at BelArt Gallery in Brussels, Belgium, or it can be delivered to the address of your choice within 2 to 3 weeks after your order is confirmed. The artwork is insured during transportation, so there&#8217;s no risk. Origin: Belgium. Elevate your interior [&hellip;]<\/p>","protected":false},"featured_media":41075,"template":"","meta":{"_acf_changed":false,"inline_featured_image":false,"_monsterinsights_skip_tracking":false,"_monsterinsights_sitenote_active":false,"_monsterinsights_sitenote_note":"","_monsterinsights_sitenote_category":0},"product_brand":[187],"product_cat":[27,36],"product_tag":[123,169,139],"department":[],"class_list":{"0":"post-41074","1":"product","2":"type-product","3":"status-publish","4":"has-post-thumbnail","6":"product_brand-nadin-antoniuk","7":"product_cat-abstract","8":"product_cat-painting","9":"product_tag-colorful-artwork","10":"product_tag-colors","11":"product_tag-textured-art","12":"product_shipping_class-rolled","14":"first","15":"instock","16":"sold-individually","17":"shipping-taxable","18":"purchasable","19":"product-type-simple"},"acf":[],"_links":{"self":[{"href":"https:\/\/www.belart-gallery.com\/fr\/wp-json\/wp\/v2\/product\/41074","targetHints":{"allow":["GET"]}}],"collection":[{"href":"https:\/\/www.belart-gallery.com\/fr\/wp-json\/wp\/v2\/product"}],"about":[{"href":"https:\/\/www.belart-gallery.com\/fr\/wp-json\/wp\/v2\/types\/product"}],"wp:featuredmedia":[{"embeddable":true,"href":"https:\/\/www.belart-gallery.com\/fr\/wp-json\/wp\/v2\/media\/41075"}],"wp:attachment":[{"href":"https:\/\/www.belart-gallery.com\/fr\/wp-json\/wp\/v2\/media?parent=41074"}],"wp:term":[{"taxonomy":"product_brand","embeddable":true,"href":"https:\/\/www.belart-gallery.com\/fr\/wp-json\/wp\/v2\/product_brand?post=41074"},{"taxonomy":"product_cat","embeddable":true,"href":"https:\/\/www.belart-gallery.com\/fr\/wp-json\/wp\/v2\/product_cat?post=41074"},{"taxonomy":"product_tag","embeddable":true,"href":"https:\/\/www.belart-gallery.com\/fr\/wp-json\/wp\/v2\/product_tag?post=41074"},{"taxonomy":"department","embeddable":true,"href":"https:\/\/www.belart-gallery.com\/fr\/wp-json\/wp\/v2\/department?post=41074"}],"curies":[{"name":"wp","href":"https:\/\/api.w.org\/{rel}","templated":true}]}}