{"id":42590,"date":"2026-01-11T02:01:20","date_gmt":"2026-01-11T02:01:20","guid":{"rendered":"https:\/\/www.belart-gallery.com\/?post_type=product&#038;p=42590"},"modified":"2026-01-11T02:07:22","modified_gmt":"2026-01-11T02:07:22","slug":"tilolo-by-bbqueen","status":"publish","type":"product","link":"https:\/\/www.belart-gallery.com\/fr\/product-page\/tilolo-by-bbqueen\/","title":{"rendered":"Tilolo"},"content":{"rendered":"<p>The artwork (Tilolo by BBQueen) is available for pickup at BelArt Gallery in Brussels, Belgium, or it can be delivered to the address of your choice within 2 to 3 weeks after your order is confirmed. The artwork is insured during transportation, so there&#8217;s no risk. Origin: Belgium.<\/p>\n<p>Cette \u0153uvre d'art est une composition de gribouillis \u00e9tonnamment complexe, dens\u00e9ment remplie d'un \u00e9ventail de personnages fantaisistes et caricaturaux et de formes abstraites. Chaque figure est m\u00e9ticuleusement dessin\u00e9e et pr\u00e9sente une vari\u00e9t\u00e9 d'expressions et de styles, cr\u00e9ant ainsi une tapisserie anim\u00e9e d'imagination. La palette monochrome pr\u00e9dominante souligne la complexit\u00e9 et les d\u00e9tails de chaque \u00e9l\u00e9ment, permettant au spectateur de se perdre dans la myriade de formes uniques. En bas \u00e0 droite, une forme noire audacieuse avec deux yeux blancs se d\u00e9tache, ajoutant un sens de concentration et d'ancrage \u00e0 la composition. Cette \u0153uvre illustre la ma\u00eetrise du d\u00e9tail et de la cr\u00e9ativit\u00e9 de l'artiste, \u00e9voquant un sentiment de chaos ludique et de narration complexe. Le simple volume de personnages et de symboles distincts invite le public \u00e0 rechercher des r\u00e9cits et des motifs, ce qui garantit une exp\u00e9rience dynamique et attrayante \u00e0 chaque visionnement.<\/p>","protected":false},"excerpt":{"rendered":"<p>The artwork (Tilolo by BBQueen) is available for pickup at BelArt Gallery in Brussels, Belgium, or it can be delivered to the address of your choice within 2 to 3 weeks after your order is confirmed. The artwork is insured during transportation, so there&#8217;s no risk. Origin: Belgium. This artwork is a strikingly intricate doodle [&hellip;]<\/p>","protected":false},"featured_media":42591,"template":"","meta":{"_acf_changed":false,"inline_featured_image":false,"_monsterinsights_skip_tracking":false,"_monsterinsights_sitenote_active":false,"_monsterinsights_sitenote_note":"","_monsterinsights_sitenote_category":0},"product_brand":[210],"product_cat":[167,148,36],"product_tag":[123,230,138],"department":[],"class_list":{"0":"post-42590","1":"product","2":"type-product","3":"status-publish","4":"has-post-thumbnail","6":"product_brand-bbqueen","7":"product_cat-figurative","8":"product_cat-crush-of-the-month","9":"product_cat-painting","10":"product_tag-colorful-artwork","11":"product_tag-graffiti","12":"product_tag-street-art","13":"product_shipping_class-medium","15":"first","16":"instock","17":"sold-individually","18":"shipping-taxable","19":"purchasable","20":"product-type-simple"},"acf":[],"_links":{"self":[{"href":"https:\/\/www.belart-gallery.com\/fr\/wp-json\/wp\/v2\/product\/42590","targetHints":{"allow":["GET"]}}],"collection":[{"href":"https:\/\/www.belart-gallery.com\/fr\/wp-json\/wp\/v2\/product"}],"about":[{"href":"https:\/\/www.belart-gallery.com\/fr\/wp-json\/wp\/v2\/types\/product"}],"wp:featuredmedia":[{"embeddable":true,"href":"https:\/\/www.belart-gallery.com\/fr\/wp-json\/wp\/v2\/media\/42591"}],"wp:attachment":[{"href":"https:\/\/www.belart-gallery.com\/fr\/wp-json\/wp\/v2\/media?parent=42590"}],"wp:term":[{"taxonomy":"product_brand","embeddable":true,"href":"https:\/\/www.belart-gallery.com\/fr\/wp-json\/wp\/v2\/product_brand?post=42590"},{"taxonomy":"product_cat","embeddable":true,"href":"https:\/\/www.belart-gallery.com\/fr\/wp-json\/wp\/v2\/product_cat?post=42590"},{"taxonomy":"product_tag","embeddable":true,"href":"https:\/\/www.belart-gallery.com\/fr\/wp-json\/wp\/v2\/product_tag?post=42590"},{"taxonomy":"department","embeddable":true,"href":"https:\/\/www.belart-gallery.com\/fr\/wp-json\/wp\/v2\/department?post=42590"}],"curies":[{"name":"wp","href":"https:\/\/api.w.org\/{rel}","templated":true}]}}