{"id":42660,"date":"2026-01-12T00:52:30","date_gmt":"2026-01-12T00:52:30","guid":{"rendered":"https:\/\/www.belart-gallery.com\/?post_type=product&#038;p=42660"},"modified":"2026-01-12T01:06:59","modified_gmt":"2026-01-12T01:06:59","slug":"graphis-metal-sculpture-by-belart-collective","status":"publish","type":"product","link":"https:\/\/www.belart-gallery.com\/fr\/product-page\/graphis-metal-sculpture-by-belart-collective\/","title":{"rendered":"Graphis (Metal sculpture)"},"content":{"rendered":"<p>The artwork(Graphis (Metal sculpture) by Belart Collective) is available for pickup at BelArt Gallery in Brussels, Belgium, or it can be delivered to the address of your choice within 2 to 3 weeks after your order is confirmed. The artwork is insured during transportation, so there&#8217;s no risk. Origin: Belgium.<br \/>\nFusionnant le design contemporain et l'essence calligraphique traditionnelle, cette sculpture incarne les courbes et les lignes inspir\u00e9es des lettres arabes, c\u00e9l\u00e9brant le m\u00e9lange harmonieux de l'h\u00e9ritage culturel et de l'art moderne.<\/p>","protected":false},"excerpt":{"rendered":"<p>The artwork(Graphis (Metal sculpture) by Belart Collective) is available for pickup at BelArt Gallery in Brussels, Belgium, or it can be delivered to the address of your choice within 2 to 3 weeks after your order is confirmed. The artwork is insured during transportation, so there&#8217;s no risk. Origin: Belgium. With a fusion of contemporary [&hellip;]<\/p>","protected":false},"featured_media":42662,"template":"","meta":{"_acf_changed":false,"inline_featured_image":false,"_monsterinsights_skip_tracking":false,"_monsterinsights_sitenote_active":false,"_monsterinsights_sitenote_note":"","_monsterinsights_sitenote_category":0},"product_brand":[209],"product_cat":[27,57,217],"product_tag":[117,122,136],"department":[],"class_list":{"0":"post-42660","1":"product","2":"type-product","3":"status-publish","4":"has-post-thumbnail","6":"product_brand-belart-collective","7":"product_cat-abstract","8":"product_cat-calligraphy","9":"product_cat-sculpture","10":"product_tag-abstract-art","11":"product_tag-calligraphy","12":"product_tag-sculpture","13":"product_shipping_class-medium","15":"first","16":"instock","17":"sold-individually","18":"shipping-taxable","19":"purchasable","20":"product-type-simple"},"acf":[],"_links":{"self":[{"href":"https:\/\/www.belart-gallery.com\/fr\/wp-json\/wp\/v2\/product\/42660","targetHints":{"allow":["GET"]}}],"collection":[{"href":"https:\/\/www.belart-gallery.com\/fr\/wp-json\/wp\/v2\/product"}],"about":[{"href":"https:\/\/www.belart-gallery.com\/fr\/wp-json\/wp\/v2\/types\/product"}],"wp:featuredmedia":[{"embeddable":true,"href":"https:\/\/www.belart-gallery.com\/fr\/wp-json\/wp\/v2\/media\/42662"}],"wp:attachment":[{"href":"https:\/\/www.belart-gallery.com\/fr\/wp-json\/wp\/v2\/media?parent=42660"}],"wp:term":[{"taxonomy":"product_brand","embeddable":true,"href":"https:\/\/www.belart-gallery.com\/fr\/wp-json\/wp\/v2\/product_brand?post=42660"},{"taxonomy":"product_cat","embeddable":true,"href":"https:\/\/www.belart-gallery.com\/fr\/wp-json\/wp\/v2\/product_cat?post=42660"},{"taxonomy":"product_tag","embeddable":true,"href":"https:\/\/www.belart-gallery.com\/fr\/wp-json\/wp\/v2\/product_tag?post=42660"},{"taxonomy":"department","embeddable":true,"href":"https:\/\/www.belart-gallery.com\/fr\/wp-json\/wp\/v2\/department?post=42660"}],"curies":[{"name":"wp","href":"https:\/\/api.w.org\/{rel}","templated":true}]}}