{"id":42934,"date":"2026-01-14T17:47:19","date_gmt":"2026-01-14T17:47:19","guid":{"rendered":"https:\/\/www.belart-gallery.com\/?post_type=product&#038;p=42934"},"modified":"2026-01-14T17:55:19","modified_gmt":"2026-01-14T17:55:19","slug":"sbuffo-di-azzurro-antonino-puliafico","status":"publish","type":"product","link":"https:\/\/www.belart-gallery.com\/fr\/product-page\/sbuffo-di-azzurro-antonino-puliafico\/","title":{"rendered":"Sbuffo di azzurro"},"content":{"rendered":"<div>\n<div>\n<div>\n<p>The artwork(Abbaglio al crepuscolo by Antonino Puliafico) is available for pickup at BelArt Gallery in Brussels, Belgium, or it can be delivered to the address of your choice within 2 to 3 weeks after your order is confirmed. The artwork is insured during transportation, so there&#8217;s no risk. Origin: Belgium.<\/p>\n<p>Not stretched. You will receive it rolled, in a tube, ready for stretching.<br \/>\nWe recommend having your painting stretched at a local custom framing shop, which is usually the most affordable and convenient option for large canvases.<br \/>\nYou can also contact us to check the possibility of having it framed directly by our team.<\/p>\n<p>Dans la lumi\u00e8re sereine de mon atelier, j'ai captur\u00e9 l'essence vibrante et puissante de la nature. Chaque coup de spatule sur la toile d\u00e9voile un paysage unique o\u00f9 le ciel et la terre se confondent dans une danse \u00e9ternelle. L'huile sur toile brille, refl\u00e9tant non seulement les couleurs, mais aussi les \u00e9motions et les sensations que je souhaite transmettre.<\/p>\n<p>Signature: Signed in the lower right corner<\/p>\n<p>All paintings are crafted with high-quality colours on cotton or linen canvas.<\/p>\n<p>The painting comes stretched on a sturdy frame, ready to hang. However, for larger works exceeding 130&#215;150 cm, 51.18&#215;59.06 inches, the painting will be shipped rolled in a tube due to the high shipping costs.<br \/>\nIf you wish for the artwork to be framed nonetheless.<\/p>\n<\/div>\n<\/div>\n<\/div>","protected":false},"excerpt":{"rendered":"<p>The artwork(Abbaglio al crepuscolo by Antonino Puliafico) is available for pickup at BelArt Gallery in Brussels, Belgium, or it can be delivered to the address of your choice within 2 to 3 weeks after your order is confirmed. The artwork is insured during transportation, so there&#8217;s no risk. Origin: Belgium. Not stretched. You will receive [&hellip;]<\/p>","protected":false},"featured_media":42935,"template":"","meta":{"_acf_changed":false,"inline_featured_image":false,"_monsterinsights_skip_tracking":false,"_monsterinsights_sitenote_active":false,"_monsterinsights_sitenote_note":"","_monsterinsights_sitenote_category":0},"product_brand":[214],"product_cat":[36],"product_tag":[248],"department":[],"class_list":{"0":"post-42934","1":"product","2":"type-product","3":"status-publish","4":"has-post-thumbnail","6":"product_brand-antonino-puliafico","7":"product_cat-painting","8":"product_tag-sky","9":"product_shipping_class-medium","11":"first","12":"instock","13":"sold-individually","14":"shipping-taxable","15":"purchasable","16":"product-type-simple"},"acf":[],"_links":{"self":[{"href":"https:\/\/www.belart-gallery.com\/fr\/wp-json\/wp\/v2\/product\/42934","targetHints":{"allow":["GET"]}}],"collection":[{"href":"https:\/\/www.belart-gallery.com\/fr\/wp-json\/wp\/v2\/product"}],"about":[{"href":"https:\/\/www.belart-gallery.com\/fr\/wp-json\/wp\/v2\/types\/product"}],"wp:featuredmedia":[{"embeddable":true,"href":"https:\/\/www.belart-gallery.com\/fr\/wp-json\/wp\/v2\/media\/42935"}],"wp:attachment":[{"href":"https:\/\/www.belart-gallery.com\/fr\/wp-json\/wp\/v2\/media?parent=42934"}],"wp:term":[{"taxonomy":"product_brand","embeddable":true,"href":"https:\/\/www.belart-gallery.com\/fr\/wp-json\/wp\/v2\/product_brand?post=42934"},{"taxonomy":"product_cat","embeddable":true,"href":"https:\/\/www.belart-gallery.com\/fr\/wp-json\/wp\/v2\/product_cat?post=42934"},{"taxonomy":"product_tag","embeddable":true,"href":"https:\/\/www.belart-gallery.com\/fr\/wp-json\/wp\/v2\/product_tag?post=42934"},{"taxonomy":"department","embeddable":true,"href":"https:\/\/www.belart-gallery.com\/fr\/wp-json\/wp\/v2\/department?post=42934"}],"curies":[{"name":"wp","href":"https:\/\/api.w.org\/{rel}","templated":true}]}}