{"id":43011,"date":"2026-01-15T03:13:52","date_gmt":"2026-01-15T03:13:52","guid":{"rendered":"https:\/\/www.belart-gallery.com\/?post_type=product&#038;p=43011"},"modified":"2026-01-15T03:23:21","modified_gmt":"2026-01-15T03:23:21","slug":"timeless-steve-mcqueen-le-mans-porsche-gulf-917-by-belart-collective","status":"publish","type":"product","link":"https:\/\/www.belart-gallery.com\/fr\/product-page\/timeless-steve-mcqueen-le-mans-porsche-gulf-917-by-belart-collective\/","title":{"rendered":"Timeless Steve Mcqueen &#8211; Le Mans &#8211; Porsche Gulf 917"},"content":{"rendered":"<div>\n<p>The artwork(Timeless Steve Mcqueen &#8211; Le Mans &#8211; Porsche Gulf 917 by Belart Collective) is available for pickup at BelArt Gallery in Brussels, Belgium, or it can be delivered to the address of your choice within 2 to 3 weeks after your order is confirmed. The artwork is insured during transportation, so there&#8217;s no risk. Origin: Belgium.<\/p>\n<\/div>\n<div>\n<p>Le tableau de style pop art \"Timeless Steve McQueen\" capture l'essence de la vitesse, du luxe intemporel et de la beaut\u00e9. Repr\u00e9sentant la course embl\u00e9matique du Mans, l'\u0153uvre met en sc\u00e8ne des v\u00e9hicules \u00e9l\u00e9gants et puissants en mouvement, \u00e9voquant un sentiment de vitesse et d'excitation. Cette peinture est un m\u00e9lange parfait d'art et d'adr\u00e9naline, ce qui en fait un objet indispensable pour tout amateur de course automobile ou collectionneur d'art qui appr\u00e9cie la beaut\u00e9 de la vitesse.<\/p>\n<\/div>","protected":false},"excerpt":{"rendered":"<p>The artwork(Timeless Steve Mcqueen &#8211; Le Mans &#8211; Porsche Gulf 917 by Belart Collective) is available for pickup at BelArt Gallery in Brussels, Belgium, or it can be delivered to the address of your choice within 2 to 3 weeks after your order is confirmed. The artwork is insured during transportation, so there&#8217;s no risk. [&hellip;]<\/p>","protected":false},"featured_media":43012,"template":"","meta":{"_acf_changed":false,"inline_featured_image":false,"_monsterinsights_skip_tracking":false,"_monsterinsights_sitenote_active":false,"_monsterinsights_sitenote_note":"","_monsterinsights_sitenote_category":0},"product_brand":[209],"product_cat":[36],"product_tag":[133,134],"department":[],"class_list":{"0":"post-43011","1":"product","2":"type-product","3":"status-publish","4":"has-post-thumbnail","6":"product_brand-belart-collective","7":"product_cat-painting","8":"product_tag-pop-art-artworks","9":"product_tag-portrait","10":"product_shipping_class-large","12":"first","13":"instock","14":"sold-individually","15":"shipping-taxable","16":"purchasable","17":"product-type-simple"},"acf":[],"_links":{"self":[{"href":"https:\/\/www.belart-gallery.com\/fr\/wp-json\/wp\/v2\/product\/43011","targetHints":{"allow":["GET"]}}],"collection":[{"href":"https:\/\/www.belart-gallery.com\/fr\/wp-json\/wp\/v2\/product"}],"about":[{"href":"https:\/\/www.belart-gallery.com\/fr\/wp-json\/wp\/v2\/types\/product"}],"wp:featuredmedia":[{"embeddable":true,"href":"https:\/\/www.belart-gallery.com\/fr\/wp-json\/wp\/v2\/media\/43012"}],"wp:attachment":[{"href":"https:\/\/www.belart-gallery.com\/fr\/wp-json\/wp\/v2\/media?parent=43011"}],"wp:term":[{"taxonomy":"product_brand","embeddable":true,"href":"https:\/\/www.belart-gallery.com\/fr\/wp-json\/wp\/v2\/product_brand?post=43011"},{"taxonomy":"product_cat","embeddable":true,"href":"https:\/\/www.belart-gallery.com\/fr\/wp-json\/wp\/v2\/product_cat?post=43011"},{"taxonomy":"product_tag","embeddable":true,"href":"https:\/\/www.belart-gallery.com\/fr\/wp-json\/wp\/v2\/product_tag?post=43011"},{"taxonomy":"department","embeddable":true,"href":"https:\/\/www.belart-gallery.com\/fr\/wp-json\/wp\/v2\/department?post=43011"}],"curies":[{"name":"wp","href":"https:\/\/api.w.org\/{rel}","templated":true}]}}