{"id":43019,"date":"2026-01-15T03:26:13","date_gmt":"2026-01-15T03:26:13","guid":{"rendered":"https:\/\/www.belart-gallery.com\/?post_type=product&#038;p=43019"},"modified":"2026-01-15T03:35:52","modified_gmt":"2026-01-15T03:35:52","slug":"marilyn-monroe-wonder-marilyn-in-her-louis-vuitton-dress-by-belart-collective","status":"publish","type":"product","link":"https:\/\/www.belart-gallery.com\/fr\/product-page\/marilyn-monroe-wonder-marilyn-in-her-louis-vuitton-dress-by-belart-collective\/","title":{"rendered":"Marilyn Monroe &#8211; Wonder Marilyn in her Louis Vuitton dress"},"content":{"rendered":"<div>\n<p>The artwork(Marilyn Monroe &#8211; Wonder Marilyn in her Louis Vuitton dress by Belart Collective) is available for pickup at BelArt Gallery in Brussels, Belgium, or it can be delivered to the address of your choice within 2 to 3 weeks after your order is confirmed. The artwork is insured during transportation, so there&#8217;s no risk. Origin: Belgium.<\/p>\n<\/div>\n<div>\n<p>Le tableau d\u00e9peint la force des femmes dans la soci\u00e9t\u00e9 d'aujourd'hui, en soulignant les traits de la l\u00e9gendaire Marilyn Monroe. Cette figure embl\u00e9matique est r\u00e9put\u00e9e pour son intemporalit\u00e9 et son aspiration \u00e0 l'harmonie et \u00e0 la joie dans le monde.<\/p>\n<\/div>","protected":false},"excerpt":{"rendered":"<p>The artwork(Marilyn Monroe &#8211; Wonder Marilyn in her Louis Vuitton dress by Belart Collective) is available for pickup at BelArt Gallery in Brussels, Belgium, or it can be delivered to the address of your choice within 2 to 3 weeks after your order is confirmed. The artwork is insured during transportation, so there&#8217;s no risk. [&hellip;]<\/p>","protected":false},"featured_media":43020,"template":"","meta":{"_acf_changed":false,"inline_featured_image":false,"_monsterinsights_skip_tracking":false,"_monsterinsights_sitenote_active":false,"_monsterinsights_sitenote_note":"","_monsterinsights_sitenote_category":0},"product_brand":[209],"product_cat":[36],"product_tag":[123,130,133],"department":[],"class_list":{"0":"post-43019","1":"product","2":"type-product","3":"status-publish","4":"has-post-thumbnail","6":"product_brand-belart-collective","7":"product_cat-painting","8":"product_tag-colorful-artwork","9":"product_tag-luxury","10":"product_tag-pop-art-artworks","11":"product_shipping_class-large","13":"first","14":"instock","15":"sold-individually","16":"shipping-taxable","17":"purchasable","18":"product-type-simple"},"acf":[],"_links":{"self":[{"href":"https:\/\/www.belart-gallery.com\/fr\/wp-json\/wp\/v2\/product\/43019","targetHints":{"allow":["GET"]}}],"collection":[{"href":"https:\/\/www.belart-gallery.com\/fr\/wp-json\/wp\/v2\/product"}],"about":[{"href":"https:\/\/www.belart-gallery.com\/fr\/wp-json\/wp\/v2\/types\/product"}],"wp:featuredmedia":[{"embeddable":true,"href":"https:\/\/www.belart-gallery.com\/fr\/wp-json\/wp\/v2\/media\/43020"}],"wp:attachment":[{"href":"https:\/\/www.belart-gallery.com\/fr\/wp-json\/wp\/v2\/media?parent=43019"}],"wp:term":[{"taxonomy":"product_brand","embeddable":true,"href":"https:\/\/www.belart-gallery.com\/fr\/wp-json\/wp\/v2\/product_brand?post=43019"},{"taxonomy":"product_cat","embeddable":true,"href":"https:\/\/www.belart-gallery.com\/fr\/wp-json\/wp\/v2\/product_cat?post=43019"},{"taxonomy":"product_tag","embeddable":true,"href":"https:\/\/www.belart-gallery.com\/fr\/wp-json\/wp\/v2\/product_tag?post=43019"},{"taxonomy":"department","embeddable":true,"href":"https:\/\/www.belart-gallery.com\/fr\/wp-json\/wp\/v2\/department?post=43019"}],"curies":[{"name":"wp","href":"https:\/\/api.w.org\/{rel}","templated":true}]}}