{"id":44234,"date":"2026-01-28T01:42:33","date_gmt":"2026-01-28T01:42:33","guid":{"rendered":"https:\/\/www.belart-gallery.com\/?post_type=product&#038;p=44234"},"modified":"2026-01-28T01:51:20","modified_gmt":"2026-01-28T01:51:20","slug":"chroniques-de-lesprit-by-sophie-dumont","status":"publish","type":"product","link":"https:\/\/www.belart-gallery.com\/fr\/product-page\/chroniques-de-lesprit-by-sophie-dumont\/","title":{"rendered":"Chroniques de l&#8217;esprit"},"content":{"rendered":"<p>The artwork(Chroniques de l&#8217;esprit by Sophie Dumont)is available for pickup at BelArt Gallery in Brussels, Belgium, or it can be delivered to the address of your choice within 2 to 3 weeks after your order is confirmed. The artwork is insured during transportation, so there&#8217;s no risk. Origin: Belgium.<\/p>\n<div data-limit=\"200\">\n<p>Avec \"Chroniques de l'esprit\", Sophie Dumont nous invite \u00e0 une exploration subtile des lignes et des volumes \u00e0 travers l'art de la peinture \u00e0 l'huile. Cette \u0153uvre de 150 x 50 cm s'inscrit dans une d\u00e9marche contemporaine o\u00f9 la ma\u00eetrise des textures et des couleurs est essentielle. Au premier abord, l'\u0153uvre semble capturer l'essence m\u00eame de la r\u00e9flexion, de l'intellect et de l'immat\u00e9riel \u00e0 travers la repr\u00e9sentation du livre, m\u00e9taphore du savoir et de la sagesse accumul\u00e9e.<\/p>\n<p>Les couleurs choisies, allant de tons sombres \u00e0 des nuances plus chaudes et plus lumineuses, cr\u00e9ent un dialogue entre les ombres et la lumi\u00e8re. Cette dynamique refl\u00e8te le processus intellectuel qui oscille entre l'obscurit\u00e9 des questions et la clart\u00e9 des r\u00e9ponses. Les lignes verticales rigides et structur\u00e9es symbolisent l'ordre et la logique, tandis que l'espacement, \u00e0 la fois calme et dynamique, sugg\u00e8re une pens\u00e9e en constante \u00e9volution, une qu\u00eate de connaissance en perp\u00e9tuelle transformation.<\/p>\n<p>Le contraste des couleurs, avec des accents d'orange et de jaune, peut \u00eatre interpr\u00e9t\u00e9 comme une lumi\u00e8re vive dans l'obscurit\u00e9. Les livres, qui se succ\u00e8dent sans d\u00e9calage apparent, g\u00e9n\u00e8rent un sentiment de fluidit\u00e9 dans l'agencement de l'espace pictural, qui symbolise le mouvement continu des id\u00e9es et des pens\u00e9es, leur interd\u00e9pendance. La surface textur\u00e9e de la toile, travaill\u00e9e par des coups de pinceau affirm\u00e9s, renforce la dimension organique de l'\u0153uvre, comme si chaque livre, chaque \u00e9tag\u00e8re, \u00e9tait une \u00e9tape dans le cheminement intellectuel de l'homme.<\/p>\n<p>\"Chroniques de l'esprit\" est une \u0153uvre qui nous invite \u00e0 une r\u00e9flexion profonde sur la mani\u00e8re dont nous construisons et entretenons notre savoir. Au-del\u00e0 de la simple repr\u00e9sentation d'un meuble ou d'une biblioth\u00e8que, elle devient un v\u00e9ritable espace mental o\u00f9 se croisent m\u00e9moire, connaissance et contemplation. Le choix du ch\u00e2ssis, noir ou en bois naturel, permet \u00e0 la toile de se fondre dans son environnement tout en attirant le regard sur la force et la subtilit\u00e9 de son message.<\/p>\n<p>En somme, Sophie Dumont nous offre une \u0153uvre intime, presque silencieuse, qui met en lumi\u00e8re l'invisible de notre monde mat\u00e9riel. \"Chroniques de l'esprit\" capture l'essence de la pens\u00e9e humaine \u00e0 travers des formes pures et des couleurs m\u00e9ticuleusement choisies, offrant au spectateur une r\u00e9flexion visuelle aussi riche que l'int\u00e9rieur des livres qu'elle d\u00e9peint.<\/p>\n<\/div>\n<p>&nbsp;<\/p>","protected":false},"excerpt":{"rendered":"<p>The artwork(Chroniques de l&#8217;esprit by Sophie Dumont)is available for pickup at BelArt Gallery in Brussels, Belgium, or it can be delivered to the address of your choice within 2 to 3 weeks after your order is confirmed. The artwork is insured during transportation, so there&#8217;s no risk. Origin: Belgium. In &#8220;Chronicles of the Mind,&#8221; Sophie [&hellip;]<\/p>","protected":false},"featured_media":44235,"template":"","meta":{"_acf_changed":false,"inline_featured_image":false,"_monsterinsights_skip_tracking":false,"_monsterinsights_sitenote_active":false,"_monsterinsights_sitenote_note":"","_monsterinsights_sitenote_category":0},"product_brand":[180],"product_cat":[27,36],"product_tag":[117,245,246],"department":[],"class_list":{"0":"post-44234","1":"product","2":"type-product","3":"status-publish","4":"has-post-thumbnail","6":"product_brand-sophie-dumont","7":"product_cat-abstract","8":"product_cat-painting","9":"product_tag-abstract-art","10":"product_tag-books","11":"product_tag-library","12":"product_shipping_class-extra-large","14":"first","15":"instock","16":"sold-individually","17":"shipping-taxable","18":"purchasable","19":"product-type-simple"},"acf":[],"_links":{"self":[{"href":"https:\/\/www.belart-gallery.com\/fr\/wp-json\/wp\/v2\/product\/44234","targetHints":{"allow":["GET"]}}],"collection":[{"href":"https:\/\/www.belart-gallery.com\/fr\/wp-json\/wp\/v2\/product"}],"about":[{"href":"https:\/\/www.belart-gallery.com\/fr\/wp-json\/wp\/v2\/types\/product"}],"version-history":[{"count":0,"href":"https:\/\/www.belart-gallery.com\/fr\/wp-json\/wp\/v2\/product\/44234\/revisions"}],"wp:featuredmedia":[{"embeddable":true,"href":"https:\/\/www.belart-gallery.com\/fr\/wp-json\/wp\/v2\/media\/44235"}],"wp:attachment":[{"href":"https:\/\/www.belart-gallery.com\/fr\/wp-json\/wp\/v2\/media?parent=44234"}],"wp:term":[{"taxonomy":"product_brand","embeddable":true,"href":"https:\/\/www.belart-gallery.com\/fr\/wp-json\/wp\/v2\/product_brand?post=44234"},{"taxonomy":"product_cat","embeddable":true,"href":"https:\/\/www.belart-gallery.com\/fr\/wp-json\/wp\/v2\/product_cat?post=44234"},{"taxonomy":"product_tag","embeddable":true,"href":"https:\/\/www.belart-gallery.com\/fr\/wp-json\/wp\/v2\/product_tag?post=44234"},{"taxonomy":"department","embeddable":true,"href":"https:\/\/www.belart-gallery.com\/fr\/wp-json\/wp\/v2\/department?post=44234"}],"curies":[{"name":"wp","href":"https:\/\/api.w.org\/{rel}","templated":true}]}}