{"id":44415,"date":"2026-01-29T02:52:11","date_gmt":"2026-01-29T02:52:11","guid":{"rendered":"https:\/\/www.belart-gallery.com\/?post_type=product&#038;p=44415"},"modified":"2026-01-29T03:00:22","modified_gmt":"2026-01-29T03:00:22","slug":"delicatesse-by-sophie-dumont","status":"publish","type":"product","link":"https:\/\/www.belart-gallery.com\/fr\/product-page\/delicatesse-by-sophie-dumont\/","title":{"rendered":"D\u00e9licatesse"},"content":{"rendered":"<p>The artwork(D\u00e9licatesse by Sophie Dumont)is available for pickup at BelArt Gallery in Brussels, Belgium, or it can be delivered to the address of your choice within 2 to 3 weeks after your order is confirmed. The artwork is insured during transportation, so there&#8217;s no risk. Origin: Belgium.<\/p>\n<p>Cette toile, travaill\u00e9e \u00e0 l'huile et au couteau, marie l'art visuel \u00e0 la texture tactile, en incorporant des \u00e9l\u00e9ments de collage de tissus. L'artiste puise son inspiration dans le monde fascinant des livres, transformant cette source en une composition visuelle captivante.<\/p>\n<p>La palette subtile, compos\u00e9e de tons clairs, agit plus comme une suggestion subtile que comme une d\u00e9claration imposante. Les nuances de gris et d'ocre, adoucies par la pr\u00e9sence du tissu, offrent une base sourde qui accroche d\u00e9licatement la lumi\u00e8re. Ces nuances, en perp\u00e9tuelle transformation en r\u00e9action \u00e0 la lumi\u00e8re ambiante et \u00e0 la couleur du cadre, conf\u00e8rent \u00e0 l'\u0153uvre une dynamique visuelle intrigante.<\/p>\n<p>L'utilisation experte du couteau \u00e0 palette cr\u00e9e une construction textur\u00e9e qui \u00e9voque la profondeur et la complexit\u00e9 du sujet. Le collage de tissu astucieusement int\u00e9gr\u00e9 apporte une dimension tangible \u00e0 l'\u0153uvre, invitant le spectateur \u00e0 s'engager pleinement dans la composition.<\/p>\n<p>L'\u0153uvre est pr\u00e9sent\u00e9e dans un coffret am\u00e9ricain en bois naturel ou noir, au choix. Ce choix d'encadrement permet d'accentuer l'esth\u00e9tique globale de l'\u0153uvre, en soulignant ses nuances changeantes et son rapport \u00e0 la lumi\u00e8re ambiante.<\/p>\n<p>Pratique et esth\u00e9tique, un syst\u00e8me d'accrochage fourni \u00e0 l'arri\u00e8re de l'\u0153uvre assure une pr\u00e9sentation optimale de cette pi\u00e8ce dans n'importe quel espace. En bref, cette toile transcende la simple repr\u00e9sentation des livres pour devenir une exp\u00e9rience sensorielle riche et \u00e9volutive pour le spectateur averti.<\/p>","protected":false},"excerpt":{"rendered":"<p>The artwork(D\u00e9licatesse by Sophie Dumont)is available for pickup at BelArt Gallery in Brussels, Belgium, or it can be delivered to the address of your choice within 2 to 3 weeks after your order is confirmed. The artwork is insured during transportation, so there&#8217;s no risk. Origin: Belgium. This canvas, a work worked in oil and [&hellip;]<\/p>","protected":false},"featured_media":44416,"template":"","meta":{"_acf_changed":false,"inline_featured_image":false,"_monsterinsights_skip_tracking":false,"_monsterinsights_sitenote_active":false,"_monsterinsights_sitenote_note":"","_monsterinsights_sitenote_category":0},"product_brand":[180],"product_cat":[27,36],"product_tag":[117,128],"department":[],"class_list":{"0":"post-44415","1":"product","2":"type-product","3":"status-publish","4":"has-post-thumbnail","6":"product_brand-sophie-dumont","7":"product_cat-abstract","8":"product_cat-painting","9":"product_tag-abstract-art","10":"product_tag-geometric","11":"product_shipping_class-medium","13":"first","14":"instock","15":"sold-individually","16":"shipping-taxable","17":"purchasable","18":"product-type-simple"},"acf":[],"_links":{"self":[{"href":"https:\/\/www.belart-gallery.com\/fr\/wp-json\/wp\/v2\/product\/44415","targetHints":{"allow":["GET"]}}],"collection":[{"href":"https:\/\/www.belart-gallery.com\/fr\/wp-json\/wp\/v2\/product"}],"about":[{"href":"https:\/\/www.belart-gallery.com\/fr\/wp-json\/wp\/v2\/types\/product"}],"version-history":[{"count":0,"href":"https:\/\/www.belart-gallery.com\/fr\/wp-json\/wp\/v2\/product\/44415\/revisions"}],"wp:featuredmedia":[{"embeddable":true,"href":"https:\/\/www.belart-gallery.com\/fr\/wp-json\/wp\/v2\/media\/44416"}],"wp:attachment":[{"href":"https:\/\/www.belart-gallery.com\/fr\/wp-json\/wp\/v2\/media?parent=44415"}],"wp:term":[{"taxonomy":"product_brand","embeddable":true,"href":"https:\/\/www.belart-gallery.com\/fr\/wp-json\/wp\/v2\/product_brand?post=44415"},{"taxonomy":"product_cat","embeddable":true,"href":"https:\/\/www.belart-gallery.com\/fr\/wp-json\/wp\/v2\/product_cat?post=44415"},{"taxonomy":"product_tag","embeddable":true,"href":"https:\/\/www.belart-gallery.com\/fr\/wp-json\/wp\/v2\/product_tag?post=44415"},{"taxonomy":"department","embeddable":true,"href":"https:\/\/www.belart-gallery.com\/fr\/wp-json\/wp\/v2\/department?post=44415"}],"curies":[{"name":"wp","href":"https:\/\/api.w.org\/{rel}","templated":true}]}}