{"id":44468,"date":"2026-01-29T04:00:32","date_gmt":"2026-01-29T04:00:32","guid":{"rendered":"https:\/\/www.belart-gallery.com\/?post_type=product&#038;p=44468"},"modified":"2026-01-29T04:08:00","modified_gmt":"2026-01-29T04:08:00","slug":"eco-di-parole-by-sophie-dumont","status":"publish","type":"product","link":"https:\/\/www.belart-gallery.com\/fr\/product-page\/eco-di-parole-by-sophie-dumont\/","title":{"rendered":"Eco di parole"},"content":{"rendered":"<p>The artwork(Eco di parole by Sophie Dumont)is available for pickup at BelArt Gallery in Brussels, Belgium, or it can be delivered to the address of your choice within 2 to 3 weeks after your order is confirmed. The artwork is insured during transportation, so there&#8217;s no risk. Origin: Belgium.<\/p>\n<p>Eco di Parole, une \u0153uvre de l'artiste peintre Sophie Dumont, incarne l'essence m\u00eame de la m\u00e9moire et le pouvoir des mots. Inspir\u00e9e par son r\u00e9cent voyage en Italie, cette toile explore l'id\u00e9e d'un \u00e9cho visuel, o\u00f9 chaque couche de peinture raconte une histoire subtile et po\u00e9tique.<\/p>\n<p>Sophie Dumont, connue pour sa ma\u00eetrise de la peinture \u00e0 l'huile, applique sa m\u00e9thode caract\u00e9ristique de superposition de plusieurs couches. Ce proc\u00e9d\u00e9 conf\u00e8re \u00e0 l'\u0153uvre une profondeur unique, o\u00f9 la lumi\u00e8re se refl\u00e8te d\u00e9licatement sur la texture riche et nuanc\u00e9e. Chaque coup de couteau apporte relief et mouvement, cr\u00e9ant une dynamique visuelle qui invite \u00e0 l'introspection.<\/p>\n<p>La palette chromatique, compos\u00e9e de tons naturels rehauss\u00e9s de touches plus vives, \u00e9voque une harmonie m\u00e9ditative. Les teintes terreuses, beige et blanc cass\u00e9, se m\u00ealent aux \u00e9clats plus intenses de rouge et de bleu, sugg\u00e9rant le contraste entre le silence et la parole, entre l'oubli et la m\u00e9moire.<\/p>\n<p>Le titre Eco di Parole, litt\u00e9ralement, trouve ici tout son sens. L'\u0153uvre semble r\u00e9sonner doucement, comme un murmure qui traverse le temps et l'espace. Elle laisse au spectateur la libert\u00e9 d'interpr\u00e9ter ses propres histoires, de se perdre dans les couches de mati\u00e8re et de couleur.<\/p>\n<p>Parfaitement \u00e9quilibr\u00e9 entre abstraction et figuration, ce tableau s'adapte aussi bien \u00e0 un int\u00e9rieur contemporain qu'\u00e0 un espace plus classique. Il apporte \u00e0 la fois une note de sophistication et un sentiment de tranquillit\u00e9, faisant d'Eco di Parole un v\u00e9ritable havre visuel o\u00f9 se ressourcer.<\/p>","protected":false},"excerpt":{"rendered":"<p>The artwork(Eco di parole by Sophie Dumont)is available for pickup at BelArt Gallery in Brussels, Belgium, or it can be delivered to the address of your choice within 2 to 3 weeks after your order is confirmed. The artwork is insured during transportation, so there&#8217;s no risk. Origin: Belgium. Eco di Parole, a work by [&hellip;]<\/p>","protected":false},"featured_media":44469,"template":"","meta":{"_acf_changed":false,"inline_featured_image":false,"_monsterinsights_skip_tracking":false,"_monsterinsights_sitenote_active":false,"_monsterinsights_sitenote_note":"","_monsterinsights_sitenote_category":0},"product_brand":[180],"product_cat":[27,36],"product_tag":[117,245,246],"department":[],"class_list":{"0":"post-44468","1":"product","2":"type-product","3":"status-publish","4":"has-post-thumbnail","6":"product_brand-sophie-dumont","7":"product_cat-abstract","8":"product_cat-painting","9":"product_tag-abstract-art","10":"product_tag-books","11":"product_tag-library","12":"product_shipping_class-medium","14":"first","15":"instock","16":"sold-individually","17":"shipping-taxable","18":"purchasable","19":"product-type-simple"},"acf":[],"_links":{"self":[{"href":"https:\/\/www.belart-gallery.com\/fr\/wp-json\/wp\/v2\/product\/44468","targetHints":{"allow":["GET"]}}],"collection":[{"href":"https:\/\/www.belart-gallery.com\/fr\/wp-json\/wp\/v2\/product"}],"about":[{"href":"https:\/\/www.belart-gallery.com\/fr\/wp-json\/wp\/v2\/types\/product"}],"version-history":[{"count":0,"href":"https:\/\/www.belart-gallery.com\/fr\/wp-json\/wp\/v2\/product\/44468\/revisions"}],"wp:featuredmedia":[{"embeddable":true,"href":"https:\/\/www.belart-gallery.com\/fr\/wp-json\/wp\/v2\/media\/44469"}],"wp:attachment":[{"href":"https:\/\/www.belart-gallery.com\/fr\/wp-json\/wp\/v2\/media?parent=44468"}],"wp:term":[{"taxonomy":"product_brand","embeddable":true,"href":"https:\/\/www.belart-gallery.com\/fr\/wp-json\/wp\/v2\/product_brand?post=44468"},{"taxonomy":"product_cat","embeddable":true,"href":"https:\/\/www.belart-gallery.com\/fr\/wp-json\/wp\/v2\/product_cat?post=44468"},{"taxonomy":"product_tag","embeddable":true,"href":"https:\/\/www.belart-gallery.com\/fr\/wp-json\/wp\/v2\/product_tag?post=44468"},{"taxonomy":"department","embeddable":true,"href":"https:\/\/www.belart-gallery.com\/fr\/wp-json\/wp\/v2\/department?post=44468"}],"curies":[{"name":"wp","href":"https:\/\/api.w.org\/{rel}","templated":true}]}}