{"id":45827,"date":"2026-02-06T01:09:35","date_gmt":"2026-02-06T01:09:35","guid":{"rendered":"https:\/\/www.belart-gallery.com\/?post_type=product&#038;p=45827"},"modified":"2026-02-06T01:30:00","modified_gmt":"2026-02-06T01:30:00","slug":"parenthese-enchantee-by-agnes-tiollier","status":"publish","type":"product","link":"https:\/\/www.belart-gallery.com\/fr\/product-page\/parenthese-enchantee-by-agnes-tiollier\/","title":{"rendered":"Parenth\u00e8se enchant\u00e9e"},"content":{"rendered":"<p>The artwork (Parenth\u00e8se enchant\u00e9e by Agn\u00e8s Tiollier) is available for pickup at BelArt Gallery in Brussels, Belgium, or it can be delivered to the address of your choice within 2 to 3 weeks after your order is confirmed. The artwork is insured during transportation, so there&#8217;s no risk. Origin: Belgium.<\/p>\n<div data-limit=\"200\"><\/div>\n<p>This artwork captures the essence of a\u00a0serene and idyllic natural landscape.\u00a0At the center,\u00a0a\u00a0large, majestic tree\u00a0rises,\u00a0its sturdy trunk anchored in the fertile earth.\u00a0Surrounding it,\u00a0dense foliage\u00a0encircles the tree,\u00a0with\u00a0varied shades of green\u00a0revealing the diversity of the vegetation.\u00a0White flowers,\u00a0delicately arranged,\u00a0bring a touch of lightness and elegance.<\/p>\n<p>Below,\u00a0a\u00a0peaceful stream\u00a0reflects the hues of the sky,\u00a0adding a dimension of calm and fluidity to the whole.\u00a0Subtle light pierces through the branches,\u00a0creating plays of shadow and light that energize the composition.<\/p>\n<p>This painting stands out for its ability to evoke an atmosphere of\u00a0pure tranquility,\u00a0inviting the viewer to lose themselves in the timeless beauty of nature.<\/p>\n<p>The\u00a0pastel\u00a0is shipped protected by crystal paper and must be\u00a0placed under glass\u00a0for definitive protection.<\/p>","protected":false},"excerpt":{"rendered":"<p>The artwork (Parenth\u00e8se enchant\u00e9e by Agn\u00e8s Tiollier) is available for pickup at BelArt Gallery in Brussels, Belgium, or it can be delivered to the address of your choice within 2 to 3 weeks after your order is confirmed. The artwork is insured during transportation, so there&#8217;s no risk. Origin: Belgium. This artwork captures the essence [&hellip;]<\/p>","protected":false},"featured_media":45828,"template":"","meta":{"_acf_changed":false,"inline_featured_image":false,"_monsterinsights_skip_tracking":false,"_monsterinsights_sitenote_active":false,"_monsterinsights_sitenote_note":"","_monsterinsights_sitenote_category":0},"product_brand":[216],"product_cat":[167,36],"product_tag":[126,129,244],"department":[],"class_list":{"0":"post-45827","1":"product","2":"type-product","3":"status-publish","4":"has-post-thumbnail","6":"product_brand-agnes-tiollier","7":"product_cat-figurative","8":"product_cat-painting","9":"product_tag-figurative","10":"product_tag-landscape-artwork","11":"product_tag-nature","12":"product_shipping_class-medium","14":"first","15":"instock","16":"sold-individually","17":"shipping-taxable","18":"purchasable","19":"product-type-simple"},"acf":[],"_links":{"self":[{"href":"https:\/\/www.belart-gallery.com\/fr\/wp-json\/wp\/v2\/product\/45827","targetHints":{"allow":["GET"]}}],"collection":[{"href":"https:\/\/www.belart-gallery.com\/fr\/wp-json\/wp\/v2\/product"}],"about":[{"href":"https:\/\/www.belart-gallery.com\/fr\/wp-json\/wp\/v2\/types\/product"}],"version-history":[{"count":0,"href":"https:\/\/www.belart-gallery.com\/fr\/wp-json\/wp\/v2\/product\/45827\/revisions"}],"wp:featuredmedia":[{"embeddable":true,"href":"https:\/\/www.belart-gallery.com\/fr\/wp-json\/wp\/v2\/media\/45828"}],"wp:attachment":[{"href":"https:\/\/www.belart-gallery.com\/fr\/wp-json\/wp\/v2\/media?parent=45827"}],"wp:term":[{"taxonomy":"product_brand","embeddable":true,"href":"https:\/\/www.belart-gallery.com\/fr\/wp-json\/wp\/v2\/product_brand?post=45827"},{"taxonomy":"product_cat","embeddable":true,"href":"https:\/\/www.belart-gallery.com\/fr\/wp-json\/wp\/v2\/product_cat?post=45827"},{"taxonomy":"product_tag","embeddable":true,"href":"https:\/\/www.belart-gallery.com\/fr\/wp-json\/wp\/v2\/product_tag?post=45827"},{"taxonomy":"department","embeddable":true,"href":"https:\/\/www.belart-gallery.com\/fr\/wp-json\/wp\/v2\/department?post=45827"}],"curies":[{"name":"wp","href":"https:\/\/api.w.org\/{rel}","templated":true}]}}