{"id":46574,"date":"2026-02-09T16:30:16","date_gmt":"2026-02-09T16:30:16","guid":{"rendered":"https:\/\/www.belart-gallery.com\/?post_type=product&#038;p=46574"},"modified":"2026-02-09T16:46:40","modified_gmt":"2026-02-09T16:46:40","slug":"here-now-and-enough-by-nadin-antoniuk","status":"publish","type":"product","link":"https:\/\/www.belart-gallery.com\/fr\/product-page\/here-now-and-enough-by-nadin-antoniuk\/","title":{"rendered":"Here, Now, and Enough"},"content":{"rendered":"<div class=\"description-see-more\">\n<div data-limit=\"200\">\n<p>The artwork(Here, Now, and Enough by Nadin Antoniuk) is available for pickup at BelArt Gallery in Brussels, Belgium, or it can be delivered to the address of your choice within 2 to 3 weeks after your order is confirmed. The artwork is insured during transportation, so there&#8217;s no risk. Origin: Belgium.<\/p>\n<p>Non \u00e9tir\u00e9. Vous le recevrez roul\u00e9, dans un tube. Pr\u00eat \u00e0 \u00eatre \u00e9tir\u00e9.<br \/>\nJe vous recommande de faire tendre votre tirage dans un magasin d'encadrement local. C'est le moyen le plus abordable et le plus facile d'obtenir une grande toile tendue.<\/p>\n<p><span dir=\"auto\">In the rush of daily life, it&#8217;s easy to forget the importance of our dreams. Yet, it&#8217;s these vibrant desires that add color and meaning to our lives. Just as a glowing painting illuminates a room, our dreams light the way ahead, guiding us to places we haven&#8217;t yet imagined. Never underestimate the power of dreaming: it&#8217;s the first step toward creating a life full of wonder, fulfillment, and meaning. Let your heart paint the canvas of your future with the brightest colors of your deepest desires.<\/span><\/p>\n<p><span dir=\"auto\">Painting (Bright Prospects by Nadin Antoniuk) is made using multi-layer paint technique. A million multi-colored splashes dry before each subsequent coat. Typically, the paint has more than 50 coats of application of splashes. Splashes in the Pollock style. The rim around the blue and white has a dark chocolate color of different shades.<\/span><\/p>\n<\/div>\n<\/div>","protected":false},"excerpt":{"rendered":"<p>The artwork(Here, Now, and Enough by Nadin Antoniuk) is available for pickup at BelArt Gallery in Brussels, Belgium, or it can be delivered to the address of your choice within 2 to 3 weeks after your order is confirmed. The artwork is insured during transportation, so there&#8217;s no risk. Origin: Belgium. Not stretched. You&#8217;ll receive [&hellip;]<\/p>","protected":false},"featured_media":46576,"template":"","meta":{"_acf_changed":false,"inline_featured_image":false,"_monsterinsights_skip_tracking":false,"_monsterinsights_sitenote_active":false,"_monsterinsights_sitenote_note":"","_monsterinsights_sitenote_category":0},"product_brand":[187],"product_cat":[27,36],"product_tag":[117,123,247,248],"department":[],"class_list":{"0":"post-46574","1":"product","2":"type-product","3":"status-publish","4":"has-post-thumbnail","6":"product_brand-nadin-antoniuk","7":"product_cat-abstract","8":"product_cat-painting","9":"product_tag-abstract-art","10":"product_tag-colorful-artwork","11":"product_tag-seascape","12":"product_tag-sky","13":"product_shipping_class-rolled","15":"first","16":"instock","17":"sold-individually","18":"shipping-taxable","19":"purchasable","20":"product-type-simple"},"acf":[],"_links":{"self":[{"href":"https:\/\/www.belart-gallery.com\/fr\/wp-json\/wp\/v2\/product\/46574","targetHints":{"allow":["GET"]}}],"collection":[{"href":"https:\/\/www.belart-gallery.com\/fr\/wp-json\/wp\/v2\/product"}],"about":[{"href":"https:\/\/www.belart-gallery.com\/fr\/wp-json\/wp\/v2\/types\/product"}],"version-history":[{"count":0,"href":"https:\/\/www.belart-gallery.com\/fr\/wp-json\/wp\/v2\/product\/46574\/revisions"}],"wp:featuredmedia":[{"embeddable":true,"href":"https:\/\/www.belart-gallery.com\/fr\/wp-json\/wp\/v2\/media\/46576"}],"wp:attachment":[{"href":"https:\/\/www.belart-gallery.com\/fr\/wp-json\/wp\/v2\/media?parent=46574"}],"wp:term":[{"taxonomy":"product_brand","embeddable":true,"href":"https:\/\/www.belart-gallery.com\/fr\/wp-json\/wp\/v2\/product_brand?post=46574"},{"taxonomy":"product_cat","embeddable":true,"href":"https:\/\/www.belart-gallery.com\/fr\/wp-json\/wp\/v2\/product_cat?post=46574"},{"taxonomy":"product_tag","embeddable":true,"href":"https:\/\/www.belart-gallery.com\/fr\/wp-json\/wp\/v2\/product_tag?post=46574"},{"taxonomy":"department","embeddable":true,"href":"https:\/\/www.belart-gallery.com\/fr\/wp-json\/wp\/v2\/department?post=46574"}],"curies":[{"name":"wp","href":"https:\/\/api.w.org\/{rel}","templated":true}]}}