{"id":46631,"date":"2026-02-10T01:32:11","date_gmt":"2026-02-10T01:32:11","guid":{"rendered":"https:\/\/www.belart-gallery.com\/?post_type=product&#038;p=46631"},"modified":"2026-02-10T01:52:34","modified_gmt":"2026-02-10T01:52:34","slug":"sunlit-atmosphere-by-nadin-antoniuk","status":"publish","type":"product","link":"https:\/\/www.belart-gallery.com\/fr\/product-page\/sunlit-atmosphere-by-nadin-antoniuk\/","title":{"rendered":"Sunlit Atmosphere"},"content":{"rendered":"<div class=\"description-see-more\">\n<div data-limit=\"200\">\n<p>The artwork(Sunlit Atmosphere by Nadin Antoniuk) is available for pickup at BelArt Gallery in Brussels, Belgium, or it can be delivered to the address of your choice within 2 to 3 weeks after your order is confirmed. The artwork is insured during transportation, so there&#8217;s no risk. Origin: Belgium.<\/p>\n<p>Not stretched. You will receive it rolled, in a tube, ready for stretching.<br \/>\nWe recommend having your painting stretched at a local custom framing shop, which is usually the most affordable and convenient option for large canvases.<br \/>\nYou can also contact us to check the possibility of having it framed directly by our team.<\/p>\n<p>\u201cIt was the hour in which objects lose the consistency of shadow that accompanies them during the night and gradually reacquire colors, but seem to cross meanwhile an uncertain limbo, faintly touched, just breathed on by light; the hour in which one is least certain of the world&#8217;s existence.&#8221;<\/p>\n<p>Art.: 400299<\/p>\n<p>Painting is made using multi-layer paint technique. A million multi-colored splashes dry before each subsequent coat.<\/p>\n<p>Splashes in the Pollock style. Various shades of night lights and sunset.<\/p>\n<p>The painting has additional 2.5&#8243; (6 &#8211; 7 cm.) borders around the art for convenient stretching.<\/p>\n<p>Les bords suppl\u00e9mentaires de la toile sont peints de mani\u00e8re \u00e0 ce qu'elle puisse \u00eatre suspendue avec ou sans cadre, selon les pr\u00e9f\u00e9rences.<\/p>\n<\/div>\n<\/div>","protected":false},"excerpt":{"rendered":"<p>The artwork(Sunlit Atmosphere by Nadin Antoniuk) is available for pickup at BelArt Gallery in Brussels, Belgium, or it can be delivered to the address of your choice within 2 to 3 weeks after your order is confirmed. The artwork is insured during transportation, so there&#8217;s no risk. Origin: Belgium. Not stretched. You will receive it [&hellip;]<\/p>","protected":false},"featured_media":46632,"template":"","meta":{"_acf_changed":false,"inline_featured_image":false,"_monsterinsights_skip_tracking":false,"_monsterinsights_sitenote_active":false,"_monsterinsights_sitenote_note":"","_monsterinsights_sitenote_category":0},"product_brand":[187],"product_cat":[27,36],"product_tag":[117,129],"department":[],"class_list":{"0":"post-46631","1":"product","2":"type-product","3":"status-publish","4":"has-post-thumbnail","6":"product_brand-nadin-antoniuk","7":"product_cat-abstract","8":"product_cat-painting","9":"product_tag-abstract-art","10":"product_tag-landscape-artwork","11":"product_shipping_class-rolled","13":"first","14":"instock","15":"sold-individually","16":"shipping-taxable","17":"purchasable","18":"product-type-simple"},"acf":[],"_links":{"self":[{"href":"https:\/\/www.belart-gallery.com\/fr\/wp-json\/wp\/v2\/product\/46631","targetHints":{"allow":["GET"]}}],"collection":[{"href":"https:\/\/www.belart-gallery.com\/fr\/wp-json\/wp\/v2\/product"}],"about":[{"href":"https:\/\/www.belart-gallery.com\/fr\/wp-json\/wp\/v2\/types\/product"}],"version-history":[{"count":0,"href":"https:\/\/www.belart-gallery.com\/fr\/wp-json\/wp\/v2\/product\/46631\/revisions"}],"wp:featuredmedia":[{"embeddable":true,"href":"https:\/\/www.belart-gallery.com\/fr\/wp-json\/wp\/v2\/media\/46632"}],"wp:attachment":[{"href":"https:\/\/www.belart-gallery.com\/fr\/wp-json\/wp\/v2\/media?parent=46631"}],"wp:term":[{"taxonomy":"product_brand","embeddable":true,"href":"https:\/\/www.belart-gallery.com\/fr\/wp-json\/wp\/v2\/product_brand?post=46631"},{"taxonomy":"product_cat","embeddable":true,"href":"https:\/\/www.belart-gallery.com\/fr\/wp-json\/wp\/v2\/product_cat?post=46631"},{"taxonomy":"product_tag","embeddable":true,"href":"https:\/\/www.belart-gallery.com\/fr\/wp-json\/wp\/v2\/product_tag?post=46631"},{"taxonomy":"department","embeddable":true,"href":"https:\/\/www.belart-gallery.com\/fr\/wp-json\/wp\/v2\/department?post=46631"}],"curies":[{"name":"wp","href":"https:\/\/api.w.org\/{rel}","templated":true}]}}