{"id":47793,"date":"2026-02-16T23:15:42","date_gmt":"2026-02-16T23:15:42","guid":{"rendered":"https:\/\/www.belart-gallery.com\/?post_type=product&#038;p=47793"},"modified":"2026-02-16T23:24:41","modified_gmt":"2026-02-16T23:24:41","slug":"volupte-by-agnes-tiollier","status":"publish","type":"product","link":"https:\/\/www.belart-gallery.com\/fr\/product-page\/volupte-by-agnes-tiollier\/","title":{"rendered":"Volupt\u00e9"},"content":{"rendered":"<p>The artwork (Volupt\u00e9 by Agn\u00e8s Tiollier) is available for pickup at BelArt Gallery in Brussels, Belgium, or it can be delivered to the address of your choice within 2 to 3 weeks after your order is confirmed. The artwork is insured during transportation, so there&#8217;s no risk. Origin: Belgium.<\/p>\n<p>This painting features an enchanting ensemble of delicately arranged white and pink flowers on a bright pink background. The soft, ethereal petals captivate the eye with their almost diaphanous texture, accentuating a sense of lightness and grace. The green leaves add depth to the composition, contrasting harmoniously with the light hues of the flowers. The chosen color palette conveys a peaceful and timeless atmosphere, evoking a spring freshness. The artist brilliantly masters the play of light and shadow, lending a subtle realism to the whole. This eloquent work celebrates the eternal and fragile beauty of nature through a resolutely contemporary approach.<\/p>","protected":false},"excerpt":{"rendered":"<p>The artwork (Volupt\u00e9 by Agn\u00e8s Tiollier) is available for pickup at BelArt Gallery in Brussels, Belgium, or it can be delivered to the address of your choice within 2 to 3 weeks after your order is confirmed. The artwork is insured during transportation, so there&#8217;s no risk. Origin: Belgium. This painting features an enchanting ensemble [&hellip;]<\/p>","protected":false},"featured_media":47794,"template":"","meta":{"_acf_changed":false,"inline_featured_image":false,"_monsterinsights_skip_tracking":false,"_monsterinsights_sitenote_active":false,"_monsterinsights_sitenote_note":"","_monsterinsights_sitenote_category":0},"product_brand":[216],"product_cat":[36],"product_tag":[169,126,127],"department":[],"class_list":{"0":"post-47793","1":"product","2":"type-product","3":"status-publish","4":"has-post-thumbnail","6":"product_brand-agnes-tiollier","7":"product_cat-painting","8":"product_tag-colors","9":"product_tag-figurative","10":"product_tag-floral","11":"product_shipping_class-medium","13":"first","14":"instock","15":"sold-individually","16":"shipping-taxable","17":"purchasable","18":"product-type-simple"},"acf":[],"_links":{"self":[{"href":"https:\/\/www.belart-gallery.com\/fr\/wp-json\/wp\/v2\/product\/47793","targetHints":{"allow":["GET"]}}],"collection":[{"href":"https:\/\/www.belart-gallery.com\/fr\/wp-json\/wp\/v2\/product"}],"about":[{"href":"https:\/\/www.belart-gallery.com\/fr\/wp-json\/wp\/v2\/types\/product"}],"wp:featuredmedia":[{"embeddable":true,"href":"https:\/\/www.belart-gallery.com\/fr\/wp-json\/wp\/v2\/media\/47794"}],"wp:attachment":[{"href":"https:\/\/www.belart-gallery.com\/fr\/wp-json\/wp\/v2\/media?parent=47793"}],"wp:term":[{"taxonomy":"product_brand","embeddable":true,"href":"https:\/\/www.belart-gallery.com\/fr\/wp-json\/wp\/v2\/product_brand?post=47793"},{"taxonomy":"product_cat","embeddable":true,"href":"https:\/\/www.belart-gallery.com\/fr\/wp-json\/wp\/v2\/product_cat?post=47793"},{"taxonomy":"product_tag","embeddable":true,"href":"https:\/\/www.belart-gallery.com\/fr\/wp-json\/wp\/v2\/product_tag?post=47793"},{"taxonomy":"department","embeddable":true,"href":"https:\/\/www.belart-gallery.com\/fr\/wp-json\/wp\/v2\/department?post=47793"}],"curies":[{"name":"wp","href":"https:\/\/api.w.org\/{rel}","templated":true}]}}