{"id":47824,"date":"2026-02-17T01:50:43","date_gmt":"2026-02-17T01:50:43","guid":{"rendered":"https:\/\/www.belart-gallery.com\/?post_type=product&#038;p=47824"},"modified":"2026-02-17T01:58:08","modified_gmt":"2026-02-17T01:58:08","slug":"house-of-happiness-by-nadin-antoniuk","status":"publish","type":"product","link":"https:\/\/www.belart-gallery.com\/fr\/product-page\/house-of-happiness-by-nadin-antoniuk\/","title":{"rendered":"House of Happiness"},"content":{"rendered":"<div class=\"description-see-more\">\n<div data-limit=\"200\">\n<p>The artwork(House of Happiness by Nadin Antoniuk) is available for pickup at BelArt Gallery in Brussels, Belgium, or it can be delivered to the address of your choice within 2 to 3 weeks after your order is confirmed. The artwork is insured during transportation, so there&#8217;s no risk. Origin: Belgium.<\/p>\n<p>Non \u00e9tir\u00e9. Vous le recevrez roul\u00e9, dans un tube. Pr\u00eat \u00e0 \u00eatre \u00e9tir\u00e9.<br \/>\nI recommend stretching your painting in a local custom framing shop. It will be the most affordable and easy way for you to get a big stretched canvas.<\/p>\n<p>&#8220;The walls of a house hold memories, but the heart makes it a home.&#8221;<\/p>\n<p>~~ Title: &#8220;House of Happiness&#8221; Art. 400277<\/p>\n<p>Textural. Threads of paint have volume.<br \/>\nC'est le cas lorsqu'il est int\u00e9ressant d'\u00e9tudier chaque centim\u00e8tre carr\u00e9.<\/p>\n<p>Painting style &#8211; the paint is applied in threads. The threads of paint seem to intertwine, creating their own canvas. Painting is made using multi-layer paint technique. A million multi-colored splashes dry before each subsequent coat of a colored the threads of paint is applied. In general, the painting has more then 50 layers of the application of colorful splashes.<br \/>\nTextural. Threads of paint have volume.<\/p>\n<p>\u2022 Size of a painting: 47&#8243; x 37&#8243; \/ 120 x 95 cm.<br \/>\n\u2022 Size of canvas with borders: 51&#8243; x 41&#8243;\/130 x 105 cm.<\/p>\n<p>Le tableau est entour\u00e9 de bordures suppl\u00e9mentaires de 4\u2033 (10 cm) pour faciliter l'\u00e9tirement.<br \/>\nAdditional borders of the canvas are painted so after straching it can be hanged with or without a frame as preferred.<\/p>\n<\/div>\n<\/div>","protected":false},"excerpt":{"rendered":"<p>The artwork(House of Happiness by Nadin Antoniuk) is available for pickup at BelArt Gallery in Brussels, Belgium, or it can be delivered to the address of your choice within 2 to 3 weeks after your order is confirmed. The artwork is insured during transportation, so there&#8217;s no risk. Origin: Belgium. Not stretched. You&#8217;ll receive it [&hellip;]<\/p>","protected":false},"featured_media":47825,"template":"","meta":{"_acf_changed":false,"inline_featured_image":false,"_monsterinsights_skip_tracking":false,"_monsterinsights_sitenote_active":false,"_monsterinsights_sitenote_note":"","_monsterinsights_sitenote_category":0},"product_brand":[187],"product_cat":[36],"product_tag":[119,127],"department":[],"class_list":{"0":"post-47824","1":"product","2":"type-product","3":"status-publish","4":"has-post-thumbnail","6":"product_brand-nadin-antoniuk","7":"product_cat-painting","8":"product_tag-architecture","9":"product_tag-floral","10":"product_shipping_class-rolled","12":"first","13":"instock","14":"sold-individually","15":"shipping-taxable","16":"purchasable","17":"product-type-simple"},"acf":[],"_links":{"self":[{"href":"https:\/\/www.belart-gallery.com\/fr\/wp-json\/wp\/v2\/product\/47824","targetHints":{"allow":["GET"]}}],"collection":[{"href":"https:\/\/www.belart-gallery.com\/fr\/wp-json\/wp\/v2\/product"}],"about":[{"href":"https:\/\/www.belart-gallery.com\/fr\/wp-json\/wp\/v2\/types\/product"}],"wp:featuredmedia":[{"embeddable":true,"href":"https:\/\/www.belart-gallery.com\/fr\/wp-json\/wp\/v2\/media\/47825"}],"wp:attachment":[{"href":"https:\/\/www.belart-gallery.com\/fr\/wp-json\/wp\/v2\/media?parent=47824"}],"wp:term":[{"taxonomy":"product_brand","embeddable":true,"href":"https:\/\/www.belart-gallery.com\/fr\/wp-json\/wp\/v2\/product_brand?post=47824"},{"taxonomy":"product_cat","embeddable":true,"href":"https:\/\/www.belart-gallery.com\/fr\/wp-json\/wp\/v2\/product_cat?post=47824"},{"taxonomy":"product_tag","embeddable":true,"href":"https:\/\/www.belart-gallery.com\/fr\/wp-json\/wp\/v2\/product_tag?post=47824"},{"taxonomy":"department","embeddable":true,"href":"https:\/\/www.belart-gallery.com\/fr\/wp-json\/wp\/v2\/department?post=47824"}],"curies":[{"name":"wp","href":"https:\/\/api.w.org\/{rel}","templated":true}]}}