{"id":48119,"date":"2026-02-18T21:55:33","date_gmt":"2026-02-18T21:55:33","guid":{"rendered":"https:\/\/www.belart-gallery.com\/?post_type=product&#038;p=48119"},"modified":"2026-02-18T22:17:56","modified_gmt":"2026-02-18T22:17:56","slug":"ocean-by-agnes-tiollier","status":"publish","type":"product","link":"https:\/\/www.belart-gallery.com\/fr\/product-page\/ocean-by-agnes-tiollier\/","title":{"rendered":"Oc\u00e9an II"},"content":{"rendered":"<p>The artwork(Oc\u00e9an by Agn\u00e8s Tiollier) is available for pickup at BelArt Gallery in Brussels, Belgium, or it can be delivered to the address of your choice within 2 to 3 weeks after your order is confirmed. The artwork is insured during transportation, so there&#8217;s no risk. Origin: Belgium.<\/p>\n<p>Not stretched. You will receive it rolled, in a tube, ready for stretching.<br \/>\nWe recommend having your painting stretched at a local custom framing shop, which is usually the most affordable and convenient option for large canvases.<br \/>\nYou can also contact us to check the possibility of having it framed directly by our team.<\/p>\n<div class=\"about__right__item\">\n<div class=\"description-see-more\">\n<div class=\"about__right__item\">\n<div class=\"description-see-more\">this work is part of the Ocean series<\/div>\n<\/div>\n<\/div>\n<\/div>","protected":false},"excerpt":{"rendered":"<p>The artwork(Oc\u00e9an by Agn\u00e8s Tiollier) is available for pickup at BelArt Gallery in Brussels, Belgium, or it can be delivered to the address of your choice within 2 to 3 weeks after your order is confirmed. The artwork is insured during transportation, so there&#8217;s no risk. Origin: Belgium. Not stretched. You will receive it rolled, [&hellip;]<\/p>","protected":false},"featured_media":48126,"template":"","meta":{"_acf_changed":false,"inline_featured_image":false,"_monsterinsights_skip_tracking":false,"_monsterinsights_sitenote_active":false,"_monsterinsights_sitenote_note":"","_monsterinsights_sitenote_category":0},"product_brand":[216],"product_cat":[36],"product_tag":[129,248],"department":[],"class_list":{"0":"post-48119","1":"product","2":"type-product","3":"status-publish","4":"has-post-thumbnail","6":"product_brand-agnes-tiollier","7":"product_cat-painting","8":"product_tag-landscape-artwork","9":"product_tag-sky","10":"product_shipping_class-rolled","12":"first","13":"instock","14":"sold-individually","15":"shipping-taxable","16":"purchasable","17":"product-type-simple"},"acf":[],"_links":{"self":[{"href":"https:\/\/www.belart-gallery.com\/fr\/wp-json\/wp\/v2\/product\/48119","targetHints":{"allow":["GET"]}}],"collection":[{"href":"https:\/\/www.belart-gallery.com\/fr\/wp-json\/wp\/v2\/product"}],"about":[{"href":"https:\/\/www.belart-gallery.com\/fr\/wp-json\/wp\/v2\/types\/product"}],"wp:featuredmedia":[{"embeddable":true,"href":"https:\/\/www.belart-gallery.com\/fr\/wp-json\/wp\/v2\/media\/48126"}],"wp:attachment":[{"href":"https:\/\/www.belart-gallery.com\/fr\/wp-json\/wp\/v2\/media?parent=48119"}],"wp:term":[{"taxonomy":"product_brand","embeddable":true,"href":"https:\/\/www.belart-gallery.com\/fr\/wp-json\/wp\/v2\/product_brand?post=48119"},{"taxonomy":"product_cat","embeddable":true,"href":"https:\/\/www.belart-gallery.com\/fr\/wp-json\/wp\/v2\/product_cat?post=48119"},{"taxonomy":"product_tag","embeddable":true,"href":"https:\/\/www.belart-gallery.com\/fr\/wp-json\/wp\/v2\/product_tag?post=48119"},{"taxonomy":"department","embeddable":true,"href":"https:\/\/www.belart-gallery.com\/fr\/wp-json\/wp\/v2\/department?post=48119"}],"curies":[{"name":"wp","href":"https:\/\/api.w.org\/{rel}","templated":true}]}}