{"id":53704,"date":"2026-03-02T23:05:28","date_gmt":"2026-03-02T23:05:28","guid":{"rendered":"https:\/\/www.belart-gallery.com\/?post_type=product&#038;p=53704"},"modified":"2026-03-02T23:39:26","modified_gmt":"2026-03-02T23:39:26","slug":"through-the-imagination-stretched-by-nadin-antoniuk","status":"publish","type":"product","link":"https:\/\/www.belart-gallery.com\/fr\/product-page\/through-the-imagination-stretched-by-nadin-antoniuk\/","title":{"rendered":"Through the Imagination (stretched)"},"content":{"rendered":"<div class=\"description-see-more\">\n<div data-limit=\"200\">\n<p>The artwork(Through the Imagination (stretched) by Nadin Antoniuk)is available for pickup at BelArt Gallery in Brussels, Belgium, or it can be delivered to the address of your choice within 2 to 3 weeks after your order is confirmed. The artwork is insured during transportation, so there&#8217;s no risk. Origin: Belgium.<\/p>\n<p>Imagination is not just seeing what isn&#8217;t there; it&#8217;s seeing what could be and daring to believe in it.<br \/>\nPaintings are Stretched, Ready to hang.<\/p>\n<p>~~ The &#8220;Through the Imagination&#8221;<\/p>\n<p>C'est le cas lorsqu'il est int\u00e9ressant d'\u00e9tudier chaque centim\u00e8tre carr\u00e9.<br \/>\nTextural. Threads of paint have volume.<\/p>\n<p>Painting style &#8211; the paint is applied in threads. The threads of paint seem to intertwine, creating their own canvas. Painting is made using multi-layer paint technique. A million multi-colored splashes dry before each subsequent coat of a colored the threads of paint is applied. In general, the painting has more then 50 layers of the application of colorful splashes.<\/p>\n<p>~~ Bronze and mother-of-pearl paint are used in painting.<\/p>\n<p>\u2022 Size of three paintings: 16&#8243; x 47&#8243; (40 x 120 cm).<br \/>\n\u2022 Size of one of three paintings: 16&#8243;x 16&#8243; (40 x 40 cm) &#8211; 3 pieces.<\/p>\n<p>~~ Ready to hang.<br \/>\nLes bords suppl\u00e9mentaires de la toile sont peints de mani\u00e8re \u00e0 ce qu'elle puisse \u00eatre suspendue avec ou sans cadre, selon les pr\u00e9f\u00e9rences.<\/p>\n<\/div>\n<\/div>","protected":false},"excerpt":{"rendered":"<p>The artwork(Through the Imagination (stretched) by Nadin Antoniuk)is available for pickup at BelArt Gallery in Brussels, Belgium, or it can be delivered to the address of your choice within 2 to 3 weeks after your order is confirmed. The artwork is insured during transportation, so there&#8217;s no risk. Origin: Belgium. Imagination is not just seeing [&hellip;]<\/p>","protected":false},"featured_media":53705,"template":"","meta":{"_acf_changed":false,"inline_featured_image":false,"_monsterinsights_skip_tracking":false,"_monsterinsights_sitenote_active":false,"_monsterinsights_sitenote_note":"","_monsterinsights_sitenote_category":0},"product_brand":[187],"product_cat":[27,36],"product_tag":[117],"department":[],"class_list":{"0":"post-53704","1":"product","2":"type-product","3":"status-publish","4":"has-post-thumbnail","6":"product_brand-nadin-antoniuk","7":"product_cat-abstract","8":"product_cat-painting","9":"product_tag-abstract-art","10":"product_shipping_class-medium","12":"first","13":"instock","14":"sold-individually","15":"shipping-taxable","16":"purchasable","17":"product-type-simple"},"acf":[],"_links":{"self":[{"href":"https:\/\/www.belart-gallery.com\/fr\/wp-json\/wp\/v2\/product\/53704","targetHints":{"allow":["GET"]}}],"collection":[{"href":"https:\/\/www.belart-gallery.com\/fr\/wp-json\/wp\/v2\/product"}],"about":[{"href":"https:\/\/www.belart-gallery.com\/fr\/wp-json\/wp\/v2\/types\/product"}],"wp:featuredmedia":[{"embeddable":true,"href":"https:\/\/www.belart-gallery.com\/fr\/wp-json\/wp\/v2\/media\/53705"}],"wp:attachment":[{"href":"https:\/\/www.belart-gallery.com\/fr\/wp-json\/wp\/v2\/media?parent=53704"}],"wp:term":[{"taxonomy":"product_brand","embeddable":true,"href":"https:\/\/www.belart-gallery.com\/fr\/wp-json\/wp\/v2\/product_brand?post=53704"},{"taxonomy":"product_cat","embeddable":true,"href":"https:\/\/www.belart-gallery.com\/fr\/wp-json\/wp\/v2\/product_cat?post=53704"},{"taxonomy":"product_tag","embeddable":true,"href":"https:\/\/www.belart-gallery.com\/fr\/wp-json\/wp\/v2\/product_tag?post=53704"},{"taxonomy":"department","embeddable":true,"href":"https:\/\/www.belart-gallery.com\/fr\/wp-json\/wp\/v2\/department?post=53704"}],"curies":[{"name":"wp","href":"https:\/\/api.w.org\/{rel}","templated":true}]}}