{"id":57464,"date":"2026-04-08T00:57:58","date_gmt":"2026-04-08T00:57:58","guid":{"rendered":"https:\/\/www.belart-gallery.com\/?post_type=product&#038;p=57464"},"modified":"2026-04-08T01:40:48","modified_gmt":"2026-04-08T01:40:48","slug":"premices-de-lete-by-sophie-dumont","status":"publish","type":"product","link":"https:\/\/www.belart-gallery.com\/fr\/product-page\/premices-de-lete-by-sophie-dumont\/","title":{"rendered":"Pr\u00e9mices de l&#8217;\u00e9t\u00e9"},"content":{"rendered":"<p>The artwork(Pr\u00e9mices de l&#8217;\u00e9t\u00e9 by Sophie Dumont)is available for pickup at BelArt Gallery in Brussels, Belgium, or it can be delivered to the address of your choice within 2 to 3 weeks after your order is confirmed. The artwork is insured during transportation, so there&#8217;s no risk. Origin: Belgium.<\/p>\n<div data-limit=\"200\">\n<p>This composition is a continuation of his work on abstract landscapes, where visible reality dissolves in favor of a sensitive construction of the territory. The space is structured by a succession of overlapping planes, evoking fields, cliffs, or geological strata, without ever settling into a literal representation.<\/p>\n<p>The color palette, dominated by burnt ochres, warm earth tones, and slightly grayish blues, establishes a subtle dialogue between warmth and breath. The contrast between the masses of color and the more airy areas of the sky creates a controlled tension, reinforced by an unstable horizon line that traverses the composition.<\/p>\n<p>The material, worked in thick layers and sometimes scraped, reveals underlying strata, giving the whole a temporal depth characteristic of Sophie Dumont&#8217;s work. Each area seems to bear the memory of its creation, in a balance between construction and erasure.<\/p>\n<p>The work, both structured and free, is part of a research on the perception of landscape as a mental space, where light and color become the true subjects.<\/p>\n<p>Unique work, signed lower right, delivered with certificate of authenticity.<\/p>\n<p>Also available with a natural wood American-style crate.<\/p>\n<\/div>","protected":false},"excerpt":{"rendered":"<p>The artwork(Pr\u00e9mices de l&#8217;\u00e9t\u00e9 by Sophie Dumont)is available for pickup at BelArt Gallery in Brussels, Belgium, or it can be delivered to the address of your choice within 2 to 3 weeks after your order is confirmed. The artwork is insured during transportation, so there&#8217;s no risk. Origin: Belgium. This composition is a continuation of [&hellip;]<\/p>","protected":false},"featured_media":57473,"template":"","meta":{"_acf_changed":false,"inline_featured_image":false,"_monsterinsights_skip_tracking":false,"_monsterinsights_sitenote_active":false,"_monsterinsights_sitenote_note":"","_monsterinsights_sitenote_category":0},"product_brand":[180],"product_cat":[27,36],"product_tag":[117,169,129,248],"department":[],"class_list":{"0":"post-57464","1":"product","2":"type-product","3":"status-publish","4":"has-post-thumbnail","6":"product_brand-sophie-dumont","7":"product_cat-abstract","8":"product_cat-painting","9":"product_tag-abstract-art","10":"product_tag-colors","11":"product_tag-landscape-artwork","12":"product_tag-sky","13":"product_shipping_class-medium","15":"first","16":"instock","17":"sold-individually","18":"shipping-taxable","19":"purchasable","20":"product-type-simple"},"acf":[],"_links":{"self":[{"href":"https:\/\/www.belart-gallery.com\/fr\/wp-json\/wp\/v2\/product\/57464","targetHints":{"allow":["GET"]}}],"collection":[{"href":"https:\/\/www.belart-gallery.com\/fr\/wp-json\/wp\/v2\/product"}],"about":[{"href":"https:\/\/www.belart-gallery.com\/fr\/wp-json\/wp\/v2\/types\/product"}],"wp:featuredmedia":[{"embeddable":true,"href":"https:\/\/www.belart-gallery.com\/fr\/wp-json\/wp\/v2\/media\/57473"}],"wp:attachment":[{"href":"https:\/\/www.belart-gallery.com\/fr\/wp-json\/wp\/v2\/media?parent=57464"}],"wp:term":[{"taxonomy":"product_brand","embeddable":true,"href":"https:\/\/www.belart-gallery.com\/fr\/wp-json\/wp\/v2\/product_brand?post=57464"},{"taxonomy":"product_cat","embeddable":true,"href":"https:\/\/www.belart-gallery.com\/fr\/wp-json\/wp\/v2\/product_cat?post=57464"},{"taxonomy":"product_tag","embeddable":true,"href":"https:\/\/www.belart-gallery.com\/fr\/wp-json\/wp\/v2\/product_tag?post=57464"},{"taxonomy":"department","embeddable":true,"href":"https:\/\/www.belart-gallery.com\/fr\/wp-json\/wp\/v2\/department?post=57464"}],"curies":[{"name":"wp","href":"https:\/\/api.w.org\/{rel}","templated":true}]}}