{"id":8100,"date":"2025-04-28T15:47:23","date_gmt":"2025-04-28T15:47:23","guid":{"rendered":"https:\/\/belart-gallery.com\/product-page\/mon-miroir\/"},"modified":"2025-11-28T16:19:19","modified_gmt":"2025-11-28T16:19:19","slug":"mon-miroir-jazzu","status":"publish","type":"product","link":"https:\/\/www.belart-gallery.com\/fr\/product-page\/mon-miroir-jazzu\/","title":{"rendered":"Mon Miroir"},"content":{"rendered":"<div>\n<div>\n<div>\n<div>\n<div>\n<div>\n<p>L'\u0153uvre peut \u00eatre retir\u00e9e \u00e0 la galerie BelArt \u00e0 Bruxelles, Belgique, ou peut \u00eatre livr\u00e9e \u00e0 l'adresse de votre choix dans un d\u00e9lai de 2 \u00e0 3 semaines apr\u00e8s la confirmation de votre commande. L'\u0153uvre est assur\u00e9e pendant le transport, il n'y a donc aucun risque. Origine : Belgique : Belgique.<\/p>\n<p>Cette \u0153uvre d'art est une pi\u00e8ce audacieuse et expressive qui pr\u00e9sente un portrait stylis\u00e9 avec une surface brute et textur\u00e9e. Le visage, d\u00e9limit\u00e9 par d'\u00e9paisses lignes noires, incarne une forme abstraite et vivante, attirant l'attention par ses traits asym\u00e9triques. Les yeux sont larges et vibrants, avec des tra\u00een\u00e9es de bleu et de jaune qui sugg\u00e8rent \u00e0 la fois la profondeur et l'\u00e9motion. Une palette de blanc, de rose et de vert domine, ajoutant une couche dynamique de complexit\u00e9. La technique de l'emp\u00e2tement conf\u00e8re \u00e0 la peinture une dimension tactile, invitant le spectateur \u00e0 en explorer les subtilit\u00e9s. Les formes g\u00e9om\u00e9triques autour du col, rendues en bleu et en jaune, injectent un motif rythmique, contrastant avec le chaos organique au-dessus. Cette \u0153uvre d\u00e9gage une \u00e9nergie \u00e9motionnelle intense, fusionnant abstraction et figuration d'une mani\u00e8re unique et convaincante, ce qui en fait un exemple frappant d'expressionnisme contemporain.<\/p>\n<p>&nbsp;<\/p>\n<p>D\u00e9couvrez l'inspiration et le processus de l'artiste en vous plongeant dans sa collection. Chaque pi\u00e8ce offre un aper\u00e7u unique de leur univers cr\u00e9atif, o\u00f9 la couleur et la forme s'unissent pour cr\u00e9er des \u0153uvres \u00e0 la fois attrayantes et m\u00e9morables.<\/p>\n<\/div>\n<\/div>\n<\/div>\n<div>\n<div>\n<div><\/div>\n<\/div>\n<\/div>\n<\/div>\n<\/div>\n<\/div>","protected":false},"excerpt":{"rendered":"<p>The artwork is available for pickup at BelArt Gallery in Brussels, Belgium, or it can be delivered to the address of your choice within 2 to 3 weeks after your order is confirmed. The artwork is insured during transportation, so there&#8217;s no risk. Origin: Belgium. This artwork is a bold and expressive piece showcasing a [&hellip;]<\/p>","protected":false},"featured_media":1930,"template":"","meta":{"_acf_changed":false,"inline_featured_image":false,"_monsterinsights_skip_tracking":false,"_monsterinsights_sitenote_active":false,"_monsterinsights_sitenote_note":"","_monsterinsights_sitenote_category":0},"product_brand":[195],"product_cat":[167,33,36],"product_tag":[],"department":[],"class_list":{"0":"post-8100","1":"product","2":"type-product","3":"status-publish","4":"has-post-thumbnail","6":"product_brand-jazzu","7":"product_cat-figurative","8":"product_cat-outsider-art","9":"product_cat-painting","10":"product_shipping_class-small","12":"first","13":"outofstock","14":"shipping-taxable","15":"purchasable","16":"product-type-simple"},"acf":[],"_links":{"self":[{"href":"https:\/\/www.belart-gallery.com\/fr\/wp-json\/wp\/v2\/product\/8100","targetHints":{"allow":["GET"]}}],"collection":[{"href":"https:\/\/www.belart-gallery.com\/fr\/wp-json\/wp\/v2\/product"}],"about":[{"href":"https:\/\/www.belart-gallery.com\/fr\/wp-json\/wp\/v2\/types\/product"}],"wp:featuredmedia":[{"embeddable":true,"href":"https:\/\/www.belart-gallery.com\/fr\/wp-json\/wp\/v2\/media\/1930"}],"wp:attachment":[{"href":"https:\/\/www.belart-gallery.com\/fr\/wp-json\/wp\/v2\/media?parent=8100"}],"wp:term":[{"taxonomy":"product_brand","embeddable":true,"href":"https:\/\/www.belart-gallery.com\/fr\/wp-json\/wp\/v2\/product_brand?post=8100"},{"taxonomy":"product_cat","embeddable":true,"href":"https:\/\/www.belart-gallery.com\/fr\/wp-json\/wp\/v2\/product_cat?post=8100"},{"taxonomy":"product_tag","embeddable":true,"href":"https:\/\/www.belart-gallery.com\/fr\/wp-json\/wp\/v2\/product_tag?post=8100"},{"taxonomy":"department","embeddable":true,"href":"https:\/\/www.belart-gallery.com\/fr\/wp-json\/wp\/v2\/department?post=8100"}],"curies":[{"name":"wp","href":"https:\/\/api.w.org\/{rel}","templated":true}]}}