{"id":8101,"date":"2025-04-28T15:47:24","date_gmt":"2025-04-28T15:47:24","guid":{"rendered":"https:\/\/belart-gallery.com\/product-page\/a-vif\/"},"modified":"2025-06-06T15:40:05","modified_gmt":"2025-06-06T15:40:05","slug":"a-vif-jazzu","status":"publish","type":"product","link":"https:\/\/www.belart-gallery.com\/fr\/product-page\/a-vif-jazzu\/","title":{"rendered":"Un vif"},"content":{"rendered":"<div>\n<div>\n<div>\n<div>\n<div>\n<div>\n<p>L'\u0153uvre peut \u00eatre retir\u00e9e \u00e0 la galerie BelArt \u00e0 Bruxelles, Belgique, ou peut \u00eatre livr\u00e9e \u00e0 l'adresse de votre choix dans un d\u00e9lai de 2 \u00e0 3 semaines apr\u00e8s la confirmation de votre commande. L'\u0153uvre est assur\u00e9e pendant le transport, il n'y a donc aucun risque. Origine : Belgique : Belgique.<\/p>\n<p>&nbsp;<\/p>\n<p>Cette \u0153uvre d'art est une fusion saisissante des styles abstrait et expressionniste, caract\u00e9ris\u00e9e par des couleurs vives et audacieuses et des coups de pinceau dynamiques. Domin\u00e9e par des nuances de bleu, de rose et d'orange, elle repr\u00e9sente un visage fragment\u00e9, sugg\u00e9rant des couches d'\u00e9motion et de complexit\u00e9. La juxtaposition de lignes noires \u00e9paisses et d'\u00e9claboussures de peinture cr\u00e9e un sentiment de mouvement, faisant \u00e9cho aux th\u00e8mes du chaos et de l'introspection. La d\u00e9formation d\u00e9lib\u00e9r\u00e9e des traits du visage invite le spectateur \u00e0 explorer les subtilit\u00e9s de l'identit\u00e9 et de la perception. Le texte griffonn\u00e9 au bas de l'\u0153uvre ajoute un \u00e9l\u00e9ment narratif \u00e9nigmatique qui en renforce la profondeur. Cette \u0153uvre se distingue par son \u00e9nergie brute et son intensit\u00e9 \u00e9motionnelle, incarnant un jeu unique entre la forme et la couleur qui capture le passage du temps et la fluidit\u00e9 de l'exp\u00e9rience humaine.<\/p>\n<p>&nbsp;<\/p>\n<p>D\u00e9couvrez l'inspiration et le processus de l'artiste en vous plongeant dans sa collection. Chaque pi\u00e8ce offre un aper\u00e7u unique de leur univers cr\u00e9atif, o\u00f9 la couleur et la forme s'unissent pour cr\u00e9er des \u0153uvres \u00e0 la fois attrayantes et m\u00e9morables.<\/p>\n<\/div>\n<\/div>\n<\/div>\n<div>\n<div>\n<div><\/div>\n<\/div>\n<\/div>\n<\/div>\n<\/div>\n<\/div>","protected":false},"excerpt":{"rendered":"<p>The artwork is available for pickup at BelArt Gallery in Brussels, Belgium, or it can be delivered to the address of your choice within 2 to 3 weeks after your order is confirmed. The artwork is insured during transportation, so there&#8217;s no risk. Origin: Belgium. &nbsp; This artwork is an arresting fusion of abstract and [&hellip;]<\/p>","protected":false},"featured_media":1936,"template":"","meta":{"_acf_changed":false,"inline_featured_image":false,"_monsterinsights_skip_tracking":false,"_monsterinsights_sitenote_active":false,"_monsterinsights_sitenote_note":"","_monsterinsights_sitenote_category":0},"product_brand":[195],"product_cat":[167,33,36],"product_tag":[123,169,168,134,170],"department":[],"class_list":{"0":"post-8101","1":"product","2":"type-product","3":"status-publish","4":"has-post-thumbnail","6":"product_brand-jazzu","7":"product_cat-figurative","8":"product_cat-outsider-art","9":"product_cat-painting","10":"product_tag-colorful-artwork","11":"product_tag-colors","12":"product_tag-friends","13":"product_tag-portrait","14":"product_tag-text","15":"product_shipping_class-small","17":"first","18":"instock","19":"shipping-taxable","20":"purchasable","21":"product-type-simple"},"acf":[],"_links":{"self":[{"href":"https:\/\/www.belart-gallery.com\/fr\/wp-json\/wp\/v2\/product\/8101","targetHints":{"allow":["GET"]}}],"collection":[{"href":"https:\/\/www.belart-gallery.com\/fr\/wp-json\/wp\/v2\/product"}],"about":[{"href":"https:\/\/www.belart-gallery.com\/fr\/wp-json\/wp\/v2\/types\/product"}],"version-history":[{"count":0,"href":"https:\/\/www.belart-gallery.com\/fr\/wp-json\/wp\/v2\/product\/8101\/revisions"}],"wp:featuredmedia":[{"embeddable":true,"href":"https:\/\/www.belart-gallery.com\/fr\/wp-json\/wp\/v2\/media\/1936"}],"wp:attachment":[{"href":"https:\/\/www.belart-gallery.com\/fr\/wp-json\/wp\/v2\/media?parent=8101"}],"wp:term":[{"taxonomy":"product_brand","embeddable":true,"href":"https:\/\/www.belart-gallery.com\/fr\/wp-json\/wp\/v2\/product_brand?post=8101"},{"taxonomy":"product_cat","embeddable":true,"href":"https:\/\/www.belart-gallery.com\/fr\/wp-json\/wp\/v2\/product_cat?post=8101"},{"taxonomy":"product_tag","embeddable":true,"href":"https:\/\/www.belart-gallery.com\/fr\/wp-json\/wp\/v2\/product_tag?post=8101"},{"taxonomy":"department","embeddable":true,"href":"https:\/\/www.belart-gallery.com\/fr\/wp-json\/wp\/v2\/department?post=8101"}],"curies":[{"name":"wp","href":"https:\/\/api.w.org\/{rel}","templated":true}]}}