{"id":8109,"date":"2025-04-28T15:47:25","date_gmt":"2025-04-28T15:47:25","guid":{"rendered":"https:\/\/belart-gallery.com\/product-page\/rythme-des-mots-2\/"},"modified":"2026-01-20T13:27:19","modified_gmt":"2026-01-20T13:27:19","slug":"sophie-dumont-rythme-des-mots-2","status":"publish","type":"product","link":"https:\/\/www.belart-gallery.com\/fr\/product-page\/sophie-dumont-rythme-des-mots-2\/","title":{"rendered":"Rythme des mots 2"},"content":{"rendered":"<p>L'\u0153uvre peut \u00eatre retir\u00e9e \u00e0 la galerie BelArt \u00e0 Bruxelles, Belgique, ou peut \u00eatre livr\u00e9e \u00e0 l'adresse de votre choix dans un d\u00e9lai de 2 \u00e0 3 semaines apr\u00e8s la confirmation de votre commande. L'\u0153uvre est assur\u00e9e pendant le transport, il n'y a donc aucun risque. Origine : Belgique : Belgique.<\/p>\n<p>&nbsp;<\/p>\n<p>Framed in natural or black wood (your choice).<\/p>\n<p>With, Sophie Dumont continues her pictorial exploration of libraries, here in a panoramic format which evokes both the timeline, the pace of thought and the density of knowledge.<\/p>\n<p>The books, standing or lying down, stand as silent witnesses, bearers of stories, ideas, and human echoes. The composition rests on a delicate balance between verticality and horizontality, colored masses and neutral breaths. The ochre, brick, cream, blue, and graphite tones echo one another in a visual choreography made of matter and silence.<\/p>\n<p>Painted with a knife, the surface reveals a living texture, as if each book had been inscribed, weighed, and placed with intention. This work is not simply a representation of a shelf: it becomes an abstract score, a mental landscape, a tribute to culture as a common foundation.<\/p>\n<p>It is a work with a strong presence, which fits elegantly into a contemporary interior, conducive to reflection or dialogue.<\/p>","protected":false},"excerpt":{"rendered":"<p>The artwork is available for pickup at BelArt Gallery in Brussels, Belgium, or it can be delivered to the address of your choice within 2 to 3 weeks after your order is confirmed. The artwork is insured during transportation, so there&#8217;s no risk. Origin: Belgium. &nbsp; Framed in natural or black wood (your choice). With, [&hellip;]<\/p>","protected":false},"featured_media":2011,"template":"","meta":{"_acf_changed":false,"inline_featured_image":false,"_monsterinsights_skip_tracking":false,"_monsterinsights_sitenote_active":false,"_monsterinsights_sitenote_note":"","_monsterinsights_sitenote_category":0},"product_brand":[180],"product_cat":[27,36],"product_tag":[117,169,246],"department":[],"class_list":{"0":"post-8109","1":"product","2":"type-product","3":"status-publish","4":"has-post-thumbnail","6":"product_brand-sophie-dumont","7":"product_cat-abstract","8":"product_cat-painting","9":"product_tag-abstract-art","10":"product_tag-colors","11":"product_tag-library","12":"product_shipping_class-extra-large","14":"first","15":"instock","16":"sold-individually","17":"shipping-taxable","18":"purchasable","19":"product-type-simple"},"acf":[],"_links":{"self":[{"href":"https:\/\/www.belart-gallery.com\/fr\/wp-json\/wp\/v2\/product\/8109","targetHints":{"allow":["GET"]}}],"collection":[{"href":"https:\/\/www.belart-gallery.com\/fr\/wp-json\/wp\/v2\/product"}],"about":[{"href":"https:\/\/www.belart-gallery.com\/fr\/wp-json\/wp\/v2\/types\/product"}],"wp:featuredmedia":[{"embeddable":true,"href":"https:\/\/www.belart-gallery.com\/fr\/wp-json\/wp\/v2\/media\/2011"}],"wp:attachment":[{"href":"https:\/\/www.belart-gallery.com\/fr\/wp-json\/wp\/v2\/media?parent=8109"}],"wp:term":[{"taxonomy":"product_brand","embeddable":true,"href":"https:\/\/www.belart-gallery.com\/fr\/wp-json\/wp\/v2\/product_brand?post=8109"},{"taxonomy":"product_cat","embeddable":true,"href":"https:\/\/www.belart-gallery.com\/fr\/wp-json\/wp\/v2\/product_cat?post=8109"},{"taxonomy":"product_tag","embeddable":true,"href":"https:\/\/www.belart-gallery.com\/fr\/wp-json\/wp\/v2\/product_tag?post=8109"},{"taxonomy":"department","embeddable":true,"href":"https:\/\/www.belart-gallery.com\/fr\/wp-json\/wp\/v2\/department?post=8109"}],"curies":[{"name":"wp","href":"https:\/\/api.w.org\/{rel}","templated":true}]}}