{"id":8130,"date":"2025-04-28T15:47:29","date_gmt":"2025-04-28T15:47:29","guid":{"rendered":"https:\/\/belart-gallery.com\/product-page\/dreamscape-two-tone-painting\/"},"modified":"2025-10-05T19:30:59","modified_gmt":"2025-10-05T19:30:59","slug":"daniela-pasqualini-dreamscape-two-tone-painting","status":"publish","type":"product","link":"https:\/\/www.belart-gallery.com\/fr\/product-page\/daniela-pasqualini-dreamscape-two-tone-painting\/","title":{"rendered":"Dreamscape &#8211; Two Tone Painting"},"content":{"rendered":"<p>L'\u0153uvre peut \u00eatre retir\u00e9e \u00e0 la galerie BelArt \u00e0 Bruxelles, Belgique, ou peut \u00eatre livr\u00e9e \u00e0 l'adresse de votre choix dans un d\u00e9lai de 2 \u00e0 3 semaines apr\u00e8s la confirmation de votre commande. L'\u0153uvre est assur\u00e9e pendant le transport, il n'y a donc aucun risque. Origine : Belgique : Belgique.<\/p>\n<p>&nbsp;<\/p>\n<p>&#8220;Life is always about balance &#8230; and it\u2019s not something that you find &#8230; it\u2019s something you create<\/p>\n<p>Inspired by light, movement and pattern, my goal is to infuse these elements and form an abstracted composition.<\/p>\n<p>Understanding the interaction of these sensations allows me to convey not only visual but tactual sensations and rhythms similar to ones created by nature. The hypnotic pattern in the luminous abstraction seems to radiate, pulse and emerge. The result is open compositions, full of charm and energy which is the essence of my being and therefore my art.<\/p>\n<p>Peint au pinceau et au couteau \u00e0 palette.<\/p>\n<p>Mixed Media on gallery wrapped canvas &#8211; acrylic paint, impasto, black glitter<\/p>\n<p>Dimension 48 x 60 inches<\/p>\n<p>Edges are painted, requires no framing, so it is ready to hang.<\/p>\n<p>Une derni\u00e8re couche de vernis pr\u00e9serve les couleurs pendant une longue p\u00e9riode et prot\u00e8ge la peinture de la poussi\u00e8re et des rayons UV.<\/p>\n<p>The painting is signed on the side and dated with name on the back.<\/p>\n<p>Certificat d'authenticit\u00e9 inclus.<\/p>\n<p>Keywords: black white, minimal, modern, abstract, texture, duo tone, meditative, spiritual, elegant, ready to hang, interior design, ying yang, abstract landscape<\/p>","protected":false},"excerpt":{"rendered":"<p>The artwork is available for pickup at BelArt Gallery in Brussels, Belgium, or it can be delivered to the address of your choice within 2 to 3 weeks after your order is confirmed. The artwork is insured during transportation, so there&#8217;s no risk. Origin: Belgium. &nbsp; &#8220;Life is always about balance &#8230; and it\u2019s not [&hellip;]<\/p>","protected":false},"featured_media":2240,"template":"","meta":{"_acf_changed":false,"inline_featured_image":false,"_monsterinsights_skip_tracking":false,"_monsterinsights_sitenote_active":false,"_monsterinsights_sitenote_note":"","_monsterinsights_sitenote_category":0},"product_brand":[255],"product_cat":[27,36],"product_tag":[117],"department":[],"class_list":{"0":"post-8130","1":"product","2":"type-product","3":"status-publish","4":"has-post-thumbnail","6":"product_brand-daniela-pasqualini","7":"product_cat-abstract","8":"product_cat-painting","9":"product_tag-abstract-art","10":"product_shipping_class-extra-large","12":"first","13":"instock","14":"sold-individually","15":"shipping-taxable","16":"purchasable","17":"product-type-simple"},"acf":[],"_links":{"self":[{"href":"https:\/\/www.belart-gallery.com\/fr\/wp-json\/wp\/v2\/product\/8130","targetHints":{"allow":["GET"]}}],"collection":[{"href":"https:\/\/www.belart-gallery.com\/fr\/wp-json\/wp\/v2\/product"}],"about":[{"href":"https:\/\/www.belart-gallery.com\/fr\/wp-json\/wp\/v2\/types\/product"}],"wp:featuredmedia":[{"embeddable":true,"href":"https:\/\/www.belart-gallery.com\/fr\/wp-json\/wp\/v2\/media\/2240"}],"wp:attachment":[{"href":"https:\/\/www.belart-gallery.com\/fr\/wp-json\/wp\/v2\/media?parent=8130"}],"wp:term":[{"taxonomy":"product_brand","embeddable":true,"href":"https:\/\/www.belart-gallery.com\/fr\/wp-json\/wp\/v2\/product_brand?post=8130"},{"taxonomy":"product_cat","embeddable":true,"href":"https:\/\/www.belart-gallery.com\/fr\/wp-json\/wp\/v2\/product_cat?post=8130"},{"taxonomy":"product_tag","embeddable":true,"href":"https:\/\/www.belart-gallery.com\/fr\/wp-json\/wp\/v2\/product_tag?post=8130"},{"taxonomy":"department","embeddable":true,"href":"https:\/\/www.belart-gallery.com\/fr\/wp-json\/wp\/v2\/department?post=8130"}],"curies":[{"name":"wp","href":"https:\/\/api.w.org\/{rel}","templated":true}]}}