{"id":8156,"date":"2025-04-28T15:47:33","date_gmt":"2025-04-28T15:47:33","guid":{"rendered":"https:\/\/belart-gallery.com\/product-page\/day-one-triptych-stretched\/"},"modified":"2025-07-10T13:32:15","modified_gmt":"2025-07-10T13:32:15","slug":"nadin-antoniuk-day-one-triptych-stretched","status":"publish","type":"product","link":"https:\/\/www.belart-gallery.com\/fr\/product-page\/nadin-antoniuk-day-one-triptych-stretched\/","title":{"rendered":"Day one &#8211; triptych (ready to hang)"},"content":{"rendered":"<p>L'\u0153uvre peut \u00eatre retir\u00e9e \u00e0 la galerie BelArt \u00e0 Bruxelles, Belgique, ou peut \u00eatre livr\u00e9e \u00e0 l'adresse de votre choix dans un d\u00e9lai de 2 \u00e0 3 semaines apr\u00e8s la confirmation de votre commande. L'\u0153uvre est assur\u00e9e pendant le transport, il n'y a donc aucun risque. Origine : Belgique : Belgique.<\/p>\n<p>&nbsp;<\/p>\n<p>\u201cYou can live your whole life not realizing that what you&#8217;re looking for is right in front of you.&#8221;<\/p>\n<p>Paintings are Stretched, Ready to hang.<\/p>\n<p>C'est le cas lorsqu'il est int\u00e9ressant d'\u00e9tudier chaque centim\u00e8tre carr\u00e9.<\/p>\n<p>Textural. Threads of paint have volume.<\/p>\n<p>Painting style &#8211; the paint is applied in threads. The threads of paint seem to intertwine, creating their own canvas. Painting is made using multi-layer paint technique. A million multi-colored splashes dry before each subsequent coat of a colored the threads of paint is applied. In general, the painting has more then 50 layers of the application of colorful splashes.<\/p>\n<p>~~ Bronze and mother-of-pearl paint are used in painting.<\/p>\n<p>\u2022 Size of three paintings: 20&#8243; x 60&#8243; (50 x 150 cm).<\/p>\n<p>\u2022 Size of one of three paintings: 20&#8243;x 20&#8243; (50 x 50 cm) &#8211; 3 pieces.<\/p>\n<p>~~ Ready to hang.<\/p>\n<p>Les bords suppl\u00e9mentaires de la toile sont peints de mani\u00e8re \u00e0 ce qu'elle puisse \u00eatre suspendue avec ou sans cadre, selon les pr\u00e9f\u00e9rences.<\/p>","protected":false},"excerpt":{"rendered":"<p>The artwork is available for pickup at BelArt Gallery in Brussels, Belgium, or it can be delivered to the address of your choice within 2 to 3 weeks after your order is confirmed. The artwork is insured during transportation, so there&#8217;s no risk. Origin: Belgium. &nbsp; \u201cYou can live your whole life not realizing that [&hellip;]<\/p>","protected":false},"featured_media":2528,"template":"","meta":{"_acf_changed":false,"inline_featured_image":false,"_monsterinsights_skip_tracking":false,"_monsterinsights_sitenote_active":false,"_monsterinsights_sitenote_note":"","_monsterinsights_sitenote_category":0},"product_brand":[187],"product_cat":[27,36],"product_tag":[117,139],"department":[],"class_list":{"0":"post-8156","1":"product","2":"type-product","3":"status-publish","4":"has-post-thumbnail","6":"product_brand-nadin-antoniuk","7":"product_cat-abstract","8":"product_cat-painting","9":"product_tag-abstract-art","10":"product_tag-textured-art","11":"product_shipping_class-extra-large","13":"first","14":"instock","15":"sold-individually","16":"shipping-taxable","17":"purchasable","18":"product-type-simple"},"acf":[],"_links":{"self":[{"href":"https:\/\/www.belart-gallery.com\/fr\/wp-json\/wp\/v2\/product\/8156","targetHints":{"allow":["GET"]}}],"collection":[{"href":"https:\/\/www.belart-gallery.com\/fr\/wp-json\/wp\/v2\/product"}],"about":[{"href":"https:\/\/www.belart-gallery.com\/fr\/wp-json\/wp\/v2\/types\/product"}],"wp:featuredmedia":[{"embeddable":true,"href":"https:\/\/www.belart-gallery.com\/fr\/wp-json\/wp\/v2\/media\/2528"}],"wp:attachment":[{"href":"https:\/\/www.belart-gallery.com\/fr\/wp-json\/wp\/v2\/media?parent=8156"}],"wp:term":[{"taxonomy":"product_brand","embeddable":true,"href":"https:\/\/www.belart-gallery.com\/fr\/wp-json\/wp\/v2\/product_brand?post=8156"},{"taxonomy":"product_cat","embeddable":true,"href":"https:\/\/www.belart-gallery.com\/fr\/wp-json\/wp\/v2\/product_cat?post=8156"},{"taxonomy":"product_tag","embeddable":true,"href":"https:\/\/www.belart-gallery.com\/fr\/wp-json\/wp\/v2\/product_tag?post=8156"},{"taxonomy":"department","embeddable":true,"href":"https:\/\/www.belart-gallery.com\/fr\/wp-json\/wp\/v2\/department?post=8156"}],"curies":[{"name":"wp","href":"https:\/\/api.w.org\/{rel}","templated":true}]}}