{"id":8157,"date":"2025-04-28T15:47:34","date_gmt":"2025-04-28T15:47:34","guid":{"rendered":"https:\/\/belart-gallery.com\/product-page\/coffee-with-cream-stretched\/"},"modified":"2025-07-10T13:31:55","modified_gmt":"2025-07-10T13:31:55","slug":"nadin-antoniuk-coffee-with-cream-stretched","status":"publish","type":"product","link":"https:\/\/www.belart-gallery.com\/fr\/product-page\/nadin-antoniuk-coffee-with-cream-stretched\/","title":{"rendered":"Coffee with cream &#8211; triptych (ready to hang)"},"content":{"rendered":"<p>L'\u0153uvre peut \u00eatre retir\u00e9e \u00e0 la galerie BelArt \u00e0 Bruxelles, Belgique, ou peut \u00eatre livr\u00e9e \u00e0 l'adresse de votre choix dans un d\u00e9lai de 2 \u00e0 3 semaines apr\u00e8s la confirmation de votre commande. L'\u0153uvre est assur\u00e9e pendant le transport, il n'y a donc aucun risque. Origine : Belgique : Belgique.<\/p>\n<p>&nbsp;<\/p>\n<p>C'est le cas lorsqu'il est int\u00e9ressant d'\u00e9tudier chaque centim\u00e8tre carr\u00e9.<br \/>\nTexture. Les fils de peinture ont du volume. Style de peinture - la peinture est appliqu\u00e9e en fils. Les fils de peinture semblent s'entrelacer, cr\u00e9ant leur propre toile. La peinture est r\u00e9alis\u00e9e \u00e0 l'aide d'une technique de peinture multicouche. Un million d'\u00e9claboussures multicolores s\u00e8chent avant que ne soit appliqu\u00e9e chaque couche suivante d'une peinture color\u00e9e en fils. En g\u00e9n\u00e9ral, la peinture comporte plus de 50 couches d'application d'\u00e9claboussures color\u00e9es.~~ Le bronze et la nacre sont utilis\u00e9s dans la peinture.~~ Taille des trois peintures : 20\u2033 x 60\u2033 (50 x 150 cm).<br \/>\n- Taille d'un des trois tableaux : 20\u2033x 20\u2033 (50 x 50 cm) - 3 pi\u00e8ces ~~~ Pr\u00eat \u00e0 \u00eatre accroch\u00e9.<br \/>\nLes bords suppl\u00e9mentaires de la toile sont peints de mani\u00e8re \u00e0 ce qu'elle puisse \u00eatre suspendue avec ou sans cadre, selon les pr\u00e9f\u00e9rences.<\/p>","protected":false},"excerpt":{"rendered":"<p>The artwork is available for pickup at BelArt Gallery in Brussels, Belgium, or it can be delivered to the address of your choice within 2 to 3 weeks after your order is confirmed. The artwork is insured during transportation, so there&#8217;s no risk. Origin: Belgium. &nbsp; This is the case when it is interesting to [&hellip;]<\/p>","protected":false},"featured_media":2545,"template":"","meta":{"_acf_changed":false,"inline_featured_image":false,"_monsterinsights_skip_tracking":false,"_monsterinsights_sitenote_active":false,"_monsterinsights_sitenote_note":"","_monsterinsights_sitenote_category":0},"product_brand":[187],"product_cat":[27,36],"product_tag":[117,139],"department":[],"class_list":{"0":"post-8157","1":"product","2":"type-product","3":"status-publish","4":"has-post-thumbnail","6":"product_brand-nadin-antoniuk","7":"product_cat-abstract","8":"product_cat-painting","9":"product_tag-abstract-art","10":"product_tag-textured-art","11":"product_shipping_class-extra-large","13":"first","14":"instock","15":"sold-individually","16":"shipping-taxable","17":"purchasable","18":"product-type-simple"},"acf":[],"_links":{"self":[{"href":"https:\/\/www.belart-gallery.com\/fr\/wp-json\/wp\/v2\/product\/8157","targetHints":{"allow":["GET"]}}],"collection":[{"href":"https:\/\/www.belart-gallery.com\/fr\/wp-json\/wp\/v2\/product"}],"about":[{"href":"https:\/\/www.belart-gallery.com\/fr\/wp-json\/wp\/v2\/types\/product"}],"wp:featuredmedia":[{"embeddable":true,"href":"https:\/\/www.belart-gallery.com\/fr\/wp-json\/wp\/v2\/media\/2545"}],"wp:attachment":[{"href":"https:\/\/www.belart-gallery.com\/fr\/wp-json\/wp\/v2\/media?parent=8157"}],"wp:term":[{"taxonomy":"product_brand","embeddable":true,"href":"https:\/\/www.belart-gallery.com\/fr\/wp-json\/wp\/v2\/product_brand?post=8157"},{"taxonomy":"product_cat","embeddable":true,"href":"https:\/\/www.belart-gallery.com\/fr\/wp-json\/wp\/v2\/product_cat?post=8157"},{"taxonomy":"product_tag","embeddable":true,"href":"https:\/\/www.belart-gallery.com\/fr\/wp-json\/wp\/v2\/product_tag?post=8157"},{"taxonomy":"department","embeddable":true,"href":"https:\/\/www.belart-gallery.com\/fr\/wp-json\/wp\/v2\/department?post=8157"}],"curies":[{"name":"wp","href":"https:\/\/api.w.org\/{rel}","templated":true}]}}