{"id":8158,"date":"2025-04-28T15:47:34","date_gmt":"2025-04-28T15:47:34","guid":{"rendered":"https:\/\/belart-gallery.com\/product-page\/lights-first-kiss\/"},"modified":"2025-07-10T13:32:33","modified_gmt":"2025-07-10T13:32:33","slug":"nadin-antoniuk-lights-first-kiss","status":"publish","type":"product","link":"https:\/\/www.belart-gallery.com\/fr\/product-page\/nadin-antoniuk-lights-first-kiss\/","title":{"rendered":"Light\u2019s First Kiss"},"content":{"rendered":"<p>L'\u0153uvre peut \u00eatre retir\u00e9e \u00e0 la galerie BelArt \u00e0 Bruxelles, Belgique, ou peut \u00eatre livr\u00e9e \u00e0 l'adresse de votre choix dans un d\u00e9lai de 2 \u00e0 3 semaines apr\u00e8s la confirmation de votre commande. L'\u0153uvre est assur\u00e9e pendant le transport, il n'y a donc aucun risque. Origine : Belgique : Belgique.<\/p>\n<p>&nbsp;<\/p>\n<p>The tender blush of dawn, soft and unassuming, carries the quiet strength of a new beginning. As the first rays of sunlight brush against the horizon, they remind us of the unbroken rhythm of existence\u2014a perpetual cycle of renewal. Friedrich Nietzsche once wrote, &#8220;He who has a why to live can bear almost any how.&#8221; In the fleeting beauty of the sunrise, we find that &#8220;why&#8221;\u2014a gentle yet profound reminder that life, with all its complexities, is worthy of our reverence. The dawn doesn&#8217;t rush; it doesn&#8217;t demand. It unfolds with a graceful inevitability, teaching us patience and the art of embracing life&#8217;s gradual revelations.<\/p>\n<p>400249<\/p>\n<p>Painting is made using multi-layer paint technique.<\/p>\n<p>Painting style &#8211; the paint is applied in threads. The threads of paint seem to intertwine, creating their own canvas. Painting is made using multi-layer paint technique. A million multi-colored splashes dry before each subsequent coat of a colored the threads of paint is applied. In general, the painting has more then 50 layers of the application of colorful splashes.<\/p>\n<p>\u2022 Size of the painting: 59&#8243; x 37&#8243;\/ 150 x 95 cm.<br \/>\n\u2022 Size of canvas with borders: 63&#8243; x 42&#8243;\/ 160x 108 cm.<\/p>\n<p>The painting has additional 3-4&#8221; (7-10 cm.) borders around the art for convenient stretching.<br \/>\nAdditional borders of the canvas are painted so after straching it can be hanged with or without a frame as preferred.<\/p>\n<p>Non \u00e9tir\u00e9. Vous le recevrez roul\u00e9, dans un tube. Pr\u00eat \u00e0 \u00eatre \u00e9tir\u00e9.<br \/>\nI recommend stretching your painting in a local custom framing shop. It will be the most affordable and easy way for you to get a big stretched canvas.<\/p>","protected":false},"excerpt":{"rendered":"<p>The artwork is available for pickup at BelArt Gallery in Brussels, Belgium, or it can be delivered to the address of your choice within 2 to 3 weeks after your order is confirmed. The artwork is insured during transportation, so there&#8217;s no risk. Origin: Belgium. &nbsp; The tender blush of dawn, soft and unassuming, carries [&hellip;]<\/p>","protected":false},"featured_media":2562,"template":"","meta":{"_acf_changed":false,"inline_featured_image":false,"_monsterinsights_skip_tracking":false,"_monsterinsights_sitenote_active":false,"_monsterinsights_sitenote_note":"","_monsterinsights_sitenote_category":0},"product_brand":[187],"product_cat":[27,36],"product_tag":[117,247,139],"department":[],"class_list":{"0":"post-8158","1":"product","2":"type-product","3":"status-publish","4":"has-post-thumbnail","6":"product_brand-nadin-antoniuk","7":"product_cat-abstract","8":"product_cat-painting","9":"product_tag-abstract-art","10":"product_tag-seascape","11":"product_tag-textured-art","12":"product_shipping_class-extra-large","14":"first","15":"instock","16":"sold-individually","17":"shipping-taxable","18":"purchasable","19":"product-type-simple"},"acf":[],"_links":{"self":[{"href":"https:\/\/www.belart-gallery.com\/fr\/wp-json\/wp\/v2\/product\/8158","targetHints":{"allow":["GET"]}}],"collection":[{"href":"https:\/\/www.belart-gallery.com\/fr\/wp-json\/wp\/v2\/product"}],"about":[{"href":"https:\/\/www.belart-gallery.com\/fr\/wp-json\/wp\/v2\/types\/product"}],"wp:featuredmedia":[{"embeddable":true,"href":"https:\/\/www.belart-gallery.com\/fr\/wp-json\/wp\/v2\/media\/2562"}],"wp:attachment":[{"href":"https:\/\/www.belart-gallery.com\/fr\/wp-json\/wp\/v2\/media?parent=8158"}],"wp:term":[{"taxonomy":"product_brand","embeddable":true,"href":"https:\/\/www.belart-gallery.com\/fr\/wp-json\/wp\/v2\/product_brand?post=8158"},{"taxonomy":"product_cat","embeddable":true,"href":"https:\/\/www.belart-gallery.com\/fr\/wp-json\/wp\/v2\/product_cat?post=8158"},{"taxonomy":"product_tag","embeddable":true,"href":"https:\/\/www.belart-gallery.com\/fr\/wp-json\/wp\/v2\/product_tag?post=8158"},{"taxonomy":"department","embeddable":true,"href":"https:\/\/www.belart-gallery.com\/fr\/wp-json\/wp\/v2\/department?post=8158"}],"curies":[{"name":"wp","href":"https:\/\/api.w.org\/{rel}","templated":true}]}}