{"id":8164,"date":"2025-04-28T15:47:35","date_gmt":"2025-04-28T15:47:35","guid":{"rendered":"https:\/\/belart-gallery.com\/product-page\/hidden-light-green-and-purple\/"},"modified":"2025-07-16T20:34:45","modified_gmt":"2025-07-16T20:34:45","slug":"daniela-pasqualini-hidden-light-green-and-purple","status":"publish","type":"product","link":"https:\/\/www.belart-gallery.com\/fr\/product-page\/daniela-pasqualini-hidden-light-green-and-purple\/","title":{"rendered":"Hidden light &#8211; Green and purple"},"content":{"rendered":"<p>L'\u0153uvre peut \u00eatre retir\u00e9e \u00e0 la galerie BelArt \u00e0 Bruxelles, Belgique, ou peut \u00eatre livr\u00e9e \u00e0 l'adresse de votre choix dans un d\u00e9lai de 2 \u00e0 3 semaines apr\u00e8s la confirmation de votre commande. L'\u0153uvre est assur\u00e9e pendant le transport, il n'y a donc aucun risque. Origine : Belgique : Belgique.<\/p>\n<p>&nbsp;<\/p>\n<p>Cette s\u00e9rie traite de la sensibilit\u00e9 \u00e0 notre environnement.... paysage introspectif \u00e9th\u00e9r\u00e9 oppos\u00e9 \u00e0 un paysage r\u00e9aliste. Mon but est de laisser le spectateur compl\u00e9ter la peinture avec ce qui est personnellement significatif en cr\u00e9ant un espace pour ses souvenirs et sa voix inexprim\u00e9e.<br \/>\nThe result is an open compositions, full of charm and energy which is the essence of my art.<\/p>\n<p>My paintings are about energy and gesture, a visual dance that brings tactual sensations and rhythms similar to ones created by nature. They convey years of travel, experiences involving nature, places, people and sounds that are woven into the relationship with vibrant colors, texture and lines. They are an interpretation of the images and emotions accumulated from my travels.<\/p>\n<p>I hope that through my paintings, where all the elements of an experience come together, I am able to communicate the essence of my surroundings.<\/p>\n<p>Peint au pinceau et au couteau \u00e0 palette.<br \/>\nWhite Floating Frame.<br \/>\n4 paintings 16&#215;20 inches unframed &#8211; 18&#215;22 inches framed.<\/p>\n<p>Mixed Media on canvas ( Acrylic, sand, crackle paste).<br \/>\nUne derni\u00e8re couche de vernis pr\u00e9serve les couleurs pendant une longue p\u00e9riode et prot\u00e8ge la peinture de la poussi\u00e8re et des rayons UV.<br \/>\nLe tableau est sign\u00e9 au recto et dat\u00e9 avec le nom au verso.<br \/>\nCertificat d'authenticit\u00e9 inclus.<\/p>","protected":false},"excerpt":{"rendered":"<p>The artwork is available for pickup at BelArt Gallery in Brussels, Belgium, or it can be delivered to the address of your choice within 2 to 3 weeks after your order is confirmed. The artwork is insured during transportation, so there&#8217;s no risk. Origin: Belgium. &nbsp; This serie is about sensitivity to our surroundings&#8230;. ethereal [&hellip;]<\/p>","protected":false},"featured_media":2650,"template":"","meta":{"_acf_changed":false,"inline_featured_image":false,"_monsterinsights_skip_tracking":false,"_monsterinsights_sitenote_active":false,"_monsterinsights_sitenote_note":"","_monsterinsights_sitenote_category":0},"product_brand":[255],"product_cat":[27,45,36],"product_tag":[117],"department":[],"class_list":{"0":"post-8164","1":"product","2":"type-product","3":"status-publish","4":"has-post-thumbnail","6":"product_brand-daniela-pasqualini","7":"product_cat-abstract","8":"product_cat-mixed-media","9":"product_cat-painting","10":"product_tag-abstract-art","11":"product_shipping_class-medium","13":"first","14":"instock","15":"sold-individually","16":"shipping-taxable","17":"purchasable","18":"product-type-simple"},"acf":[],"_links":{"self":[{"href":"https:\/\/www.belart-gallery.com\/fr\/wp-json\/wp\/v2\/product\/8164","targetHints":{"allow":["GET"]}}],"collection":[{"href":"https:\/\/www.belart-gallery.com\/fr\/wp-json\/wp\/v2\/product"}],"about":[{"href":"https:\/\/www.belart-gallery.com\/fr\/wp-json\/wp\/v2\/types\/product"}],"wp:featuredmedia":[{"embeddable":true,"href":"https:\/\/www.belart-gallery.com\/fr\/wp-json\/wp\/v2\/media\/2650"}],"wp:attachment":[{"href":"https:\/\/www.belart-gallery.com\/fr\/wp-json\/wp\/v2\/media?parent=8164"}],"wp:term":[{"taxonomy":"product_brand","embeddable":true,"href":"https:\/\/www.belart-gallery.com\/fr\/wp-json\/wp\/v2\/product_brand?post=8164"},{"taxonomy":"product_cat","embeddable":true,"href":"https:\/\/www.belart-gallery.com\/fr\/wp-json\/wp\/v2\/product_cat?post=8164"},{"taxonomy":"product_tag","embeddable":true,"href":"https:\/\/www.belart-gallery.com\/fr\/wp-json\/wp\/v2\/product_tag?post=8164"},{"taxonomy":"department","embeddable":true,"href":"https:\/\/www.belart-gallery.com\/fr\/wp-json\/wp\/v2\/department?post=8164"}],"curies":[{"name":"wp","href":"https:\/\/api.w.org\/{rel}","templated":true}]}}