{"id":8165,"date":"2025-04-28T15:47:36","date_gmt":"2025-04-28T15:47:36","guid":{"rendered":"https:\/\/belart-gallery.com\/product-page\/visual-comfort\/"},"modified":"2025-10-05T18:16:53","modified_gmt":"2025-10-05T18:16:53","slug":"daniela-pasqualini-visual-comfort","status":"publish","type":"product","link":"https:\/\/www.belart-gallery.com\/fr\/product-page\/daniela-pasqualini-visual-comfort\/","title":{"rendered":"Visual comfort"},"content":{"rendered":"<p>L'\u0153uvre peut \u00eatre retir\u00e9e \u00e0 la galerie BelArt \u00e0 Bruxelles, Belgique, ou peut \u00eatre livr\u00e9e \u00e0 l'adresse de votre choix dans un d\u00e9lai de 2 \u00e0 3 semaines apr\u00e8s la confirmation de votre commande. L'\u0153uvre est assur\u00e9e pendant le transport, il n'y a donc aucun risque. Origine : Belgique : Belgique.<\/p>\n<p>&nbsp;<\/p>\n<p>\"VISUAL COMFORT\" est une peinture abstraite qui cherche \u00e0 envelopper les spectateurs dans une exp\u00e9rience visuelle sereine et harmonieuse. Inspir\u00e9e par les \u00e9l\u00e9ments apaisants de la nature et des int\u00e9rieurs contemporains, cette \u0153uvre d'art combine une palette de couleurs comprenant l'indigo, le granit, la poussi\u00e8re d'argent, le prune et le bambou. La disposition d\u00e9lib\u00e9r\u00e9e des lignes verticales, passant de tons plus sombres \u00e0 des tons plus clairs et culminant dans un argent scintillant, renforce encore le sentiment de tranquillit\u00e9 et de confort visuel.<\/p>\n<p>La combinaison de couleurs choisie refl\u00e8te une esth\u00e9tique paisible et fra\u00eeche, \u00e9voquant un sentiment de calme et de s\u00e9r\u00e9nit\u00e9. Les teintes indigo et granit apportent profondeur et stabilit\u00e9, rappelant la beaut\u00e9 naturelle de la terre. La poussi\u00e8re d'argent ajoute une touche subtile d'\u00e9l\u00e9gance et de sophistication, tandis que le prune et le bambou apportent chaleur et \u00e9quilibre \u00e0 la composition.<\/p>\n<p>Les lignes verticales qui dominent l'\u0153uvre donnent une impression de structure et d'ordre, guidant le regard du spectateur et cr\u00e9ant un flux harmonieux. Le passage progressif des tons fonc\u00e9s aux tons clairs repr\u00e9sente un voyage de l'ombre \u00e0 la lumi\u00e8re, invitant \u00e0 un sentiment d'optimisme et de renouveau.<\/p>\n<p>\"VISUAL COMFORT\" invite les spectateurs \u00e0 s'immerger dans une ambiance tranquille, offrant un r\u00e9pit dans le chaos de la vie quotidienne. La palette de couleurs harmonieuses et l'utilisation d\u00e9lib\u00e9r\u00e9e de lignes verticales cr\u00e9ent une exp\u00e9rience visuelle \u00e0 la fois apaisante et captivante, offrant un moment de r\u00e9confort et de plaisir visuel.<\/p>\n<p>Gr\u00e2ce \u00e0 sa combinaison de couleurs paisibles et naturelles, ainsi qu'\u00e0 la disposition d\u00e9lib\u00e9r\u00e9e des lignes verticales, \"VISUAL COMFORT\" vise \u00e0 cr\u00e9er une atmosph\u00e8re de d\u00e9tente et d'harmonie visuelle. Il c\u00e9l\u00e8bre la beaut\u00e9 de la nature et l'esth\u00e9tique contemporaine, invitant les spectateurs \u00e0 trouver r\u00e9confort et s\u00e9r\u00e9nit\u00e9 dans la simplicit\u00e9 et l'\u00e9l\u00e9gance de l'\u0153uvre d'art.<\/p>","protected":false},"excerpt":{"rendered":"<p>The artwork is available for pickup at BelArt Gallery in Brussels, Belgium, or it can be delivered to the address of your choice within 2 to 3 weeks after your order is confirmed. The artwork is insured during transportation, so there&#8217;s no risk. Origin: Belgium. &nbsp; &#8220;VISUAL COMFORT&#8221; is an abstract painting that seeks to [&hellip;]<\/p>","protected":false},"featured_media":2668,"template":"","meta":{"_acf_changed":false,"inline_featured_image":false,"_monsterinsights_skip_tracking":false,"_monsterinsights_sitenote_active":false,"_monsterinsights_sitenote_note":"","_monsterinsights_sitenote_category":0},"product_brand":[255],"product_cat":[27,45,36],"product_tag":[117,123,169],"department":[],"class_list":{"0":"post-8165","1":"product","2":"type-product","3":"status-publish","4":"has-post-thumbnail","6":"product_brand-daniela-pasqualini","7":"product_cat-abstract","8":"product_cat-mixed-media","9":"product_cat-painting","10":"product_tag-abstract-art","11":"product_tag-colorful-artwork","12":"product_tag-colors","13":"product_shipping_class-large","15":"first","16":"instock","17":"sold-individually","18":"shipping-taxable","19":"purchasable","20":"product-type-simple"},"acf":[],"_links":{"self":[{"href":"https:\/\/www.belart-gallery.com\/fr\/wp-json\/wp\/v2\/product\/8165","targetHints":{"allow":["GET"]}}],"collection":[{"href":"https:\/\/www.belart-gallery.com\/fr\/wp-json\/wp\/v2\/product"}],"about":[{"href":"https:\/\/www.belart-gallery.com\/fr\/wp-json\/wp\/v2\/types\/product"}],"wp:featuredmedia":[{"embeddable":true,"href":"https:\/\/www.belart-gallery.com\/fr\/wp-json\/wp\/v2\/media\/2668"}],"wp:attachment":[{"href":"https:\/\/www.belart-gallery.com\/fr\/wp-json\/wp\/v2\/media?parent=8165"}],"wp:term":[{"taxonomy":"product_brand","embeddable":true,"href":"https:\/\/www.belart-gallery.com\/fr\/wp-json\/wp\/v2\/product_brand?post=8165"},{"taxonomy":"product_cat","embeddable":true,"href":"https:\/\/www.belart-gallery.com\/fr\/wp-json\/wp\/v2\/product_cat?post=8165"},{"taxonomy":"product_tag","embeddable":true,"href":"https:\/\/www.belart-gallery.com\/fr\/wp-json\/wp\/v2\/product_tag?post=8165"},{"taxonomy":"department","embeddable":true,"href":"https:\/\/www.belart-gallery.com\/fr\/wp-json\/wp\/v2\/department?post=8165"}],"curies":[{"name":"wp","href":"https:\/\/api.w.org\/{rel}","templated":true}]}}