{"id":8174,"date":"2025-04-28T15:47:37","date_gmt":"2025-04-28T15:47:37","guid":{"rendered":"https:\/\/belart-gallery.com\/product-page\/golden-view-painting-acrylic-on-canvas\/"},"modified":"2025-07-16T09:45:43","modified_gmt":"2025-07-16T09:45:43","slug":"daniela-pasqualini-golden-view-painting-acrylic-on-canvas","status":"publish","type":"product","link":"https:\/\/www.belart-gallery.com\/fr\/product-page\/daniela-pasqualini-golden-view-painting-acrylic-on-canvas\/","title":{"rendered":"Golden view, Painting, Acrylic on Canvas"},"content":{"rendered":"<p>L'\u0153uvre peut \u00eatre retir\u00e9e \u00e0 la galerie BelArt \u00e0 Bruxelles, Belgique, ou peut \u00eatre livr\u00e9e \u00e0 l'adresse de votre choix dans un d\u00e9lai de 2 \u00e0 3 semaines apr\u00e8s la confirmation de votre commande. L'\u0153uvre est assur\u00e9e pendant le transport, il n'y a donc aucun risque. Origine : Belgique : Belgique.<\/p>\n<p>&nbsp;<\/p>\n<p>Paysage introspectif \u00e9th\u00e9r\u00e9 oppos\u00e9 \u00e0 un paysage r\u00e9aliste. Peint au pinceau et \u00e0 la palette - Feuilles d'or et feuilles d'argent. Champagne Floating Frame Technique mixte sur toile. Une derni\u00e8re couche de vernis pr\u00e9serve les couleurs pour une longue p\u00e9riode et prot\u00e8ge la peinture de la poussi\u00e8re et des rayons UV. Le tableau est sign\u00e9 au recto et dat\u00e9 avec le nom au verso. Certificat d'authenticit\u00e9 inclus.<\/p>","protected":false},"excerpt":{"rendered":"<p>The artwork is available for pickup at BelArt Gallery in Brussels, Belgium, or it can be delivered to the address of your choice within 2 to 3 weeks after your order is confirmed. The artwork is insured during transportation, so there&#8217;s no risk. Origin: Belgium. &nbsp; Ethereal introspective landscape opposed to realistic one. Painted with [&hellip;]<\/p>","protected":false},"featured_media":2771,"template":"","meta":{"_acf_changed":false,"inline_featured_image":false,"_monsterinsights_skip_tracking":false,"_monsterinsights_sitenote_active":false,"_monsterinsights_sitenote_note":"","_monsterinsights_sitenote_category":0},"product_brand":[],"product_cat":[27,36],"product_tag":[117,169],"department":[],"class_list":{"0":"post-8174","1":"product","2":"type-product","3":"status-publish","4":"has-post-thumbnail","6":"product_cat-abstract","7":"product_cat-painting","8":"product_tag-abstract-art","9":"product_tag-colors","10":"product_shipping_class-extra-large","12":"first","13":"instock","14":"sold-individually","15":"shipping-taxable","16":"purchasable","17":"product-type-simple"},"acf":[],"_links":{"self":[{"href":"https:\/\/www.belart-gallery.com\/fr\/wp-json\/wp\/v2\/product\/8174","targetHints":{"allow":["GET"]}}],"collection":[{"href":"https:\/\/www.belart-gallery.com\/fr\/wp-json\/wp\/v2\/product"}],"about":[{"href":"https:\/\/www.belart-gallery.com\/fr\/wp-json\/wp\/v2\/types\/product"}],"wp:featuredmedia":[{"embeddable":true,"href":"https:\/\/www.belart-gallery.com\/fr\/wp-json\/wp\/v2\/media\/2771"}],"wp:attachment":[{"href":"https:\/\/www.belart-gallery.com\/fr\/wp-json\/wp\/v2\/media?parent=8174"}],"wp:term":[{"taxonomy":"product_brand","embeddable":true,"href":"https:\/\/www.belart-gallery.com\/fr\/wp-json\/wp\/v2\/product_brand?post=8174"},{"taxonomy":"product_cat","embeddable":true,"href":"https:\/\/www.belart-gallery.com\/fr\/wp-json\/wp\/v2\/product_cat?post=8174"},{"taxonomy":"product_tag","embeddable":true,"href":"https:\/\/www.belart-gallery.com\/fr\/wp-json\/wp\/v2\/product_tag?post=8174"},{"taxonomy":"department","embeddable":true,"href":"https:\/\/www.belart-gallery.com\/fr\/wp-json\/wp\/v2\/department?post=8174"}],"curies":[{"name":"wp","href":"https:\/\/api.w.org\/{rel}","templated":true}]}}