{"id":8179,"date":"2025-04-28T15:47:38","date_gmt":"2025-04-28T15:47:38","guid":{"rendered":"https:\/\/belart-gallery.com\/product-page\/golden-embrace-of-morning\/"},"modified":"2025-07-22T11:22:06","modified_gmt":"2025-07-22T11:22:06","slug":"nadin-antoniuk-golden-embrace-of-morning","status":"publish","type":"product","link":"https:\/\/www.belart-gallery.com\/fr\/product-page\/nadin-antoniuk-golden-embrace-of-morning\/","title":{"rendered":"Golden Embrace of Morning"},"content":{"rendered":"<p>L'\u0153uvre peut \u00eatre retir\u00e9e \u00e0 la galerie BelArt \u00e0 Bruxelles, Belgique, ou peut \u00eatre livr\u00e9e \u00e0 l'adresse de votre choix dans un d\u00e9lai de 2 \u00e0 3 semaines apr\u00e8s la confirmation de votre commande. L'\u0153uvre est assur\u00e9e pendant le transport, il n'y a donc aucun risque. Origine : Belgique : Belgique.<\/p>\n<p>&nbsp;<\/p>\n<p>To love life is to stand in awe of its smallest miracles, like the play of colors that greet the day. The pinks and golds of sunrise whisper to us of life\u2019s fleeting nature, echoing Marcus Aurelius\u2019s wisdom: &#8220;When you arise in the morning, think of what a privilege it is to be alive\u2014to breathe, to think, to enjoy, to love.&#8221; It is in these tranquil moments that we are invited to renew our commitment to joy, to gratitude, and to the quiet, persistent beauty of simply being. Dawn asks nothing of us but our presence\u2014a reminder that life\u2019s most profound gifts are often the simplest.<\/p>\n<p>Title: &#8220;Golden Embrace of Morning&#8221;<\/p>\n<p>Art 400292<br \/>\nPainting is made using multi-layer paint technique.<br \/>\nPainting style &#8211; the paint is applied in threads. The threads of paint seem to intertwine, creating their own canvas. Painting is made using multi-layer paint technique. A million multi-colored splashes dry before each subsequent coat of a colored the threads of paint is applied. In general, the painting has more then 50 layers of the application of colorful splashes.<\/p>\n<p>\u2022 Size of the painting: 78\u201d x 47\u201d\/ 200 x 120 cm.<br \/>\n\u2022 Size of canvas with borders: 82\u201d x 50\u201d\/ 210x 128 cm.<\/p>\n<p>The painting has additional 3-4&#8243; (7-10 cm.) borders around the art for convenient stretching.<br \/>\nAdditional borders of the canvas are painted so after straching it can be hanged with or without a frame as preferred.<\/p>\n<p>Non \u00e9tir\u00e9. Vous le recevrez roul\u00e9, dans un tube. Pr\u00eat \u00e0 \u00eatre \u00e9tir\u00e9.<br \/>\nI recommend stretching your painting in a local custom framing shop. It will be the most affordable and easy way for you to get a big stretched canvas.<\/p>","protected":false},"excerpt":{"rendered":"<p>The artwork is available for pickup at BelArt Gallery in Brussels, Belgium, or it can be delivered to the address of your choice within 2 to 3 weeks after your order is confirmed. The artwork is insured during transportation, so there&#8217;s no risk. Origin: Belgium. &nbsp; To love life is to stand in awe of [&hellip;]<\/p>","protected":false},"featured_media":2817,"template":"","meta":{"_acf_changed":false,"inline_featured_image":false,"_monsterinsights_skip_tracking":false,"_monsterinsights_sitenote_active":false,"_monsterinsights_sitenote_note":"","_monsterinsights_sitenote_category":0},"product_brand":[187],"product_cat":[36],"product_tag":[],"department":[],"class_list":{"0":"post-8179","1":"product","2":"type-product","3":"status-publish","4":"has-post-thumbnail","6":"product_brand-nadin-antoniuk","7":"product_cat-painting","9":"first","10":"outofstock","11":"shipping-taxable","12":"purchasable","13":"product-type-simple"},"acf":[],"_links":{"self":[{"href":"https:\/\/www.belart-gallery.com\/fr\/wp-json\/wp\/v2\/product\/8179","targetHints":{"allow":["GET"]}}],"collection":[{"href":"https:\/\/www.belart-gallery.com\/fr\/wp-json\/wp\/v2\/product"}],"about":[{"href":"https:\/\/www.belart-gallery.com\/fr\/wp-json\/wp\/v2\/types\/product"}],"wp:featuredmedia":[{"embeddable":true,"href":"https:\/\/www.belart-gallery.com\/fr\/wp-json\/wp\/v2\/media\/2817"}],"wp:attachment":[{"href":"https:\/\/www.belart-gallery.com\/fr\/wp-json\/wp\/v2\/media?parent=8179"}],"wp:term":[{"taxonomy":"product_brand","embeddable":true,"href":"https:\/\/www.belart-gallery.com\/fr\/wp-json\/wp\/v2\/product_brand?post=8179"},{"taxonomy":"product_cat","embeddable":true,"href":"https:\/\/www.belart-gallery.com\/fr\/wp-json\/wp\/v2\/product_cat?post=8179"},{"taxonomy":"product_tag","embeddable":true,"href":"https:\/\/www.belart-gallery.com\/fr\/wp-json\/wp\/v2\/product_tag?post=8179"},{"taxonomy":"department","embeddable":true,"href":"https:\/\/www.belart-gallery.com\/fr\/wp-json\/wp\/v2\/department?post=8179"}],"curies":[{"name":"wp","href":"https:\/\/api.w.org\/{rel}","templated":true}]}}